


















{"id":337,"date":"2018-12-03T12:42:40","date_gmt":"2018-12-03T10:42:40","guid":{"rendered":"http:\/\/pq.institutdelteatre.cat\/pq19\/?page_id=337"},"modified":"2020-05-05T17:10:33","modified_gmt":"2020-05-05T15:10:33","slug":"seccio-estudiants","status":"publish","type":"page","link":"https:\/\/pq19.institutdelteatre.cat\/en\/students-section\/","title":{"rendered":"STUDENTS section"},"content":{"rendered":"<p>Far from wanting to do an institutional exhibition, on this occasion we wanted to create a context where students have their own voice connected with the absolute present of their concerns. For this reason, we organised a contest open to all students of higher schools, the Escola Superior d\u2019Art Dram\u00e0tic (ESAD) and the Conservatori Superior de Dansa (CSD).<\/p>\n<p>We only asked for two things: that they formed creation groups that in addition to scenographers included other professional backgrounds from the performing arts, and that they outlined an idea they found interesting to work on in the framework of an international scenography exhibition. An idea that comes from their interests as performing arts students, in relation to how they see or understand the profession or in relation to their creative processes.<\/p>\n<p><strong>Projects presented<\/strong><\/p>\n<p>&#8211; <em>F\u00e0brica de Quimeres<\/em> by M\u00edriam Alemany-Garn\u00e9s, Nina L\u00f3pez-Le Galliard, Xavier Or\u00f3 Archs and X\u00e8nia Sendra Luna.<\/p>\n<p>&#8211; Project by Marta L\u00f3pez Figueras, Ona Sallas Batlle, M\u00aa Magdalena Garz\u00f3n Torrandell and Oriol Corral Mero\u00f1o.<\/p>\n<p>&#8211; <em>Fals quadern de viatge<\/em> by Carlota Grau Bag\u00e8s, Cl\u00e0udia Serra Mas and Cristina Vi\u00f1as Marcus.<\/p>\n<p>The winning project is <em>The\u00e1omai<\/em>, by Lola Belles, Sergi Cerdan, Sara Espinosa and Lluc Ubach. A project on creation, contemplation and the involvement of art with the present context and that calls on the audience\u2019s intimate experience.<\/p>","protected":false},"excerpt":{"rendered":"<p>Far from wanting to do an institutional exhibition, on this occasion we wanted to create a context where students have their own voice connected with the absolute present of their concerns. For this reason, we organised a contest open to all students of higher schools, the Escola Superior d\u2019Art Dram\u00e0tic (ESAD) and the Conservatori Superior &#8230; <a title=\"STUDENTS section\" class=\"read-more\" href=\"https:\/\/pq19.institutdelteatre.cat\/en\/students-section\/\" aria-label=\"More on STUDENTS section\">Read more<\/a><\/p>\n","protected":false},"author":1,"featured_media":1725,"parent":0,"menu_order":6,"comment_status":"closed","ping_status":"closed","template":"","meta":[],"yoast_head":"<!-- This site is optimized with the Yoast SEO plugin v14.9 - https:\/\/yoast.com\/wordpress\/plugins\/seo\/ -->\n<title>STUDENTS section - PQ19-Catalunya - INSTITUT DEL TEATRE<\/title>\n<meta name=\"robots\" content=\"index, follow, max-snippet:-1, max-image-preview:large, max-video-preview:-1\" \/>\n<link rel=\"canonical\" href=\"http:\/\/pq19.institutdelteatre.cat\/seccio-estudiants\/\" \/>\n<meta property=\"og:locale\" content=\"en_US\" \/>\n<meta property=\"og:type\" content=\"article\" \/>\n<meta property=\"og:title\" content=\"STUDENTS section - PQ19-Catalunya - INSTITUT DEL TEATRE\" \/>\n<meta property=\"og:description\" content=\"Far from wanting to do an institutional exhibition, on this occasion we wanted to create a context where students have their own voice connected with the absolute present of their concerns. For this reason, we organised a contest open to all students of higher schools, the Escola Superior d\u2019Art Dram\u00e0tic (ESAD) and the Conservatori Superior ... Read more\" \/>\n<meta property=\"og:url\" content=\"http:\/\/pq19.institutdelteatre.cat\/seccio-estudiants\/\" \/>\n<meta property=\"og:site_name\" content=\"PQ19-Catalunya - INSTITUT DEL TEATRE\" \/>\n<meta property=\"article:modified_time\" content=\"2020-05-05T15:10:33+00:00\" \/>\n<meta property=\"og:image\" content=\"https:\/\/pq19.institutdelteatre.cat\/wp-content\/uploads\/estudiants_pq_19.jpg\" \/>\n\t<meta property=\"og:image:width\" content=\"1350\" \/>\n\t<meta property=\"og:image:height\" content=\"900\" \/>\n<meta name=\"twitter:card\" content=\"summary_large_image\" \/>\n<script type=\"application\/ld+json\" class=\"yoast-schema-graph\">{\"@context\":\"https:\/\/schema.org\",\"@graph\":[{\"@type\":\"Organization\",\"@id\":\"https:\/\/pq19.institutdelteatre.cat\/en\/#organization\",\"name\":\"Institut del teatre\",\"url\":\"https:\/\/pq19.institutdelteatre.cat\/en\/\",\"sameAs\":[],\"logo\":{\"@type\":\"ImageObject\",\"@id\":\"https:\/\/pq19.institutdelteatre.cat\/en\/#logo\",\"inLanguage\":\"en-US\",\"url\":\"https:\/\/pq19.institutdelteatre.cat\/wp-content\/uploads\/2018\/10\/logo_institut-teatre.png\",\"width\":280,\"height\":69,\"caption\":\"Institut del teatre\"},\"image\":{\"@id\":\"https:\/\/pq19.institutdelteatre.cat\/en\/#logo\"}},{\"@type\":\"WebSite\",\"@id\":\"https:\/\/pq19.institutdelteatre.cat\/en\/#website\",\"url\":\"https:\/\/pq19.institutdelteatre.cat\/en\/\",\"name\":\"PQ19-Catalunya - INSTITUT DEL TEATRE\",\"description\":\"INSTITUT DEL TEATRE\",\"publisher\":{\"@id\":\"https:\/\/pq19.institutdelteatre.cat\/en\/#organization\"},\"potentialAction\":[{\"@type\":\"SearchAction\",\"target\":\"https:\/\/pq19.institutdelteatre.cat\/en\/?s={search_term_string}\",\"query-input\":\"required name=search_term_string\"}],\"inLanguage\":\"en-US\"},{\"@type\":\"ImageObject\",\"@id\":\"http:\/\/pq19.institutdelteatre.cat\/seccio-estudiants\/#primaryimage\",\"inLanguage\":\"en-US\",\"url\":\"https:\/\/pq19.institutdelteatre.cat\/wp-content\/uploads\/estudiants_pq_19.jpg\",\"width\":1350,\"height\":900,\"caption\":\"\\u00a9 2019 \\u2013 Equip Audiovisuals. Institut del Teatre\"},{\"@type\":\"WebPage\",\"@id\":\"http:\/\/pq19.institutdelteatre.cat\/seccio-estudiants\/#webpage\",\"url\":\"http:\/\/pq19.institutdelteatre.cat\/seccio-estudiants\/\",\"name\":\"STUDENTS section - PQ19-Catalunya - INSTITUT DEL TEATRE\",\"isPartOf\":{\"@id\":\"https:\/\/pq19.institutdelteatre.cat\/en\/#website\"},\"primaryImageOfPage\":{\"@id\":\"http:\/\/pq19.institutdelteatre.cat\/seccio-estudiants\/#primaryimage\"},\"datePublished\":\"2018-12-03T10:42:40+00:00\",\"dateModified\":\"2020-05-05T15:10:33+00:00\",\"breadcrumb\":{\"@id\":\"http:\/\/pq19.institutdelteatre.cat\/seccio-estudiants\/#breadcrumb\"},\"inLanguage\":\"en-US\",\"potentialAction\":[{\"@type\":\"ReadAction\",\"target\":[\"http:\/\/pq19.institutdelteatre.cat\/seccio-estudiants\/\"]}]},{\"@type\":\"BreadcrumbList\",\"@id\":\"http:\/\/pq19.institutdelteatre.cat\/seccio-estudiants\/#breadcrumb\",\"itemListElement\":[{\"@type\":\"ListItem\",\"position\":1,\"item\":{\"@type\":\"WebPage\",\"@id\":\"http:\/\/pq19.institutdelteatre.cat\/\",\"url\":\"http:\/\/pq19.institutdelteatre.cat\/\",\"name\":\"Home\"}},{\"@type\":\"ListItem\",\"position\":2,\"item\":{\"@type\":\"WebPage\",\"@id\":\"http:\/\/pq19.institutdelteatre.cat\/seccio-estudiants\/\",\"url\":\"http:\/\/pq19.institutdelteatre.cat\/seccio-estudiants\/\",\"name\":\"Secci\\u00f3 ESTUDIANTS\"}}]}]}<\/script>\n<!-- \/ Yoast SEO plugin. -->","_links":{"self":[{"href":"https:\/\/pq19.institutdelteatre.cat\/en\/wp-json\/wp\/v2\/pages\/337"}],"collection":[{"href":"https:\/\/pq19.institutdelteatre.cat\/en\/wp-json\/wp\/v2\/pages"}],"about":[{"href":"https:\/\/pq19.institutdelteatre.cat\/en\/wp-json\/wp\/v2\/types\/page"}],"author":[{"embeddable":true,"href":"https:\/\/pq19.institutdelteatre.cat\/en\/wp-json\/wp\/v2\/users\/1"}],"replies":[{"embeddable":true,"href":"https:\/\/pq19.institutdelteatre.cat\/en\/wp-json\/wp\/v2\/comments?post=337"}],"version-history":[{"count":10,"href":"https:\/\/pq19.institutdelteatre.cat\/en\/wp-json\/wp\/v2\/pages\/337\/revisions"}],"predecessor-version":[{"id":1811,"href":"https:\/\/pq19.institutdelteatre.cat\/en\/wp-json\/wp\/v2\/pages\/337\/revisions\/1811"}],"wp:featuredmedia":[{"embeddable":true,"href":"https:\/\/pq19.institutdelteatre.cat\/en\/wp-json\/wp\/v2\/media\/1725"}],"wp:attachment":[{"href":"https:\/\/pq19.institutdelteatre.cat\/en\/wp-json\/wp\/v2\/media?parent=337"}],"curies":[{"name":"wp","href":"https:\/\/api.w.org\/{rel}","templated":true}]}}