


















{"id":343,"date":"2018-12-03T12:43:40","date_gmt":"2018-12-03T10:43:40","guid":{"rendered":"http:\/\/pq.institutdelteatre.cat\/pq19\/?page_id=343"},"modified":"2020-05-12T19:38:20","modified_gmt":"2020-05-12T17:38:20","slug":"credits","status":"publish","type":"page","link":"https:\/\/pq19.institutdelteatre.cat\/en\/credits\/","title":{"rendered":"CREDITS"},"content":{"rendered":"<p>PQ19 Catalonia curators _ <strong>Bibiana Puigdef\u00e0bregas<\/strong> and <strong>Marta Rafa<\/strong><br \/>\nTechnical direction PQ19 Catalonia _ <strong>Roger Orra<\/strong><\/p>\n<p>Concept and design Countries and Regions section _ <strong>Laura Clos \u201cClosca\u201d<\/strong>, <strong>Pau Masal\u00f3<\/strong>, <strong>Xesca Salv\u00e0<\/strong>, <strong>Marc Villanueva Mir<\/strong><br \/>\nInvited scenographers <strong>Anna Alcubierre<\/strong>, <strong>Paco Azor\u00edn<\/strong>, <strong>Cube.bz<\/strong>, <strong>S\u00edlvia Delagneau<\/strong>, <strong>Max Glaenzel<\/strong>, <strong>Eugenio Szwarcer<\/strong><\/p>\n<p>Construction _ <strong>Jorba-Mir\u00f3<\/strong>, <strong>Estudi Taller d\u2019Escenografia<\/strong><br \/>\nElectronic design _ <strong>Carlos Franke<\/strong><br \/>\nElectronic design assistant _ <strong>Jakob Boeckh<\/strong><br \/>\nSound design _ <strong>Gerard Valverde<\/strong><br \/>\nVideo _ <strong>Alfonso Ferri<\/strong><br \/>\nVideo assistant _ <strong>Laia Tub\u00edo<\/strong><br \/>\nCzech translation _ <strong>Eli\u0161ka Raiterov\u00e1<\/strong><br \/>\nEnglish voiceover _ <strong>Herbert Graf<\/strong>, <strong>Am\u00e9lie Haller<\/strong>, <strong>Maria Huber<\/strong>, <strong>Martin M\u00fcller<\/strong><br \/>\nCzech voiceover _ <strong>Nina Jacques<\/strong>, <strong>Bo\u0159ek Joura<\/strong>, <strong>Nata\u0161a Mikulov\u00e1<\/strong>, <strong>Ian Mikyska<\/strong><br \/>\nWith special thanks to _ <strong>Eduardo C\u00e1liz<\/strong>, <strong>Toni Cervantes<\/strong>, <strong>Cesca Fora<\/strong><\/p>\n<p>Students Section installation design _ <strong>Lola Belles<\/strong>, <strong>Sergi Cerdan<\/strong>, <strong>Sara Espinosa<\/strong>, <strong>Lluch Ubach<\/strong><br \/>\nConstruction _ <strong>Jorba-Mir\u00f3<\/strong>, <strong>Estudi Taller d\u2019Escenografia<\/strong><br \/>\nSpecial thanks to _ <strong>Anna Gual<\/strong>, poet.<\/p>\n<p>Documentation (photos and videos) _ <strong>Alfonso Ferri<\/strong><br \/>\nImage and website _ <strong>Jaume Roure<\/strong>, <strong>Xavier Colomer<\/strong> and <strong>Jordi Espuny<\/strong><br \/>\nWebsite translations_ <strong>Pere Bramon<\/strong> and <strong>Neil Charlton<\/strong><br \/>\nCatalan proofreading _ <strong>H\u00e8ctor Cesena<\/strong><\/p>\n<p>&nbsp;<\/p>\n<p><strong>Institut del Teatre team involved with PQ19 Catalonia:<\/strong><\/p>\n<p>Director General _ <strong>Magda Puyo<\/strong><br \/>\nManagement _ <strong>Jordi Roig<\/strong><br \/>\nHead of Cultural Services _ <strong>Carles Batlle<\/strong><br \/>\nESAD Director _ <strong>Montse Vellveh\u00ed<\/strong><br \/>\nHead of the Speciality of Scenography _ <strong>Montse Amen\u00f3s<\/strong><br \/>\nCSD Director _ <strong>Alexis Eupierre<\/strong><br \/>\nESTAE Professor_ <strong>Laura Gutierrez<\/strong><br \/>\nProduction _ <strong>Maria Guill\u00e9n<\/strong><br \/>\nCommunication _ <strong>Ruth Tormo<\/strong> and <strong>Mireia Siles<\/strong><\/p>\n<p>Students of the Institut del Teatre who contribute to the Prague Quadrennial 2019 _ <strong>J\u00falia Bauer<\/strong>, <strong>Andrea Bel<\/strong>, <strong>Ivan Cascon<\/strong>, <strong>X\u00e8nia Cub\u00ed<\/strong>, <strong>Ivet Duran<\/strong>, <strong>Maria Garcia<\/strong>, <strong>Ona Guilera<\/strong>, <strong>Lluc Mart\u00ed<\/strong>, <strong>Alba Paituv\u00ed<\/strong>, <strong>Lloren\u00e7 P\u00e9rez<\/strong>, <strong>Josep Pijuan<\/strong>, <strong>Ona Sallas<\/strong> and <strong>Joan Xanc\u00f3<\/strong>.<br \/>\nSpecial contribution to the PQ Talks: <strong>Joan M. Minguet<\/strong><\/p>","protected":false},"excerpt":{"rendered":"<p>PQ19 Catalonia curators _ Bibiana Puigdef\u00e0bregas and Marta Rafa Technical direction PQ19 Catalonia _ Roger Orra Concept and design Countries and Regions section _ Laura Clos \u201cClosca\u201d, Pau Masal\u00f3, Xesca Salv\u00e0, Marc Villanueva Mir Invited scenographers Anna Alcubierre, Paco Azor\u00edn, Cube.bz, S\u00edlvia Delagneau, Max Glaenzel, Eugenio Szwarcer Construction _ Jorba-Mir\u00f3, Estudi Taller d\u2019Escenografia Electronic design &#8230; <a title=\"CREDITS\" class=\"read-more\" href=\"https:\/\/pq19.institutdelteatre.cat\/en\/credits\/\" aria-label=\"More on CREDITS\">Read more<\/a><\/p>\n","protected":false},"author":1,"featured_media":1723,"parent":0,"menu_order":9,"comment_status":"closed","ping_status":"closed","template":"","meta":[],"yoast_head":"<!-- This site is optimized with the Yoast SEO plugin v14.9 - https:\/\/yoast.com\/wordpress\/plugins\/seo\/ -->\n<title>CREDITS - PQ19-Catalunya - INSTITUT DEL TEATRE<\/title>\n<meta name=\"robots\" content=\"index, follow, max-snippet:-1, max-image-preview:large, max-video-preview:-1\" \/>\n<link rel=\"canonical\" href=\"http:\/\/pq19.institutdelteatre.cat\/credits\/\" \/>\n<meta property=\"og:locale\" content=\"en_US\" \/>\n<meta property=\"og:type\" content=\"article\" \/>\n<meta property=\"og:title\" content=\"CREDITS - PQ19-Catalunya - INSTITUT DEL TEATRE\" \/>\n<meta property=\"og:description\" content=\"PQ19 Catalonia curators _ Bibiana Puigdef\u00e0bregas and Marta Rafa Technical direction PQ19 Catalonia _ Roger Orra Concept and design Countries and Regions section _ Laura Clos \u201cClosca\u201d, Pau Masal\u00f3, Xesca Salv\u00e0, Marc Villanueva Mir Invited scenographers Anna Alcubierre, Paco Azor\u00edn, Cube.bz, S\u00edlvia Delagneau, Max Glaenzel, Eugenio Szwarcer Construction _ Jorba-Mir\u00f3, Estudi Taller d\u2019Escenografia Electronic design ... Read more\" \/>\n<meta property=\"og:url\" content=\"http:\/\/pq19.institutdelteatre.cat\/credits\/\" \/>\n<meta property=\"og:site_name\" content=\"PQ19-Catalunya - INSTITUT DEL TEATRE\" \/>\n<meta property=\"article:modified_time\" content=\"2020-05-12T17:38:20+00:00\" \/>\n<meta property=\"og:image\" content=\"https:\/\/pq19.institutdelteatre.cat\/wp-content\/uploads\/credits_pq_19.jpg\" \/>\n\t<meta property=\"og:image:width\" content=\"1350\" \/>\n\t<meta property=\"og:image:height\" content=\"900\" \/>\n<meta name=\"twitter:card\" content=\"summary_large_image\" \/>\n<script type=\"application\/ld+json\" class=\"yoast-schema-graph\">{\"@context\":\"https:\/\/schema.org\",\"@graph\":[{\"@type\":\"Organization\",\"@id\":\"https:\/\/pq19.institutdelteatre.cat\/en\/#organization\",\"name\":\"Institut del teatre\",\"url\":\"https:\/\/pq19.institutdelteatre.cat\/en\/\",\"sameAs\":[],\"logo\":{\"@type\":\"ImageObject\",\"@id\":\"https:\/\/pq19.institutdelteatre.cat\/en\/#logo\",\"inLanguage\":\"en-US\",\"url\":\"https:\/\/pq19.institutdelteatre.cat\/wp-content\/uploads\/2018\/10\/logo_institut-teatre.png\",\"width\":280,\"height\":69,\"caption\":\"Institut del teatre\"},\"image\":{\"@id\":\"https:\/\/pq19.institutdelteatre.cat\/en\/#logo\"}},{\"@type\":\"WebSite\",\"@id\":\"https:\/\/pq19.institutdelteatre.cat\/en\/#website\",\"url\":\"https:\/\/pq19.institutdelteatre.cat\/en\/\",\"name\":\"PQ19-Catalunya - INSTITUT DEL TEATRE\",\"description\":\"INSTITUT DEL TEATRE\",\"publisher\":{\"@id\":\"https:\/\/pq19.institutdelteatre.cat\/en\/#organization\"},\"potentialAction\":[{\"@type\":\"SearchAction\",\"target\":\"https:\/\/pq19.institutdelteatre.cat\/en\/?s={search_term_string}\",\"query-input\":\"required name=search_term_string\"}],\"inLanguage\":\"en-US\"},{\"@type\":\"ImageObject\",\"@id\":\"http:\/\/pq19.institutdelteatre.cat\/credits\/#primaryimage\",\"inLanguage\":\"en-US\",\"url\":\"https:\/\/pq19.institutdelteatre.cat\/wp-content\/uploads\/credits_pq_19.jpg\",\"width\":1350,\"height\":900,\"caption\":\"\\u00a9 2019 \\u2013 Equip Audiovisuals. Institut del Teatre\"},{\"@type\":\"WebPage\",\"@id\":\"http:\/\/pq19.institutdelteatre.cat\/credits\/#webpage\",\"url\":\"http:\/\/pq19.institutdelteatre.cat\/credits\/\",\"name\":\"CREDITS - PQ19-Catalunya - INSTITUT DEL TEATRE\",\"isPartOf\":{\"@id\":\"https:\/\/pq19.institutdelteatre.cat\/en\/#website\"},\"primaryImageOfPage\":{\"@id\":\"http:\/\/pq19.institutdelteatre.cat\/credits\/#primaryimage\"},\"datePublished\":\"2018-12-03T10:43:40+00:00\",\"dateModified\":\"2020-05-12T17:38:20+00:00\",\"breadcrumb\":{\"@id\":\"http:\/\/pq19.institutdelteatre.cat\/credits\/#breadcrumb\"},\"inLanguage\":\"en-US\",\"potentialAction\":[{\"@type\":\"ReadAction\",\"target\":[\"http:\/\/pq19.institutdelteatre.cat\/credits\/\"]}]},{\"@type\":\"BreadcrumbList\",\"@id\":\"http:\/\/pq19.institutdelteatre.cat\/credits\/#breadcrumb\",\"itemListElement\":[{\"@type\":\"ListItem\",\"position\":1,\"item\":{\"@type\":\"WebPage\",\"@id\":\"http:\/\/pq19.institutdelteatre.cat\/\",\"url\":\"http:\/\/pq19.institutdelteatre.cat\/\",\"name\":\"Home\"}},{\"@type\":\"ListItem\",\"position\":2,\"item\":{\"@type\":\"WebPage\",\"@id\":\"http:\/\/pq19.institutdelteatre.cat\/credits\/\",\"url\":\"http:\/\/pq19.institutdelteatre.cat\/credits\/\",\"name\":\"CR\\u00c8DITS\"}}]}]}<\/script>\n<!-- \/ Yoast SEO plugin. -->","_links":{"self":[{"href":"https:\/\/pq19.institutdelteatre.cat\/en\/wp-json\/wp\/v2\/pages\/343"}],"collection":[{"href":"https:\/\/pq19.institutdelteatre.cat\/en\/wp-json\/wp\/v2\/pages"}],"about":[{"href":"https:\/\/pq19.institutdelteatre.cat\/en\/wp-json\/wp\/v2\/types\/page"}],"author":[{"embeddable":true,"href":"https:\/\/pq19.institutdelteatre.cat\/en\/wp-json\/wp\/v2\/users\/1"}],"replies":[{"embeddable":true,"href":"https:\/\/pq19.institutdelteatre.cat\/en\/wp-json\/wp\/v2\/comments?post=343"}],"version-history":[{"count":24,"href":"https:\/\/pq19.institutdelteatre.cat\/en\/wp-json\/wp\/v2\/pages\/343\/revisions"}],"predecessor-version":[{"id":1829,"href":"https:\/\/pq19.institutdelteatre.cat\/en\/wp-json\/wp\/v2\/pages\/343\/revisions\/1829"}],"wp:featuredmedia":[{"embeddable":true,"href":"https:\/\/pq19.institutdelteatre.cat\/en\/wp-json\/wp\/v2\/media\/1723"}],"wp:attachment":[{"href":"https:\/\/pq19.institutdelteatre.cat\/en\/wp-json\/wp\/v2\/media?parent=343"}],"curies":[{"name":"wp","href":"https:\/\/api.w.org\/{rel}","templated":true}]}}