


















{"id":407,"date":"2018-12-04T14:19:44","date_gmt":"2018-12-04T12:19:44","guid":{"rendered":"http:\/\/pq19.institutdelteatre.cat\/?page_id=407"},"modified":"2020-05-05T17:08:26","modified_gmt":"2020-05-05T15:08:26","slug":"paco-azorin","status":"publish","type":"page","link":"https:\/\/pq19.institutdelteatre.cat\/en\/countries-and-regions-section\/participating-scenographers\/paco-azorin\/","title":{"rendered":"PACO AZOR\u00cdN"},"content":{"rendered":"<p>Since 1996 he has created over 200 stage designs and 100 lighting designs with creators such as Llu\u00eds Pasqual (<em>Hamlet, La tempestad, M\u00f2bil, El caballero de Olmedo, Els fer\u00e9stecs, Quitt<\/em>), Carme Portaceli (<em>Lear, Sopa de pollastre amb ordi, Un enemic del poble, L\u2019auca del senyor Esteve<\/em>), Sergi Belbel (<em>El m\u00e8tode Gr\u00f6nholm<\/em>), V\u00edctor Ullate (<em>Samsara, Carmen, El amor brujo<\/em>), Joan Castells (<em>Ran del cam\u00ed, Ram de mar, Preversions<\/em>), Coco Com\u00edn (<em>Grease, Chicago<\/em>), Ernesto Caballero (<em>Rinoceronte, El jard\u00edn de los cerezos, Galileo Galilei, Inconsolable<\/em>), Miguel del Arco (<em>Refugio, Fuenteovejuna, Federico Hacia Lorca<\/em>); Mario Gas (<em>Cal\u00edgula, El veneno del teatro, S\u00f3crates<\/em>) in theatres such as the Teatre Lliure, Teatre Nacional de Catalunya, Centro Dram\u00e1tico Nacional (Madrid), Teatro Espa\u00f1ol (Madrid), Teatres de la Generalitat Valenciana, Op\u00e9ra National de Paris (<em>Il prigioniero<\/em>), Gran Teatre del Liceu (<em>Le nozze di Figaro<\/em>), Festival Grec (Barcelona), Festival de Oto\u00f1o (Madrid) and Teatro Arriaga (Bilbao).<\/p>\n<p>As a stage director, he has worked at the Festival Shakespeare (<em>Hamlet, el dia dels assassinats<\/em>), Centro Dram\u00e1tico Nacional (<em>Escuadra hacia la muerte<\/em>), Festival de M\u00e9rida (<em>Salom\u00e9, Julio C\u00e9sar, Samson et Dalila<\/em>), Gran Teatre del Liceu (<em>Tosca, La voix humaine, Una voce in off, The monster at the maze<\/em>), Teatro de la Maestranza (<em>Con los pies en la luna, Tosa<\/em>), Festival de Peralada (<em>Otello, La Traviata<\/em>) and Macerata Opera Festival (<em>Otello<\/em>). In 2003 he founded the Festival Shakespeare, the only festival in Spain devoted entirely to the work of the English playwright. He was artistic director of the festival during the first four years.<\/p>\n<p>In the field of teaching, he gives master classes and lectures at the Universidad Internacional de Andaluc\u00eda, Universitat de Barcelona, Universitat de Val\u00e8ncia, Escola Elisava, Universidad Pontificia de Medell\u00edn, Rcr Arquitectes International Workshop of Scenography.<\/p>\n<p>In terms of occasional design of events, he regularly works with Madrid City Council (&#8220;Amigo Awards&#8221;, &#8220;Christmas Campaigns&#8221;, artistic director of the Olympic candidature for Madrid 2012), as well as companies such as SEAT (Golden Dealer Awards).<\/p>","protected":false},"excerpt":{"rendered":"<p>Since 1996 he has created over 200 stage designs and 100 lighting designs with creators such as Llu\u00eds Pasqual (Hamlet, La tempestad, M\u00f2bil, El caballero de Olmedo, Els fer\u00e9stecs, Quitt), Carme Portaceli (Lear, Sopa de pollastre amb ordi, Un enemic del poble, L\u2019auca del senyor Esteve), Sergi Belbel (El m\u00e8tode Gr\u00f6nholm), V\u00edctor Ullate (Samsara, Carmen, &#8230; <a title=\"PACO AZOR\u00cdN\" class=\"read-more\" href=\"https:\/\/pq19.institutdelteatre.cat\/en\/countries-and-regions-section\/participating-scenographers\/paco-azorin\/\" aria-label=\"More on PACO AZOR\u00cdN\">Read more<\/a><\/p>\n","protected":false},"author":1,"featured_media":1154,"parent":331,"menu_order":1,"comment_status":"closed","ping_status":"closed","template":"","meta":[],"yoast_head":"<!-- This site is optimized with the Yoast SEO plugin v14.9 - https:\/\/yoast.com\/wordpress\/plugins\/seo\/ -->\n<title>PACO AZOR\u00cdN - PQ19-Catalunya - INSTITUT DEL TEATRE<\/title>\n<meta name=\"robots\" content=\"index, follow, max-snippet:-1, max-image-preview:large, max-video-preview:-1\" \/>\n<link rel=\"canonical\" href=\"http:\/\/pq19.institutdelteatre.cat\/seccio-paisos-i-regions\/escenografes-participants\/paco-azorin\/\" \/>\n<meta property=\"og:locale\" content=\"en_US\" \/>\n<meta property=\"og:type\" content=\"article\" \/>\n<meta property=\"og:title\" content=\"PACO AZOR\u00cdN - PQ19-Catalunya - INSTITUT DEL TEATRE\" \/>\n<meta property=\"og:description\" content=\"Since 1996 he has created over 200 stage designs and 100 lighting designs with creators such as Llu\u00eds Pasqual (Hamlet, La tempestad, M\u00f2bil, El caballero de Olmedo, Els fer\u00e9stecs, Quitt), Carme Portaceli (Lear, Sopa de pollastre amb ordi, Un enemic del poble, L\u2019auca del senyor Esteve), Sergi Belbel (El m\u00e8tode Gr\u00f6nholm), V\u00edctor Ullate (Samsara, Carmen, ... Read more\" \/>\n<meta property=\"og:url\" content=\"http:\/\/pq19.institutdelteatre.cat\/seccio-paisos-i-regions\/escenografes-participants\/paco-azorin\/\" \/>\n<meta property=\"og:site_name\" content=\"PQ19-Catalunya - INSTITUT DEL TEATRE\" \/>\n<meta property=\"article:modified_time\" content=\"2020-05-05T15:08:26+00:00\" \/>\n<meta property=\"og:image\" content=\"https:\/\/pq19.institutdelteatre.cat\/wp-content\/uploads\/2.4.3.2_Foto_Portada_Azorin.jpg\" \/>\n\t<meta property=\"og:image:width\" content=\"1280\" \/>\n\t<meta property=\"og:image:height\" content=\"853\" \/>\n<meta name=\"twitter:card\" content=\"summary_large_image\" \/>\n<script type=\"application\/ld+json\" class=\"yoast-schema-graph\">{\"@context\":\"https:\/\/schema.org\",\"@graph\":[{\"@type\":\"Organization\",\"@id\":\"https:\/\/pq19.institutdelteatre.cat\/en\/#organization\",\"name\":\"Institut del teatre\",\"url\":\"https:\/\/pq19.institutdelteatre.cat\/en\/\",\"sameAs\":[],\"logo\":{\"@type\":\"ImageObject\",\"@id\":\"https:\/\/pq19.institutdelteatre.cat\/en\/#logo\",\"inLanguage\":\"en-US\",\"url\":\"https:\/\/pq19.institutdelteatre.cat\/wp-content\/uploads\/2018\/10\/logo_institut-teatre.png\",\"width\":280,\"height\":69,\"caption\":\"Institut del teatre\"},\"image\":{\"@id\":\"https:\/\/pq19.institutdelteatre.cat\/en\/#logo\"}},{\"@type\":\"WebSite\",\"@id\":\"https:\/\/pq19.institutdelteatre.cat\/en\/#website\",\"url\":\"https:\/\/pq19.institutdelteatre.cat\/en\/\",\"name\":\"PQ19-Catalunya - INSTITUT DEL TEATRE\",\"description\":\"INSTITUT DEL TEATRE\",\"publisher\":{\"@id\":\"https:\/\/pq19.institutdelteatre.cat\/en\/#organization\"},\"potentialAction\":[{\"@type\":\"SearchAction\",\"target\":\"https:\/\/pq19.institutdelteatre.cat\/en\/?s={search_term_string}\",\"query-input\":\"required name=search_term_string\"}],\"inLanguage\":\"en-US\"},{\"@type\":\"ImageObject\",\"@id\":\"http:\/\/pq19.institutdelteatre.cat\/seccio-paisos-i-regions\/escenografes-participants\/paco-azorin\/#primaryimage\",\"inLanguage\":\"en-US\",\"url\":\"https:\/\/pq19.institutdelteatre.cat\/wp-content\/uploads\/2.4.3.2_Foto_Portada_Azorin.jpg\",\"width\":1280,\"height\":853,\"caption\":\"\\u00a92019\"},{\"@type\":\"WebPage\",\"@id\":\"http:\/\/pq19.institutdelteatre.cat\/seccio-paisos-i-regions\/escenografes-participants\/paco-azorin\/#webpage\",\"url\":\"http:\/\/pq19.institutdelteatre.cat\/seccio-paisos-i-regions\/escenografes-participants\/paco-azorin\/\",\"name\":\"PACO AZOR\\u00cdN - PQ19-Catalunya - INSTITUT DEL TEATRE\",\"isPartOf\":{\"@id\":\"https:\/\/pq19.institutdelteatre.cat\/en\/#website\"},\"primaryImageOfPage\":{\"@id\":\"http:\/\/pq19.institutdelteatre.cat\/seccio-paisos-i-regions\/escenografes-participants\/paco-azorin\/#primaryimage\"},\"datePublished\":\"2018-12-04T12:19:44+00:00\",\"dateModified\":\"2020-05-05T15:08:26+00:00\",\"breadcrumb\":{\"@id\":\"http:\/\/pq19.institutdelteatre.cat\/seccio-paisos-i-regions\/escenografes-participants\/paco-azorin\/#breadcrumb\"},\"inLanguage\":\"en-US\",\"potentialAction\":[{\"@type\":\"ReadAction\",\"target\":[\"http:\/\/pq19.institutdelteatre.cat\/seccio-paisos-i-regions\/escenografes-participants\/paco-azorin\/\"]}]},{\"@type\":\"BreadcrumbList\",\"@id\":\"http:\/\/pq19.institutdelteatre.cat\/seccio-paisos-i-regions\/escenografes-participants\/paco-azorin\/#breadcrumb\",\"itemListElement\":[{\"@type\":\"ListItem\",\"position\":1,\"item\":{\"@type\":\"WebPage\",\"@id\":\"http:\/\/pq19.institutdelteatre.cat\/\",\"url\":\"http:\/\/pq19.institutdelteatre.cat\/\",\"name\":\"Home\"}},{\"@type\":\"ListItem\",\"position\":2,\"item\":{\"@type\":\"WebPage\",\"@id\":\"http:\/\/pq19.institutdelteatre.cat\/seccio-paisos-i-regions\/\",\"url\":\"http:\/\/pq19.institutdelteatre.cat\/seccio-paisos-i-regions\/\",\"name\":\"Secci\\u00f3 PA\\u00cfSOS I REGIONS\"}},{\"@type\":\"ListItem\",\"position\":3,\"item\":{\"@type\":\"WebPage\",\"@id\":\"http:\/\/pq19.institutdelteatre.cat\/seccio-paisos-i-regions\/escenografes-participants\/\",\"url\":\"http:\/\/pq19.institutdelteatre.cat\/seccio-paisos-i-regions\/escenografes-participants\/\",\"name\":\"ESCEN\\u00d2GRAFES PARTICIPANTS\"}},{\"@type\":\"ListItem\",\"position\":4,\"item\":{\"@type\":\"WebPage\",\"@id\":\"http:\/\/pq19.institutdelteatre.cat\/seccio-paisos-i-regions\/escenografes-participants\/paco-azorin\/\",\"url\":\"http:\/\/pq19.institutdelteatre.cat\/seccio-paisos-i-regions\/escenografes-participants\/paco-azorin\/\",\"name\":\"PACO AZOR\\u00cdN\"}}]}]}<\/script>\n<!-- \/ Yoast SEO plugin. -->","_links":{"self":[{"href":"https:\/\/pq19.institutdelteatre.cat\/en\/wp-json\/wp\/v2\/pages\/407"}],"collection":[{"href":"https:\/\/pq19.institutdelteatre.cat\/en\/wp-json\/wp\/v2\/pages"}],"about":[{"href":"https:\/\/pq19.institutdelteatre.cat\/en\/wp-json\/wp\/v2\/types\/page"}],"author":[{"embeddable":true,"href":"https:\/\/pq19.institutdelteatre.cat\/en\/wp-json\/wp\/v2\/users\/1"}],"replies":[{"embeddable":true,"href":"https:\/\/pq19.institutdelteatre.cat\/en\/wp-json\/wp\/v2\/comments?post=407"}],"version-history":[{"count":14,"href":"https:\/\/pq19.institutdelteatre.cat\/en\/wp-json\/wp\/v2\/pages\/407\/revisions"}],"predecessor-version":[{"id":1809,"href":"https:\/\/pq19.institutdelteatre.cat\/en\/wp-json\/wp\/v2\/pages\/407\/revisions\/1809"}],"up":[{"embeddable":true,"href":"https:\/\/pq19.institutdelteatre.cat\/en\/wp-json\/wp\/v2\/pages\/331"}],"wp:featuredmedia":[{"embeddable":true,"href":"https:\/\/pq19.institutdelteatre.cat\/en\/wp-json\/wp\/v2\/media\/1154"}],"wp:attachment":[{"href":"https:\/\/pq19.institutdelteatre.cat\/en\/wp-json\/wp\/v2\/media?parent=407"}],"curies":[{"name":"wp","href":"https:\/\/api.w.org\/{rel}","templated":true}]}}