


















{"id":184,"date":"2018-11-27T19:16:37","date_gmt":"2018-11-27T17:16:37","guid":{"rendered":"http:\/\/84.88.82.27\/pq19\/?page_id=184"},"modified":"2020-05-05T16:11:58","modified_gmt":"2020-05-05T14:11:58","slug":"seccio-paisos-i-regions","status":"publish","type":"page","link":"https:\/\/pq19.institutdelteatre.cat\/es\/seccion-paises-y-regiones\/","title":{"rendered":"Secci\u00f3n PA\u00cdSES Y REGIONES"},"content":{"rendered":"<p>Nuestra participaci\u00f3n en la secci\u00f3n de Pa\u00edses y Regiones nace con la voluntad de visualizar la riqueza que tiene la actividad escenogr\u00e1fica en Catalu\u00f1a y que est\u00e1 configurada por una gran variedad de perfiles profesionales y de intereses colectivos. Con este objetivo hemos puesto en contacto a dos generaciones, una con una trayectoria profesional consolidada y la otra m\u00e1s joven y que empieza a ser reconocida. La segunda ha recibido el encargo de hacer una propuesta expositiva libre teniendo como tema de fondo a seis escen\u00f3grafos de la generaci\u00f3n anterior.<\/p>\n<p>Los profesionales sobre los que gira la instalaci\u00f3n representan seis maneras muy diferenciadas de entender el oficio. Cada uno ha explorado campos de reflexi\u00f3n y creaci\u00f3n suficientemente particulares y ha contribuido a ampliar y a enriquecer la actividad de Catalu\u00f1a. Hablamos de <strong>Anna Alcubierre<\/strong>, <strong>Paco Azor\u00edn<\/strong>, <strong>Cube.bz<\/strong>, <strong>S\u00edlvia Delagneau<\/strong>, <strong>Max Glaenzel<\/strong> y <strong>Eugenio Szwarcer<\/strong>.<\/p>\n<p>Los cuatro j\u00f3venes profesionales invitados a crear la instalaci\u00f3n de Catalu\u00f1a son dos escen\u00f3grafas y dos dramaturgos graduados en los \u00faltimos a\u00f1os por el Institut del Teatre, <strong>Laura Clos \u00abClosca\u00bb<\/strong>, <strong>Pau Masal\u00f3<\/strong>, <strong>Xesca Salv\u00e0<\/strong> y <strong>Marc Villanueva<\/strong>. Ellos nos proponen un juego esc\u00e9nico, una instalaci\u00f3n interactiva, que revisando y reflexionando sobre diversos conflictos sociales acaecidos entre 2004 y 2018 en Barcelona nos permite conocer a los seis escen\u00f3grafos o, al rev\u00e9s, jugando con los escen\u00f3grafos nos ofrece la posibilidad de tomar conciencia de los seis conflictos que se han vivido en Catalu\u00f1a.<\/p>","protected":false},"excerpt":{"rendered":"<p>Nuestra participaci\u00f3n en la secci\u00f3n de Pa\u00edses y Regiones nace con la voluntad de visualizar la riqueza que tiene la actividad escenogr\u00e1fica en Catalu\u00f1a y que est\u00e1 configurada por una gran variedad de perfiles profesionales y de intereses colectivos. Con este objetivo hemos puesto en contacto a dos generaciones, una con una trayectoria profesional consolidada &#8230; <a title=\"Secci\u00f3n PA\u00cdSES Y REGIONES\" class=\"read-more\" href=\"https:\/\/pq19.institutdelteatre.cat\/es\/seccion-paises-y-regiones\/\" aria-label=\"M\u00e1s en Secci\u00f3n PA\u00cdSES Y REGIONES\">Read more<\/a><\/p>\n","protected":false},"author":1,"featured_media":1728,"parent":0,"menu_order":5,"comment_status":"closed","ping_status":"closed","template":"","meta":[],"yoast_head":"<!-- This site is optimized with the Yoast SEO plugin v14.9 - https:\/\/yoast.com\/wordpress\/plugins\/seo\/ -->\n<title>Secci\u00f3n PA\u00cdSES Y REGIONES - PQ19-Catalunya - INSTITUT DEL TEATRE<\/title>\n<meta name=\"description\" content=\"(Catal\u00e0) La nostra participaci\u00f3 a la secci\u00f3 de Pa\u00efsos i Regions neix amb la voluntat de visualitzar la riquesa de l\u2019activitat escenogr\u00e0fica a Catalunya, configurada per una gran varietat de perfils professionals i d\u2019interessos creatius. Amb aquest objectiu hem posat en contacte dues generacions, l\u2019una amb una traject\u00f2ria professional consolidada i l\u2019altra, m\u00e9s jove i que comen\u00e7a a ser reconeguda. La segona ha rebut l\u2019enc\u00e0rrec de fer una proposta expositiva lliure tenint com a tema de fons sis escen\u00f2grafs de l\u2019anterior generaci\u00f3.\" \/>\n<meta name=\"robots\" content=\"index, follow, max-snippet:-1, max-image-preview:large, max-video-preview:-1\" \/>\n<link rel=\"canonical\" href=\"http:\/\/pq19.institutdelteatre.cat\/seccio-paisos-i-regions\/\" \/>\n<meta property=\"og:locale\" content=\"es_ES\" \/>\n<meta property=\"og:type\" content=\"article\" \/>\n<meta property=\"og:title\" content=\"Secci\u00f3n PA\u00cdSES Y REGIONES - PQ19-Catalunya - INSTITUT DEL TEATRE\" \/>\n<meta property=\"og:description\" content=\"{:ca}La nostra participaci\u00f3 a la secci\u00f3 de Pa\u00efsos i Regions neix amb la voluntat de visualitzar la riquesa de l\u2019activitat escenogr\u00e0fica a Catalunya, configurada per una gran varietat de perfils professionals i d\u2019interessos creatius. Amb aquest objectiu hem posat en contacte dues generacions, l\u2019una amb una traject\u00f2ria professional consolidada i l\u2019altra, m\u00e9s jove i que comen\u00e7a a ser reconeguda. La segona ha rebut l\u2019enc\u00e0rrec de fer una proposta expositiva lliure tenint com a tema de fons sis escen\u00f2grafs de l\u2019anterior generaci\u00f3.{:}\" \/>\n<meta property=\"og:url\" content=\"http:\/\/pq19.institutdelteatre.cat\/seccio-paisos-i-regions\/\" \/>\n<meta property=\"og:site_name\" content=\"PQ19-Catalunya - INSTITUT DEL TEATRE\" \/>\n<meta property=\"article:modified_time\" content=\"2020-05-05T14:11:58+00:00\" \/>\n<meta property=\"og:image\" content=\"https:\/\/pq19.institutdelteatre.cat\/wp-content\/uploads\/paisos-i-regions_pq_19.jpg\" \/>\n\t<meta property=\"og:image:width\" content=\"1350\" \/>\n\t<meta property=\"og:image:height\" content=\"900\" \/>\n<meta name=\"twitter:card\" content=\"summary_large_image\" \/>\n<script type=\"application\/ld+json\" class=\"yoast-schema-graph\">{\"@context\":\"https:\/\/schema.org\",\"@graph\":[{\"@type\":\"Organization\",\"@id\":\"https:\/\/pq19.institutdelteatre.cat\/es\/#organization\",\"name\":\"Institut del teatre\",\"url\":\"https:\/\/pq19.institutdelteatre.cat\/es\/\",\"sameAs\":[],\"logo\":{\"@type\":\"ImageObject\",\"@id\":\"https:\/\/pq19.institutdelteatre.cat\/es\/#logo\",\"inLanguage\":\"es\",\"url\":\"https:\/\/pq19.institutdelteatre.cat\/wp-content\/uploads\/2018\/10\/logo_institut-teatre.png\",\"width\":280,\"height\":69,\"caption\":\"Institut del teatre\"},\"image\":{\"@id\":\"https:\/\/pq19.institutdelteatre.cat\/es\/#logo\"}},{\"@type\":\"WebSite\",\"@id\":\"https:\/\/pq19.institutdelteatre.cat\/es\/#website\",\"url\":\"https:\/\/pq19.institutdelteatre.cat\/es\/\",\"name\":\"PQ19-Catalunya - INSTITUT DEL TEATRE\",\"description\":\"INSTITUT DEL TEATRE\",\"publisher\":{\"@id\":\"https:\/\/pq19.institutdelteatre.cat\/es\/#organization\"},\"potentialAction\":[{\"@type\":\"SearchAction\",\"target\":\"https:\/\/pq19.institutdelteatre.cat\/es\/?s={search_term_string}\",\"query-input\":\"required name=search_term_string\"}],\"inLanguage\":\"es\"},{\"@type\":\"ImageObject\",\"@id\":\"http:\/\/pq19.institutdelteatre.cat\/seccio-paisos-i-regions\/#primaryimage\",\"inLanguage\":\"es\",\"url\":\"https:\/\/pq19.institutdelteatre.cat\/wp-content\/uploads\/paisos-i-regions_pq_19.jpg\",\"width\":1350,\"height\":900,\"caption\":\"\\u00a9 2019 \\u2013 Equip Audiovisuals. Institut del Teatre\"},{\"@type\":\"WebPage\",\"@id\":\"http:\/\/pq19.institutdelteatre.cat\/seccio-paisos-i-regions\/#webpage\",\"url\":\"http:\/\/pq19.institutdelteatre.cat\/seccio-paisos-i-regions\/\",\"name\":\"Secci\\u00f3n PA\\u00cdSES Y REGIONES - PQ19-Catalunya - INSTITUT DEL TEATRE\",\"isPartOf\":{\"@id\":\"https:\/\/pq19.institutdelteatre.cat\/es\/#website\"},\"primaryImageOfPage\":{\"@id\":\"http:\/\/pq19.institutdelteatre.cat\/seccio-paisos-i-regions\/#primaryimage\"},\"datePublished\":\"2018-11-27T17:16:37+00:00\",\"dateModified\":\"2020-05-05T14:11:58+00:00\",\"description\":\"{:ca}La nostra participaci\\u00f3 a la secci\\u00f3 de Pa\\u00efsos i Regions neix amb la voluntat de visualitzar la riquesa de l\\u2019activitat escenogr\\u00e0fica a Catalunya, configurada per una gran varietat de perfils professionals i d\\u2019interessos creatius. Amb aquest objectiu hem posat en contacte dues generacions, l\\u2019una amb una traject\\u00f2ria professional consolidada i l\\u2019altra, m\\u00e9s jove i que comen\\u00e7a a ser reconeguda. La segona ha rebut l\\u2019enc\\u00e0rrec de fer una proposta expositiva lliure tenint com a tema de fons sis escen\\u00f2grafs de l\\u2019anterior generaci\\u00f3.{:}\",\"breadcrumb\":{\"@id\":\"http:\/\/pq19.institutdelteatre.cat\/seccio-paisos-i-regions\/#breadcrumb\"},\"inLanguage\":\"es\",\"potentialAction\":[{\"@type\":\"ReadAction\",\"target\":[\"http:\/\/pq19.institutdelteatre.cat\/seccio-paisos-i-regions\/\"]}]},{\"@type\":\"BreadcrumbList\",\"@id\":\"http:\/\/pq19.institutdelteatre.cat\/seccio-paisos-i-regions\/#breadcrumb\",\"itemListElement\":[{\"@type\":\"ListItem\",\"position\":1,\"item\":{\"@type\":\"WebPage\",\"@id\":\"http:\/\/pq19.institutdelteatre.cat\/\",\"url\":\"http:\/\/pq19.institutdelteatre.cat\/\",\"name\":\"Inicio\"}},{\"@type\":\"ListItem\",\"position\":2,\"item\":{\"@type\":\"WebPage\",\"@id\":\"http:\/\/pq19.institutdelteatre.cat\/seccio-paisos-i-regions\/\",\"url\":\"http:\/\/pq19.institutdelteatre.cat\/seccio-paisos-i-regions\/\",\"name\":\"Secci\\u00f3 PA\\u00cfSOS I REGIONS\"}}]}]}<\/script>\n<!-- \/ Yoast SEO plugin. -->","_links":{"self":[{"href":"https:\/\/pq19.institutdelteatre.cat\/es\/wp-json\/wp\/v2\/pages\/184"}],"collection":[{"href":"https:\/\/pq19.institutdelteatre.cat\/es\/wp-json\/wp\/v2\/pages"}],"about":[{"href":"https:\/\/pq19.institutdelteatre.cat\/es\/wp-json\/wp\/v2\/types\/page"}],"author":[{"embeddable":true,"href":"https:\/\/pq19.institutdelteatre.cat\/es\/wp-json\/wp\/v2\/users\/1"}],"replies":[{"embeddable":true,"href":"https:\/\/pq19.institutdelteatre.cat\/es\/wp-json\/wp\/v2\/comments?post=184"}],"version-history":[{"count":9,"href":"https:\/\/pq19.institutdelteatre.cat\/es\/wp-json\/wp\/v2\/pages\/184\/revisions"}],"predecessor-version":[{"id":1803,"href":"https:\/\/pq19.institutdelteatre.cat\/es\/wp-json\/wp\/v2\/pages\/184\/revisions\/1803"}],"wp:featuredmedia":[{"embeddable":true,"href":"https:\/\/pq19.institutdelteatre.cat\/es\/wp-json\/wp\/v2\/media\/1728"}],"wp:attachment":[{"href":"https:\/\/pq19.institutdelteatre.cat\/es\/wp-json\/wp\/v2\/media?parent=184"}],"curies":[{"name":"wp","href":"https:\/\/api.w.org\/{rel}","templated":true}]}}