


















{"id":193,"date":"2018-11-27T20:42:50","date_gmt":"2018-11-27T18:42:50","guid":{"rendered":"http:\/\/pq.institutdelteatre.cat\/pq19\/?page_id=193"},"modified":"2020-05-05T17:13:26","modified_gmt":"2020-05-05T15:13:26","slug":"theaomai","status":"publish","type":"page","link":"https:\/\/pq19.institutdelteatre.cat\/es\/seccion-estudiantes\/theaomai\/","title":{"rendered":"THE\u00c1OMAI"},"content":{"rendered":"<p><\/p>\n<h3>CREACI\u00d3N DE ESPACIO AMARILLO EN RECINTO NO SUSCEPTIBLE DE CENSURA<\/h3>\n<p><em>The\u00e1omai<\/em> (contemplaci\u00f3n) es el t\u00e9rmino griego que hace referencia a la mirada como acto creativo, lejos de las connotaciones pasivas que solemos emplear en un contexto en el que la informaci\u00f3n visual ha saturado nuestra cotidianidad.<\/p>\n<p>La mirada es per se creadora y genera un discurso.<\/p>\n<p>El escen\u00f3grafo impregna con su ojo cr\u00edtico el espacio que dise\u00f1a y produce con su propuesta un impacto en la mirada del espectador, invit\u00e1ndole a dialogar con lo que se materializa justo ante sus ojos y a convertirse en co-creador de la pieza esc\u00e9nica. Entendemos, pues, al escen\u00f3grafo como un creador de espacios para el debate. Todo debe ser capaz de ser hablado y discutido en un escenario, sea lo que sea. La mirada del escen\u00f3grafo es el punto de partida de un teatro comprometido con la libertad de expresi\u00f3n y con la diversidad de opiniones y de pensamientos. A partir de aqu\u00ed, es el espectador el que decide qu\u00e9 historia se cuenta, qu\u00e9 pensar, qu\u00e9 hacer&#8230;<\/p>\n<p>Esta es nuestra propuesta, un espacio en constante transformaci\u00f3n donde el p\u00fablico pueda ser el responsable final de escribir su propia narrativa sobre los hechos de nuestro presente.<\/p>\n<p>Agradecimientos a Anna Gual, poeta<\/p>\n<p>&nbsp;<\/p>\n<p><a href=\"http:\/\/pq19.institutdelteatre.cat\/wp-content\/uploads\/Thea\u0301omai_es.pdf\" target=\"_blank\" rel=\"noopener noreferrer\">&#8211; Dosier Thea\u0301omai<\/a><\/p>\n<p>&nbsp;<\/p>\n<p><strong>Lola Belles, Sergi Cerdan, Sara Espinosa y Lluc Ubach<\/strong><br \/>\nDise\u00f1adores y autores de la instalaci\u00f3n<\/p>","protected":false},"excerpt":{"rendered":"<p>CREACI\u00d3N DE ESPACIO AMARILLO EN RECINTO NO SUSCEPTIBLE DE CENSURA The\u00e1omai (contemplaci\u00f3n) es el t\u00e9rmino griego que hace referencia a la mirada como acto creativo, lejos de las connotaciones pasivas que solemos emplear en un contexto en el que la informaci\u00f3n visual ha saturado nuestra cotidianidad. La mirada es per se creadora y genera un &#8230; <a title=\"THE\u00c1OMAI\" class=\"read-more\" href=\"https:\/\/pq19.institutdelteatre.cat\/es\/seccion-estudiantes\/theaomai\/\" aria-label=\"M\u00e1s en THE\u00c1OMAI\">Read more<\/a><\/p>\n","protected":false},"author":1,"featured_media":1241,"parent":337,"menu_order":2,"comment_status":"closed","ping_status":"closed","template":"","meta":[],"yoast_head":"<!-- This site is optimized with the Yoast SEO plugin v14.9 - https:\/\/yoast.com\/wordpress\/plugins\/seo\/ -->\n<title>THE\u00c1OMAI - PQ19-Catalunya - INSTITUT DEL TEATRE<\/title>\n<meta name=\"robots\" content=\"index, follow, max-snippet:-1, max-image-preview:large, max-video-preview:-1\" \/>\n<link rel=\"canonical\" href=\"http:\/\/pq19.institutdelteatre.cat\/seccio-estudiants\/theaomai\/\" \/>\n<meta property=\"og:locale\" content=\"es_ES\" \/>\n<meta property=\"og:type\" content=\"article\" \/>\n<meta property=\"og:title\" content=\"THE\u00c1OMAI - PQ19-Catalunya - INSTITUT DEL TEATRE\" \/>\n<meta property=\"og:description\" content=\"CREACI\u00d3N DE ESPACIO AMARILLO EN RECINTO NO SUSCEPTIBLE DE CENSURA The\u00e1omai (contemplaci\u00f3n) es el t\u00e9rmino griego que hace referencia a la mirada como acto creativo, lejos de las connotaciones pasivas que solemos emplear en un contexto en el que la informaci\u00f3n visual ha saturado nuestra cotidianidad. La mirada es per se creadora y genera un ... Read more\" \/>\n<meta property=\"og:url\" content=\"http:\/\/pq19.institutdelteatre.cat\/seccio-estudiants\/theaomai\/\" \/>\n<meta property=\"og:site_name\" content=\"PQ19-Catalunya - INSTITUT DEL TEATRE\" \/>\n<meta property=\"article:modified_time\" content=\"2020-05-05T15:13:26+00:00\" \/>\n<meta property=\"og:image\" content=\"https:\/\/pq19.institutdelteatre.cat\/wp-content\/uploads\/P6121822.jpg\" \/>\n\t<meta property=\"og:image:width\" content=\"1200\" \/>\n\t<meta property=\"og:image:height\" content=\"800\" \/>\n<meta name=\"twitter:card\" content=\"summary_large_image\" \/>\n<script type=\"application\/ld+json\" class=\"yoast-schema-graph\">{\"@context\":\"https:\/\/schema.org\",\"@graph\":[{\"@type\":\"Organization\",\"@id\":\"https:\/\/pq19.institutdelteatre.cat\/es\/#organization\",\"name\":\"Institut del teatre\",\"url\":\"https:\/\/pq19.institutdelteatre.cat\/es\/\",\"sameAs\":[],\"logo\":{\"@type\":\"ImageObject\",\"@id\":\"https:\/\/pq19.institutdelteatre.cat\/es\/#logo\",\"inLanguage\":\"es\",\"url\":\"https:\/\/pq19.institutdelteatre.cat\/wp-content\/uploads\/2018\/10\/logo_institut-teatre.png\",\"width\":280,\"height\":69,\"caption\":\"Institut del teatre\"},\"image\":{\"@id\":\"https:\/\/pq19.institutdelteatre.cat\/es\/#logo\"}},{\"@type\":\"WebSite\",\"@id\":\"https:\/\/pq19.institutdelteatre.cat\/es\/#website\",\"url\":\"https:\/\/pq19.institutdelteatre.cat\/es\/\",\"name\":\"PQ19-Catalunya - INSTITUT DEL TEATRE\",\"description\":\"INSTITUT DEL TEATRE\",\"publisher\":{\"@id\":\"https:\/\/pq19.institutdelteatre.cat\/es\/#organization\"},\"potentialAction\":[{\"@type\":\"SearchAction\",\"target\":\"https:\/\/pq19.institutdelteatre.cat\/es\/?s={search_term_string}\",\"query-input\":\"required name=search_term_string\"}],\"inLanguage\":\"es\"},{\"@type\":\"ImageObject\",\"@id\":\"http:\/\/pq19.institutdelteatre.cat\/seccio-estudiants\/theaomai\/#primaryimage\",\"inLanguage\":\"es\",\"url\":\"https:\/\/pq19.institutdelteatre.cat\/wp-content\/uploads\/P6121822.jpg\",\"width\":1200,\"height\":800},{\"@type\":\"WebPage\",\"@id\":\"http:\/\/pq19.institutdelteatre.cat\/seccio-estudiants\/theaomai\/#webpage\",\"url\":\"http:\/\/pq19.institutdelteatre.cat\/seccio-estudiants\/theaomai\/\",\"name\":\"THE\\u00c1OMAI - PQ19-Catalunya - INSTITUT DEL TEATRE\",\"isPartOf\":{\"@id\":\"https:\/\/pq19.institutdelteatre.cat\/es\/#website\"},\"primaryImageOfPage\":{\"@id\":\"http:\/\/pq19.institutdelteatre.cat\/seccio-estudiants\/theaomai\/#primaryimage\"},\"datePublished\":\"2018-11-27T18:42:50+00:00\",\"dateModified\":\"2020-05-05T15:13:26+00:00\",\"breadcrumb\":{\"@id\":\"http:\/\/pq19.institutdelteatre.cat\/seccio-estudiants\/theaomai\/#breadcrumb\"},\"inLanguage\":\"es\",\"potentialAction\":[{\"@type\":\"ReadAction\",\"target\":[\"http:\/\/pq19.institutdelteatre.cat\/seccio-estudiants\/theaomai\/\"]}]},{\"@type\":\"BreadcrumbList\",\"@id\":\"http:\/\/pq19.institutdelteatre.cat\/seccio-estudiants\/theaomai\/#breadcrumb\",\"itemListElement\":[{\"@type\":\"ListItem\",\"position\":1,\"item\":{\"@type\":\"WebPage\",\"@id\":\"http:\/\/pq19.institutdelteatre.cat\/\",\"url\":\"http:\/\/pq19.institutdelteatre.cat\/\",\"name\":\"Inicio\"}},{\"@type\":\"ListItem\",\"position\":2,\"item\":{\"@type\":\"WebPage\",\"@id\":\"http:\/\/pq19.institutdelteatre.cat\/seccio-estudiants\/\",\"url\":\"http:\/\/pq19.institutdelteatre.cat\/seccio-estudiants\/\",\"name\":\"Secci\\u00f3 ESTUDIANTS\"}},{\"@type\":\"ListItem\",\"position\":3,\"item\":{\"@type\":\"WebPage\",\"@id\":\"http:\/\/pq19.institutdelteatre.cat\/seccio-estudiants\/theaomai\/\",\"url\":\"http:\/\/pq19.institutdelteatre.cat\/seccio-estudiants\/theaomai\/\",\"name\":\"THE\\u00c1OMAI\"}}]}]}<\/script>\n<!-- \/ Yoast SEO plugin. -->","_links":{"self":[{"href":"https:\/\/pq19.institutdelteatre.cat\/es\/wp-json\/wp\/v2\/pages\/193"}],"collection":[{"href":"https:\/\/pq19.institutdelteatre.cat\/es\/wp-json\/wp\/v2\/pages"}],"about":[{"href":"https:\/\/pq19.institutdelteatre.cat\/es\/wp-json\/wp\/v2\/types\/page"}],"author":[{"embeddable":true,"href":"https:\/\/pq19.institutdelteatre.cat\/es\/wp-json\/wp\/v2\/users\/1"}],"replies":[{"embeddable":true,"href":"https:\/\/pq19.institutdelteatre.cat\/es\/wp-json\/wp\/v2\/comments?post=193"}],"version-history":[{"count":20,"href":"https:\/\/pq19.institutdelteatre.cat\/es\/wp-json\/wp\/v2\/pages\/193\/revisions"}],"predecessor-version":[{"id":1813,"href":"https:\/\/pq19.institutdelteatre.cat\/es\/wp-json\/wp\/v2\/pages\/193\/revisions\/1813"}],"up":[{"embeddable":true,"href":"https:\/\/pq19.institutdelteatre.cat\/es\/wp-json\/wp\/v2\/pages\/337"}],"wp:featuredmedia":[{"embeddable":true,"href":"https:\/\/pq19.institutdelteatre.cat\/es\/wp-json\/wp\/v2\/media\/1241"}],"wp:attachment":[{"href":"https:\/\/pq19.institutdelteatre.cat\/es\/wp-json\/wp\/v2\/media?parent=193"}],"curies":[{"name":"wp","href":"https:\/\/api.w.org\/{rel}","templated":true}]}}