


















{"id":22,"date":"2018-10-08T13:25:06","date_gmt":"2018-10-08T11:25:06","guid":{"rendered":"http:\/\/84.88.82.27\/pq19\/?page_id=22"},"modified":"2020-05-12T19:10:33","modified_gmt":"2020-05-12T17:10:33","slug":"catalunya-a-la-quadriennal-d-escenografia-de-praga-2019","status":"publish","type":"page","link":"https:\/\/pq19.institutdelteatre.cat\/es\/","title":{"rendered":"Catalu\u00f1a en la CUADRIENAL DE ESCENOGRAF\u00cdA y ESPACIOS TEATRALES de Praga 2019"},"content":{"rendered":"<p><\/p>\n<h2>Novena participaci\u00f3n catalana en la Cuadrienal de Escenograf\u00eda y Espacios Teatrales de Praga<\/h2>\n<p>La Cuadrienal de Praga es la exposici\u00f3n internacional de escenograf\u00eda m\u00e1s importante del mundo.<\/p>\n<p>Desde 1967 se celebra cada cuatro a\u00f1os en la capital de la Rep\u00fablica Checa.<\/p>\n<p>La decimotercera edici\u00f3n se celebr\u00f3 del 6 al 16 de junio de 2019 en el Recinto Ferial de Praga y Palacio Industrial, con la participaci\u00f3n de m\u00e1s de 75 pa\u00edses entre los que se encuentra Catalu\u00f1a con un proyecto liderado por el Institut del Teatre de Barcelona.<\/p>","protected":false},"excerpt":{"rendered":"<p>Novena participaci\u00f3n catalana en la Cuadrienal de Escenograf\u00eda y Espacios Teatrales de Praga La Cuadrienal de Praga es la exposici\u00f3n internacional de escenograf\u00eda m\u00e1s importante del mundo. Desde 1967 se celebra cada cuatro a\u00f1os en la capital de la Rep\u00fablica Checa. La decimotercera edici\u00f3n se celebr\u00f3 del 6 al 16 de junio de 2019 en &#8230; <a title=\"Catalu\u00f1a en la CUADRIENAL DE ESCENOGRAF\u00cdA y ESPACIOS TEATRALES de Praga 2019\" class=\"read-more\" href=\"https:\/\/pq19.institutdelteatre.cat\/es\/\" aria-label=\"M\u00e1s en Catalu\u00f1a en la CUADRIENAL DE ESCENOGRAF\u00cdA y ESPACIOS TEATRALES de Praga 2019\">Read more<\/a><\/p>\n","protected":false},"author":1,"featured_media":1726,"parent":0,"menu_order":2,"comment_status":"closed","ping_status":"closed","template":"","meta":[],"yoast_head":"<!-- This site is optimized with the Yoast SEO plugin v14.9 - https:\/\/yoast.com\/wordpress\/plugins\/seo\/ -->\n<title>Catalu\u00f1a en la CUADRIENAL DE ESCENOGRAF\u00cdA y ESPACIOS TEATRALES de Praga 2019 - PQ19-Catalunya - INSTITUT DEL TEATRE<\/title>\n<meta name=\"description\" content=\"La Quadriennal de Praga \u00e9s l\u2019exposici\u00f3 internacional d\u2019escenografia m\u00e9s important del m\u00f3n.Des de l\u2019any 1967 se celebra cada quatre anys a la capital de la Rep\u00fablica Txeca.La propera edici\u00f3 t\u00e9 lloc del 6 al 16 de juny de 2019 al Recinte Firal de Praga i Palau Industrial, amb una participaci\u00f3 de m\u00e9s de 70 pa\u00efsos entre els quals s\u2019hi troba Catalunya amb un projecte liderat per l\u2019Institut del Teatre de Barcelona.\" \/>\n<meta name=\"robots\" content=\"index, follow, max-snippet:-1, max-image-preview:large, max-video-preview:-1\" \/>\n<link rel=\"canonical\" href=\"http:\/\/pq19.institutdelteatre.cat\/\" \/>\n<meta property=\"og:locale\" content=\"es_ES\" \/>\n<meta property=\"og:type\" content=\"article\" \/>\n<meta property=\"og:title\" content=\"Catalu\u00f1a en la CUADRIENAL DE ESCENOGRAF\u00cdA y ESPACIOS TEATRALES de Praga 2019 - PQ19-Catalunya - INSTITUT DEL TEATRE\" \/>\n<meta property=\"og:description\" content=\"La Quadriennal de Praga \u00e9s l\u2019exposici\u00f3 internacional d\u2019escenografia m\u00e9s important del m\u00f3n.Des de l\u2019any 1967 se celebra cada quatre anys a la capital de la Rep\u00fablica Txeca.La propera edici\u00f3 t\u00e9 lloc del 6 al 16 de juny de 2019 al Recinte Firal de Praga i Palau Industrial, amb una participaci\u00f3 de m\u00e9s de 70 pa\u00efsos entre els quals s\u2019hi troba Catalunya amb un projecte liderat per l\u2019Institut del Teatre de Barcelona.\" \/>\n<meta property=\"og:url\" content=\"http:\/\/pq19.institutdelteatre.cat\/\" \/>\n<meta property=\"og:site_name\" content=\"PQ19-Catalunya - INSTITUT DEL TEATRE\" \/>\n<meta property=\"article:modified_time\" content=\"2020-05-12T17:10:33+00:00\" \/>\n<meta property=\"og:image\" content=\"https:\/\/pq19.institutdelteatre.cat\/wp-content\/uploads\/Inici_pq_19.jpg\" \/>\n\t<meta property=\"og:image:width\" content=\"1350\" \/>\n\t<meta property=\"og:image:height\" content=\"900\" \/>\n<meta name=\"twitter:card\" content=\"summary_large_image\" \/>\n<script type=\"application\/ld+json\" class=\"yoast-schema-graph\">{\"@context\":\"https:\/\/schema.org\",\"@graph\":[{\"@type\":\"Organization\",\"@id\":\"https:\/\/pq19.institutdelteatre.cat\/es\/#organization\",\"name\":\"Institut del teatre\",\"url\":\"https:\/\/pq19.institutdelteatre.cat\/es\/\",\"sameAs\":[],\"logo\":{\"@type\":\"ImageObject\",\"@id\":\"https:\/\/pq19.institutdelteatre.cat\/es\/#logo\",\"inLanguage\":\"es\",\"url\":\"https:\/\/pq19.institutdelteatre.cat\/wp-content\/uploads\/2018\/10\/logo_institut-teatre.png\",\"width\":280,\"height\":69,\"caption\":\"Institut del teatre\"},\"image\":{\"@id\":\"https:\/\/pq19.institutdelteatre.cat\/es\/#logo\"}},{\"@type\":\"WebSite\",\"@id\":\"https:\/\/pq19.institutdelteatre.cat\/es\/#website\",\"url\":\"https:\/\/pq19.institutdelteatre.cat\/es\/\",\"name\":\"PQ19-Catalunya - INSTITUT DEL TEATRE\",\"description\":\"INSTITUT DEL TEATRE\",\"publisher\":{\"@id\":\"https:\/\/pq19.institutdelteatre.cat\/es\/#organization\"},\"potentialAction\":[{\"@type\":\"SearchAction\",\"target\":\"https:\/\/pq19.institutdelteatre.cat\/es\/?s={search_term_string}\",\"query-input\":\"required name=search_term_string\"}],\"inLanguage\":\"es\"},{\"@type\":\"ImageObject\",\"@id\":\"http:\/\/pq19.institutdelteatre.cat\/#primaryimage\",\"inLanguage\":\"es\",\"url\":\"https:\/\/pq19.institutdelteatre.cat\/wp-content\/uploads\/Inici_pq_19.jpg\",\"width\":1350,\"height\":900,\"caption\":\"\\u00a9 2019 \\u2013 Equip Audiovisuals. Institut del Teatre\"},{\"@type\":\"WebPage\",\"@id\":\"http:\/\/pq19.institutdelteatre.cat\/#webpage\",\"url\":\"http:\/\/pq19.institutdelteatre.cat\/\",\"name\":\"Catalu\\u00f1a en la CUADRIENAL DE ESCENOGRAF\\u00cdA y ESPACIOS TEATRALES de Praga 2019 - PQ19-Catalunya - INSTITUT DEL TEATRE\",\"isPartOf\":{\"@id\":\"https:\/\/pq19.institutdelteatre.cat\/es\/#website\"},\"primaryImageOfPage\":{\"@id\":\"http:\/\/pq19.institutdelteatre.cat\/#primaryimage\"},\"datePublished\":\"2018-10-08T11:25:06+00:00\",\"dateModified\":\"2020-05-12T17:10:33+00:00\",\"description\":\"La Quadriennal de Praga \\u00e9s l\\u2019exposici\\u00f3 internacional d\\u2019escenografia m\\u00e9s important del m\\u00f3n.Des de l\\u2019any 1967 se celebra cada quatre anys a la capital de la Rep\\u00fablica Txeca.La propera edici\\u00f3 t\\u00e9 lloc del 6 al 16 de juny de 2019 al Recinte Firal de Praga i Palau Industrial, amb una participaci\\u00f3 de m\\u00e9s de 70 pa\\u00efsos entre els quals s\\u2019hi troba Catalunya amb un projecte liderat per l\\u2019Institut del Teatre de Barcelona.\",\"breadcrumb\":{\"@id\":\"http:\/\/pq19.institutdelteatre.cat\/#breadcrumb\"},\"inLanguage\":\"es\",\"potentialAction\":[{\"@type\":\"ReadAction\",\"target\":[\"http:\/\/pq19.institutdelteatre.cat\/\"]}]},{\"@type\":\"BreadcrumbList\",\"@id\":\"http:\/\/pq19.institutdelteatre.cat\/#breadcrumb\",\"itemListElement\":[{\"@type\":\"ListItem\",\"position\":1,\"item\":{\"@type\":\"WebPage\",\"@id\":\"http:\/\/pq19.institutdelteatre.cat\/\",\"url\":\"http:\/\/pq19.institutdelteatre.cat\/\",\"name\":\"Inicio\"}},{\"@type\":\"ListItem\",\"position\":2,\"item\":{\"@type\":\"WebPage\",\"@id\":\"http:\/\/pq19.institutdelteatre.cat\/\",\"url\":\"http:\/\/pq19.institutdelteatre.cat\/\",\"name\":\"Catalunya a la QUADRIENNAL D\\u2019ESCENOGRAFIA I ESPAIS TEATRALS de Praga 2019\"}}]}]}<\/script>\n<!-- \/ Yoast SEO plugin. -->","_links":{"self":[{"href":"https:\/\/pq19.institutdelteatre.cat\/es\/wp-json\/wp\/v2\/pages\/22"}],"collection":[{"href":"https:\/\/pq19.institutdelteatre.cat\/es\/wp-json\/wp\/v2\/pages"}],"about":[{"href":"https:\/\/pq19.institutdelteatre.cat\/es\/wp-json\/wp\/v2\/types\/page"}],"author":[{"embeddable":true,"href":"https:\/\/pq19.institutdelteatre.cat\/es\/wp-json\/wp\/v2\/users\/1"}],"replies":[{"embeddable":true,"href":"https:\/\/pq19.institutdelteatre.cat\/es\/wp-json\/wp\/v2\/comments?post=22"}],"version-history":[{"count":9,"href":"https:\/\/pq19.institutdelteatre.cat\/es\/wp-json\/wp\/v2\/pages\/22\/revisions"}],"predecessor-version":[{"id":1822,"href":"https:\/\/pq19.institutdelteatre.cat\/es\/wp-json\/wp\/v2\/pages\/22\/revisions\/1822"}],"wp:featuredmedia":[{"embeddable":true,"href":"https:\/\/pq19.institutdelteatre.cat\/es\/wp-json\/wp\/v2\/media\/1726"}],"wp:attachment":[{"href":"https:\/\/pq19.institutdelteatre.cat\/es\/wp-json\/wp\/v2\/media?parent=22"}],"curies":[{"name":"wp","href":"https:\/\/api.w.org\/{rel}","templated":true}]}}