


















{"id":333,"date":"2018-12-03T12:40:14","date_gmt":"2018-12-03T10:40:14","guid":{"rendered":"http:\/\/pq.institutdelteatre.cat\/pq19\/?page_id=333"},"modified":"2020-09-15T12:41:07","modified_gmt":"2020-09-15T10:41:07","slug":"les-autores","status":"publish","type":"page","link":"https:\/\/pq19.institutdelteatre.cat\/es\/seccion-paises-y-regiones\/las-autoras\/","title":{"rendered":"LAS AUTORAS DE LA INSTALACI\u00d3N"},"content":{"rendered":"<p><em>Prospective Actions<\/em> (Catalunya 2004-2018) es obra de <strong>Laura Clos \u00abClosca\u00bb<\/strong>, <strong>Pau Masal\u00f3<\/strong>, <strong>Xesca Salv\u00e0<\/strong> y <strong>Marc Villanueva<\/strong>. Provienen de campos diferentes pero tienen en com\u00fan la formaci\u00f3n en Artes Esc\u00e9nicas en el Institut del Teatre, donde unos se grad\u00faan en Escenograf\u00eda y otros en Direcci\u00f3n Esc\u00e9nica y Dramaturgia. Cada uno explora profesionalmente \u00e1mbitos tan diversos de la escena como el mundo de la performativitad, la instalaci\u00f3n, el audiovisual, la dramaturgia, el dise\u00f1o esc\u00e9nico, las nuevas tecnolog\u00edas o la iluminaci\u00f3n.<\/p>\n<p>Se conocen pero nunca antes hab\u00edan trabajado juntos. Nosotras los hemos querido unir porque cre\u00edmos interesante hacer coincidir sus caracteres curiosos, su buena disposici\u00f3n a nuevos retos y los diversos pero no distantes puntos de vista sobre las artes esc\u00e9nicas y tambi\u00e9n porque a nuestro entender forman parte de una generaci\u00f3n.<\/p>\n<p>Sin embargo, ellos se preguntan: \u00bfPodemos hablar de generaciones entre los escen\u00f3grafos de los \u00faltimos veinte a\u00f1os en Catalu\u00f1a? \u00bfLos escen\u00f3grafos ser\u00e1n los \u00abteatristas\u00bb del futuro? \u00bfCon ellos el teatro saldr\u00e1 definitivamente de los teatros? \u00bfEs la escenograf\u00eda una herramienta posible para los movimientos reivindicativos urbanos? Interrogantes que van m\u00e1s all\u00e1 de redefinir formatos y lenguajes, ya que tambi\u00e9n dibujan una nueva dimensi\u00f3n social y pol\u00edtica de las artes esc\u00e9nicas que abre campos por explorar, nuevos canales de expresi\u00f3n y nuevos p\u00fablicos.<\/p>\n<p>&nbsp;<\/p>\n<p><figure id=\"attachment_1495\" aria-describedby=\"caption-attachment-1495\" style=\"width: 1340px\" class=\"wp-caption alignnone\"><img loading=\"lazy\" class=\"size-full wp-image-1495\" src=\"http:\/\/pq19.institutdelteatre.cat\/wp-content\/uploads\/autores_bkg1.jpg\" alt=\"\" width=\"1350\" height=\"900\" srcset=\"https:\/\/pq19.institutdelteatre.cat\/wp-content\/uploads\/autores_bkg1.jpg 1350w, https:\/\/pq19.institutdelteatre.cat\/wp-content\/uploads\/autores_bkg1-300x200.jpg 300w, https:\/\/pq19.institutdelteatre.cat\/wp-content\/uploads\/autores_bkg1-1024x683.jpg 1024w, https:\/\/pq19.institutdelteatre.cat\/wp-content\/uploads\/autores_bkg1-768x512.jpg 768w\" sizes=\"(max-width: 1350px) 100vw, 1350px\" \/><figcaption id=\"caption-attachment-1495\" class=\"wp-caption-text\">\u00a9 2019 &#8211; Equip Audiovisuals. Institut del Teatre<\/figcaption><\/figure><\/p>","protected":false},"excerpt":{"rendered":"<p>Prospective Actions (Catalunya 2004-2018) es obra de Laura Clos \u00abClosca\u00bb, Pau Masal\u00f3, Xesca Salv\u00e0 y Marc Villanueva. Provienen de campos diferentes pero tienen en com\u00fan la formaci\u00f3n en Artes Esc\u00e9nicas en el Institut del Teatre, donde unos se grad\u00faan en Escenograf\u00eda y otros en Direcci\u00f3n Esc\u00e9nica y Dramaturgia. Cada uno explora profesionalmente \u00e1mbitos tan diversos &#8230; <a title=\"LAS AUTORAS DE LA INSTALACI\u00d3N\" class=\"read-more\" href=\"https:\/\/pq19.institutdelteatre.cat\/es\/seccion-paises-y-regiones\/las-autoras\/\" aria-label=\"M\u00e1s en LAS AUTORAS DE LA INSTALACI\u00d3N\">Read more<\/a><\/p>\n","protected":false},"author":1,"featured_media":1275,"parent":184,"menu_order":0,"comment_status":"closed","ping_status":"closed","template":"","meta":[],"yoast_head":"<!-- This site is optimized with the Yoast SEO plugin v14.9 - https:\/\/yoast.com\/wordpress\/plugins\/seo\/ -->\n<title>LAS AUTORAS DE LA INSTALACI\u00d3N - PQ19-Catalunya - INSTITUT DEL TEATRE<\/title>\n<meta name=\"robots\" content=\"index, follow, max-snippet:-1, max-image-preview:large, max-video-preview:-1\" \/>\n<link rel=\"canonical\" href=\"http:\/\/pq19.institutdelteatre.cat\/seccio-paisos-i-regions\/les-autores\/\" \/>\n<meta property=\"og:locale\" content=\"es_ES\" \/>\n<meta property=\"og:type\" content=\"article\" \/>\n<meta property=\"og:title\" content=\"LAS AUTORAS DE LA INSTALACI\u00d3N - PQ19-Catalunya - INSTITUT DEL TEATRE\" \/>\n<meta property=\"og:description\" content=\"Prospective Actions (Catalunya 2004-2018) es obra de Laura Clos \u00abClosca\u00bb, Pau Masal\u00f3, Xesca Salv\u00e0 y Marc Villanueva. Provienen de campos diferentes pero tienen en com\u00fan la formaci\u00f3n en Artes Esc\u00e9nicas en el Institut del Teatre, donde unos se grad\u00faan en Escenograf\u00eda y otros en Direcci\u00f3n Esc\u00e9nica y Dramaturgia. Cada uno explora profesionalmente \u00e1mbitos tan diversos ... Read more\" \/>\n<meta property=\"og:url\" content=\"http:\/\/pq19.institutdelteatre.cat\/seccio-paisos-i-regions\/les-autores\/\" \/>\n<meta property=\"og:site_name\" content=\"PQ19-Catalunya - INSTITUT DEL TEATRE\" \/>\n<meta property=\"article:modified_time\" content=\"2020-09-15T10:41:07+00:00\" \/>\n<meta property=\"og:image\" content=\"https:\/\/pq19.institutdelteatre.cat\/wp-content\/uploads\/2.4.1_Foto_Portada_les_autores.jpg\" \/>\n\t<meta property=\"og:image:width\" content=\"1200\" \/>\n\t<meta property=\"og:image:height\" content=\"900\" \/>\n<meta name=\"twitter:card\" content=\"summary_large_image\" \/>\n<script type=\"application\/ld+json\" class=\"yoast-schema-graph\">{\"@context\":\"https:\/\/schema.org\",\"@graph\":[{\"@type\":\"Organization\",\"@id\":\"https:\/\/pq19.institutdelteatre.cat\/es\/#organization\",\"name\":\"Institut del teatre\",\"url\":\"https:\/\/pq19.institutdelteatre.cat\/es\/\",\"sameAs\":[],\"logo\":{\"@type\":\"ImageObject\",\"@id\":\"https:\/\/pq19.institutdelteatre.cat\/es\/#logo\",\"inLanguage\":\"es\",\"url\":\"https:\/\/pq19.institutdelteatre.cat\/wp-content\/uploads\/2018\/10\/logo_institut-teatre.png\",\"width\":280,\"height\":69,\"caption\":\"Institut del teatre\"},\"image\":{\"@id\":\"https:\/\/pq19.institutdelteatre.cat\/es\/#logo\"}},{\"@type\":\"WebSite\",\"@id\":\"https:\/\/pq19.institutdelteatre.cat\/es\/#website\",\"url\":\"https:\/\/pq19.institutdelteatre.cat\/es\/\",\"name\":\"PQ19-Catalunya - INSTITUT DEL TEATRE\",\"description\":\"INSTITUT DEL TEATRE\",\"publisher\":{\"@id\":\"https:\/\/pq19.institutdelteatre.cat\/es\/#organization\"},\"potentialAction\":[{\"@type\":\"SearchAction\",\"target\":\"https:\/\/pq19.institutdelteatre.cat\/es\/?s={search_term_string}\",\"query-input\":\"required name=search_term_string\"}],\"inLanguage\":\"es\"},{\"@type\":\"ImageObject\",\"@id\":\"http:\/\/pq19.institutdelteatre.cat\/seccio-paisos-i-regions\/les-autores\/#primaryimage\",\"inLanguage\":\"es\",\"url\":\"https:\/\/pq19.institutdelteatre.cat\/wp-content\/uploads\/2.4.1_Foto_Portada_les_autores.jpg\",\"width\":1200,\"height\":900,\"caption\":\"\\u00a9 2019 - Equip Audiovisuals. Institut del Teatre\"},{\"@type\":\"WebPage\",\"@id\":\"http:\/\/pq19.institutdelteatre.cat\/seccio-paisos-i-regions\/les-autores\/#webpage\",\"url\":\"http:\/\/pq19.institutdelteatre.cat\/seccio-paisos-i-regions\/les-autores\/\",\"name\":\"LAS AUTORAS DE LA INSTALACI\\u00d3N - PQ19-Catalunya - INSTITUT DEL TEATRE\",\"isPartOf\":{\"@id\":\"https:\/\/pq19.institutdelteatre.cat\/es\/#website\"},\"primaryImageOfPage\":{\"@id\":\"http:\/\/pq19.institutdelteatre.cat\/seccio-paisos-i-regions\/les-autores\/#primaryimage\"},\"datePublished\":\"2018-12-03T10:40:14+00:00\",\"dateModified\":\"2020-09-15T10:41:07+00:00\",\"breadcrumb\":{\"@id\":\"http:\/\/pq19.institutdelteatre.cat\/seccio-paisos-i-regions\/les-autores\/#breadcrumb\"},\"inLanguage\":\"es\",\"potentialAction\":[{\"@type\":\"ReadAction\",\"target\":[\"http:\/\/pq19.institutdelteatre.cat\/seccio-paisos-i-regions\/les-autores\/\"]}]},{\"@type\":\"BreadcrumbList\",\"@id\":\"http:\/\/pq19.institutdelteatre.cat\/seccio-paisos-i-regions\/les-autores\/#breadcrumb\",\"itemListElement\":[{\"@type\":\"ListItem\",\"position\":1,\"item\":{\"@type\":\"WebPage\",\"@id\":\"http:\/\/pq19.institutdelteatre.cat\/\",\"url\":\"http:\/\/pq19.institutdelteatre.cat\/\",\"name\":\"Inicio\"}},{\"@type\":\"ListItem\",\"position\":2,\"item\":{\"@type\":\"WebPage\",\"@id\":\"http:\/\/pq19.institutdelteatre.cat\/seccio-paisos-i-regions\/\",\"url\":\"http:\/\/pq19.institutdelteatre.cat\/seccio-paisos-i-regions\/\",\"name\":\"Secci\\u00f3 PA\\u00cfSOS I REGIONS\"}},{\"@type\":\"ListItem\",\"position\":3,\"item\":{\"@type\":\"WebPage\",\"@id\":\"http:\/\/pq19.institutdelteatre.cat\/seccio-paisos-i-regions\/les-autores\/\",\"url\":\"http:\/\/pq19.institutdelteatre.cat\/seccio-paisos-i-regions\/les-autores\/\",\"name\":\"LES AUTORES DE LA INSTAL\\u00b7LACI\\u00d3\"}}]}]}<\/script>\n<!-- \/ Yoast SEO plugin. -->","_links":{"self":[{"href":"https:\/\/pq19.institutdelteatre.cat\/es\/wp-json\/wp\/v2\/pages\/333"}],"collection":[{"href":"https:\/\/pq19.institutdelteatre.cat\/es\/wp-json\/wp\/v2\/pages"}],"about":[{"href":"https:\/\/pq19.institutdelteatre.cat\/es\/wp-json\/wp\/v2\/types\/page"}],"author":[{"embeddable":true,"href":"https:\/\/pq19.institutdelteatre.cat\/es\/wp-json\/wp\/v2\/users\/1"}],"replies":[{"embeddable":true,"href":"https:\/\/pq19.institutdelteatre.cat\/es\/wp-json\/wp\/v2\/comments?post=333"}],"version-history":[{"count":16,"href":"https:\/\/pq19.institutdelteatre.cat\/es\/wp-json\/wp\/v2\/pages\/333\/revisions"}],"predecessor-version":[{"id":1839,"href":"https:\/\/pq19.institutdelteatre.cat\/es\/wp-json\/wp\/v2\/pages\/333\/revisions\/1839"}],"up":[{"embeddable":true,"href":"https:\/\/pq19.institutdelteatre.cat\/es\/wp-json\/wp\/v2\/pages\/184"}],"wp:featuredmedia":[{"embeddable":true,"href":"https:\/\/pq19.institutdelteatre.cat\/es\/wp-json\/wp\/v2\/media\/1275"}],"wp:attachment":[{"href":"https:\/\/pq19.institutdelteatre.cat\/es\/wp-json\/wp\/v2\/media?parent=333"}],"curies":[{"name":"wp","href":"https:\/\/api.w.org\/{rel}","templated":true}]}}