


















{"id":335,"date":"2018-12-03T12:41:46","date_gmt":"2018-12-03T10:41:46","guid":{"rendered":"http:\/\/pq.institutdelteatre.cat\/pq19\/?page_id=335"},"modified":"2020-05-05T17:07:47","modified_gmt":"2020-05-05T15:07:47","slug":"anna-alcubierre","status":"publish","type":"page","link":"https:\/\/pq19.institutdelteatre.cat\/es\/seccion-paises-y-regiones\/escenografas-participantes\/anna-alcubierre\/","title":{"rendered":"ANNA ALCUBIERRE"},"content":{"rendered":"<p>Estudia dise\u00f1o en EINA, se licencia en escenograf\u00eda en el Institut del Teatre de Barcelona, realiza un posgrado en Direcci\u00f3n de Arte en la \u00c9cole Nationale Sup\u00e9rieure des Arts D\u00e9coratifs de Par\u00eds, un m\u00e1ster oficial interuniversitario en Gesti\u00f3n Cultural en la UOC y actualmente est\u00e1 haciendo el doctorado en la UdG. Forma parte del personal docente investigador de EINA, Centro Universitario de Dise\u00f1o y Arte adscrito a la UAB, donde imparte clases en el grado de Dise\u00f1o y en el m\u00e1ster oficial y de investigaci\u00f3n en Arte y Dise\u00f1o.<\/p>\n<p>Cuenta con 20 a\u00f1os de experiencia en espacios museogr\u00e1ficos y escenogr\u00e1ficos. Actualmente dirige el estudio Espai e donde trabajan en el \u00e1mbito del dise\u00f1o, la escenograf\u00eda y la arquitectura. Elaboran proyectos de espacio desde la narratividad y se consideran, por tanto, int\u00e9rpretes de contenidos. Colaboran con instituciones culturales, disfrutan del trabajo en equipo y contemplan la sostenibilidad y la tecnolog\u00eda en sus proyectos.<\/p>\n<p>Define la escenograf\u00eda como un lenguaje multidisciplinario capaz de intervenir en entornos diferentes e ilimitados.<\/p>\n<p>Algunos de sus proyectos, tanto museogr\u00e1ficos como de investigaci\u00f3n, han sido reconocidos con premios nacionales e internacionales.<\/p>\n<p><a href=\"http:\/\/www.espaie.cat\" target=\"_blank\" rel=\"noopener noreferrer\">www.espaie.cat<\/a><\/p>","protected":false},"excerpt":{"rendered":"<p>Estudia dise\u00f1o en EINA, se licencia en escenograf\u00eda en el Institut del Teatre de Barcelona, realiza un posgrado en Direcci\u00f3n de Arte en la \u00c9cole Nationale Sup\u00e9rieure des Arts D\u00e9coratifs de Par\u00eds, un m\u00e1ster oficial interuniversitario en Gesti\u00f3n Cultural en la UOC y actualmente est\u00e1 haciendo el doctorado en la UdG. Forma parte del personal &#8230; <a title=\"ANNA ALCUBIERRE\" class=\"read-more\" href=\"https:\/\/pq19.institutdelteatre.cat\/es\/seccion-paises-y-regiones\/escenografas-participantes\/anna-alcubierre\/\" aria-label=\"M\u00e1s en ANNA ALCUBIERRE\">Read more<\/a><\/p>\n","protected":false},"author":1,"featured_media":1153,"parent":331,"menu_order":0,"comment_status":"closed","ping_status":"closed","template":"","meta":[],"yoast_head":"<!-- This site is optimized with the Yoast SEO plugin v14.9 - https:\/\/yoast.com\/wordpress\/plugins\/seo\/ -->\n<title>ANNA ALCUBIERRE - PQ19-Catalunya - INSTITUT DEL TEATRE<\/title>\n<meta name=\"robots\" content=\"index, follow, max-snippet:-1, max-image-preview:large, max-video-preview:-1\" \/>\n<link rel=\"canonical\" href=\"http:\/\/pq19.institutdelteatre.cat\/seccio-paisos-i-regions\/escenografes-participants\/anna-alcubierre\/\" \/>\n<meta property=\"og:locale\" content=\"es_ES\" \/>\n<meta property=\"og:type\" content=\"article\" \/>\n<meta property=\"og:title\" content=\"ANNA ALCUBIERRE - PQ19-Catalunya - INSTITUT DEL TEATRE\" \/>\n<meta property=\"og:description\" content=\"Estudia dise\u00f1o en EINA, se licencia en escenograf\u00eda en el Institut del Teatre de Barcelona, realiza un posgrado en Direcci\u00f3n de Arte en la \u00c9cole Nationale Sup\u00e9rieure des Arts D\u00e9coratifs de Par\u00eds, un m\u00e1ster oficial interuniversitario en Gesti\u00f3n Cultural en la UOC y actualmente est\u00e1 haciendo el doctorado en la UdG. Forma parte del personal ... Read more\" \/>\n<meta property=\"og:url\" content=\"http:\/\/pq19.institutdelteatre.cat\/seccio-paisos-i-regions\/escenografes-participants\/anna-alcubierre\/\" \/>\n<meta property=\"og:site_name\" content=\"PQ19-Catalunya - INSTITUT DEL TEATRE\" \/>\n<meta property=\"article:modified_time\" content=\"2020-05-05T15:07:47+00:00\" \/>\n<meta property=\"og:image\" content=\"https:\/\/pq19.institutdelteatre.cat\/wp-content\/uploads\/2.4.3.1_Foto_Portada_Alcubierre.jpg\" \/>\n\t<meta property=\"og:image:width\" content=\"1280\" \/>\n\t<meta property=\"og:image:height\" content=\"853\" \/>\n<meta name=\"twitter:card\" content=\"summary_large_image\" \/>\n<script type=\"application\/ld+json\" class=\"yoast-schema-graph\">{\"@context\":\"https:\/\/schema.org\",\"@graph\":[{\"@type\":\"Organization\",\"@id\":\"https:\/\/pq19.institutdelteatre.cat\/es\/#organization\",\"name\":\"Institut del teatre\",\"url\":\"https:\/\/pq19.institutdelteatre.cat\/es\/\",\"sameAs\":[],\"logo\":{\"@type\":\"ImageObject\",\"@id\":\"https:\/\/pq19.institutdelteatre.cat\/es\/#logo\",\"inLanguage\":\"es\",\"url\":\"https:\/\/pq19.institutdelteatre.cat\/wp-content\/uploads\/2018\/10\/logo_institut-teatre.png\",\"width\":280,\"height\":69,\"caption\":\"Institut del teatre\"},\"image\":{\"@id\":\"https:\/\/pq19.institutdelteatre.cat\/es\/#logo\"}},{\"@type\":\"WebSite\",\"@id\":\"https:\/\/pq19.institutdelteatre.cat\/es\/#website\",\"url\":\"https:\/\/pq19.institutdelteatre.cat\/es\/\",\"name\":\"PQ19-Catalunya - INSTITUT DEL TEATRE\",\"description\":\"INSTITUT DEL TEATRE\",\"publisher\":{\"@id\":\"https:\/\/pq19.institutdelteatre.cat\/es\/#organization\"},\"potentialAction\":[{\"@type\":\"SearchAction\",\"target\":\"https:\/\/pq19.institutdelteatre.cat\/es\/?s={search_term_string}\",\"query-input\":\"required name=search_term_string\"}],\"inLanguage\":\"es\"},{\"@type\":\"ImageObject\",\"@id\":\"http:\/\/pq19.institutdelteatre.cat\/seccio-paisos-i-regions\/escenografes-participants\/anna-alcubierre\/#primaryimage\",\"inLanguage\":\"es\",\"url\":\"https:\/\/pq19.institutdelteatre.cat\/wp-content\/uploads\/2.4.3.1_Foto_Portada_Alcubierre.jpg\",\"width\":1280,\"height\":853,\"caption\":\"\\u00a92019\"},{\"@type\":\"WebPage\",\"@id\":\"http:\/\/pq19.institutdelteatre.cat\/seccio-paisos-i-regions\/escenografes-participants\/anna-alcubierre\/#webpage\",\"url\":\"http:\/\/pq19.institutdelteatre.cat\/seccio-paisos-i-regions\/escenografes-participants\/anna-alcubierre\/\",\"name\":\"ANNA ALCUBIERRE - PQ19-Catalunya - INSTITUT DEL TEATRE\",\"isPartOf\":{\"@id\":\"https:\/\/pq19.institutdelteatre.cat\/es\/#website\"},\"primaryImageOfPage\":{\"@id\":\"http:\/\/pq19.institutdelteatre.cat\/seccio-paisos-i-regions\/escenografes-participants\/anna-alcubierre\/#primaryimage\"},\"datePublished\":\"2018-12-03T10:41:46+00:00\",\"dateModified\":\"2020-05-05T15:07:47+00:00\",\"breadcrumb\":{\"@id\":\"http:\/\/pq19.institutdelteatre.cat\/seccio-paisos-i-regions\/escenografes-participants\/anna-alcubierre\/#breadcrumb\"},\"inLanguage\":\"es\",\"potentialAction\":[{\"@type\":\"ReadAction\",\"target\":[\"http:\/\/pq19.institutdelteatre.cat\/seccio-paisos-i-regions\/escenografes-participants\/anna-alcubierre\/\"]}]},{\"@type\":\"BreadcrumbList\",\"@id\":\"http:\/\/pq19.institutdelteatre.cat\/seccio-paisos-i-regions\/escenografes-participants\/anna-alcubierre\/#breadcrumb\",\"itemListElement\":[{\"@type\":\"ListItem\",\"position\":1,\"item\":{\"@type\":\"WebPage\",\"@id\":\"http:\/\/pq19.institutdelteatre.cat\/\",\"url\":\"http:\/\/pq19.institutdelteatre.cat\/\",\"name\":\"Inicio\"}},{\"@type\":\"ListItem\",\"position\":2,\"item\":{\"@type\":\"WebPage\",\"@id\":\"http:\/\/pq19.institutdelteatre.cat\/seccio-paisos-i-regions\/\",\"url\":\"http:\/\/pq19.institutdelteatre.cat\/seccio-paisos-i-regions\/\",\"name\":\"Secci\\u00f3 PA\\u00cfSOS I REGIONS\"}},{\"@type\":\"ListItem\",\"position\":3,\"item\":{\"@type\":\"WebPage\",\"@id\":\"http:\/\/pq19.institutdelteatre.cat\/seccio-paisos-i-regions\/escenografes-participants\/\",\"url\":\"http:\/\/pq19.institutdelteatre.cat\/seccio-paisos-i-regions\/escenografes-participants\/\",\"name\":\"ESCEN\\u00d2GRAFES PARTICIPANTS\"}},{\"@type\":\"ListItem\",\"position\":4,\"item\":{\"@type\":\"WebPage\",\"@id\":\"http:\/\/pq19.institutdelteatre.cat\/seccio-paisos-i-regions\/escenografes-participants\/anna-alcubierre\/\",\"url\":\"http:\/\/pq19.institutdelteatre.cat\/seccio-paisos-i-regions\/escenografes-participants\/anna-alcubierre\/\",\"name\":\"ANNA ALCUBIERRE\"}}]}]}<\/script>\n<!-- \/ Yoast SEO plugin. -->","_links":{"self":[{"href":"https:\/\/pq19.institutdelteatre.cat\/es\/wp-json\/wp\/v2\/pages\/335"}],"collection":[{"href":"https:\/\/pq19.institutdelteatre.cat\/es\/wp-json\/wp\/v2\/pages"}],"about":[{"href":"https:\/\/pq19.institutdelteatre.cat\/es\/wp-json\/wp\/v2\/types\/page"}],"author":[{"embeddable":true,"href":"https:\/\/pq19.institutdelteatre.cat\/es\/wp-json\/wp\/v2\/users\/1"}],"replies":[{"embeddable":true,"href":"https:\/\/pq19.institutdelteatre.cat\/es\/wp-json\/wp\/v2\/comments?post=335"}],"version-history":[{"count":29,"href":"https:\/\/pq19.institutdelteatre.cat\/es\/wp-json\/wp\/v2\/pages\/335\/revisions"}],"predecessor-version":[{"id":1808,"href":"https:\/\/pq19.institutdelteatre.cat\/es\/wp-json\/wp\/v2\/pages\/335\/revisions\/1808"}],"up":[{"embeddable":true,"href":"https:\/\/pq19.institutdelteatre.cat\/es\/wp-json\/wp\/v2\/pages\/331"}],"wp:featuredmedia":[{"embeddable":true,"href":"https:\/\/pq19.institutdelteatre.cat\/es\/wp-json\/wp\/v2\/media\/1153"}],"wp:attachment":[{"href":"https:\/\/pq19.institutdelteatre.cat\/es\/wp-json\/wp\/v2\/media?parent=335"}],"curies":[{"name":"wp","href":"https:\/\/api.w.org\/{rel}","templated":true}]}}