


















{"id":337,"date":"2018-12-03T12:42:40","date_gmt":"2018-12-03T10:42:40","guid":{"rendered":"http:\/\/pq.institutdelteatre.cat\/pq19\/?page_id=337"},"modified":"2020-05-05T17:10:33","modified_gmt":"2020-05-05T15:10:33","slug":"seccio-estudiants","status":"publish","type":"page","link":"https:\/\/pq19.institutdelteatre.cat\/es\/seccion-estudiantes\/","title":{"rendered":"Secci\u00f3n ESTUDIANTES"},"content":{"rendered":"<p>Lejos de querer hacer una exposici\u00f3n institucional, en esta ocasi\u00f3n hemos querido crear un contexto en el que los estudiantes tengan voz propia y conectada con el presente absoluto de sus inquietudes. Por este motivo convocamos un concurso abierto a todos los estudiantes de las escuelas superiores, la Escola Superior d\u2019Art Dram\u00e0tic (ESAD) y el Conservatori Superior de Dansa (CSD).<\/p>\n<p>Solo pedimos dos cosas: que generasen grupos de creaci\u00f3n que adem\u00e1s de escen\u00f3grafos incluyeran otros perfiles profesionales de las artes esc\u00e9nicas, y que esbozaran una idea que les pareciera interesante trabajar en el marco de una exposici\u00f3n internacional de escenograf\u00eda. Una idea surgida de sus intereses como estudiantes de artes esc\u00e9nicas, en relaci\u00f3n a c\u00f3mo ven o entienden la profesi\u00f3n o conectada a sus procesos creativos.<\/p>\n<p><strong>Proyectos presentados<\/strong><\/p>\n<p>&#8211; <em>F\u00e0brica de Quimeres<\/em> de M\u00edriam Alemany-Garn\u00e9s, Nina L\u00f3pez-Le Galliard, Xavier Or\u00f3 Archs y X\u00e8nia Sendra Luna.<\/p>\n<p>&#8211; Proyecto presentado por Marta L\u00f3pez Figueras, Ona Sallas Batlle, M\u00aa Magdalena Garz\u00f3n Torrandell y Oriol Corral Mero\u00f1o.<\/p>\n<p>&#8211; <em>Fals quadern de viatge<\/em> de Carlota Grau Bag\u00e8s, Cl\u00e0udia Serra Mas y Cristina Vi\u00f1as Marcus.<\/p>\n<p>El proyecto ganador es <em>The\u00e1omai<\/em>, de Lola Belles, Sergi Cerdan, Sara Espinosa y Lluc Ubach. Una propuesta sobre el hecho creativo, la contemplaci\u00f3n y la implicaci\u00f3n del arte con el contexto presente que apela a la experiencia \u00edntima del espectador.<\/p>","protected":false},"excerpt":{"rendered":"<p>Lejos de querer hacer una exposici\u00f3n institucional, en esta ocasi\u00f3n hemos querido crear un contexto en el que los estudiantes tengan voz propia y conectada con el presente absoluto de sus inquietudes. Por este motivo convocamos un concurso abierto a todos los estudiantes de las escuelas superiores, la Escola Superior d\u2019Art Dram\u00e0tic (ESAD) y el &#8230; <a title=\"Secci\u00f3n ESTUDIANTES\" class=\"read-more\" href=\"https:\/\/pq19.institutdelteatre.cat\/es\/seccion-estudiantes\/\" aria-label=\"M\u00e1s en Secci\u00f3n ESTUDIANTES\">Read more<\/a><\/p>\n","protected":false},"author":1,"featured_media":1725,"parent":0,"menu_order":6,"comment_status":"closed","ping_status":"closed","template":"","meta":[],"yoast_head":"<!-- This site is optimized with the Yoast SEO plugin v14.9 - https:\/\/yoast.com\/wordpress\/plugins\/seo\/ -->\n<title>Secci\u00f3n ESTUDIANTES - PQ19-Catalunya - INSTITUT DEL TEATRE<\/title>\n<meta name=\"robots\" content=\"index, follow, max-snippet:-1, max-image-preview:large, max-video-preview:-1\" \/>\n<link rel=\"canonical\" href=\"http:\/\/pq19.institutdelteatre.cat\/seccio-estudiants\/\" \/>\n<meta property=\"og:locale\" content=\"es_ES\" \/>\n<meta property=\"og:type\" content=\"article\" \/>\n<meta property=\"og:title\" content=\"Secci\u00f3n ESTUDIANTES - PQ19-Catalunya - INSTITUT DEL TEATRE\" \/>\n<meta property=\"og:description\" content=\"Lejos de querer hacer una exposici\u00f3n institucional, en esta ocasi\u00f3n hemos querido crear un contexto en el que los estudiantes tengan voz propia y conectada con el presente absoluto de sus inquietudes. Por este motivo convocamos un concurso abierto a todos los estudiantes de las escuelas superiores, la Escola Superior d\u2019Art Dram\u00e0tic (ESAD) y el ... Read more\" \/>\n<meta property=\"og:url\" content=\"http:\/\/pq19.institutdelteatre.cat\/seccio-estudiants\/\" \/>\n<meta property=\"og:site_name\" content=\"PQ19-Catalunya - INSTITUT DEL TEATRE\" \/>\n<meta property=\"article:modified_time\" content=\"2020-05-05T15:10:33+00:00\" \/>\n<meta property=\"og:image\" content=\"https:\/\/pq19.institutdelteatre.cat\/wp-content\/uploads\/estudiants_pq_19.jpg\" \/>\n\t<meta property=\"og:image:width\" content=\"1350\" \/>\n\t<meta property=\"og:image:height\" content=\"900\" \/>\n<meta name=\"twitter:card\" content=\"summary_large_image\" \/>\n<script type=\"application\/ld+json\" class=\"yoast-schema-graph\">{\"@context\":\"https:\/\/schema.org\",\"@graph\":[{\"@type\":\"Organization\",\"@id\":\"https:\/\/pq19.institutdelteatre.cat\/es\/#organization\",\"name\":\"Institut del teatre\",\"url\":\"https:\/\/pq19.institutdelteatre.cat\/es\/\",\"sameAs\":[],\"logo\":{\"@type\":\"ImageObject\",\"@id\":\"https:\/\/pq19.institutdelteatre.cat\/es\/#logo\",\"inLanguage\":\"es\",\"url\":\"https:\/\/pq19.institutdelteatre.cat\/wp-content\/uploads\/2018\/10\/logo_institut-teatre.png\",\"width\":280,\"height\":69,\"caption\":\"Institut del teatre\"},\"image\":{\"@id\":\"https:\/\/pq19.institutdelteatre.cat\/es\/#logo\"}},{\"@type\":\"WebSite\",\"@id\":\"https:\/\/pq19.institutdelteatre.cat\/es\/#website\",\"url\":\"https:\/\/pq19.institutdelteatre.cat\/es\/\",\"name\":\"PQ19-Catalunya - INSTITUT DEL TEATRE\",\"description\":\"INSTITUT DEL TEATRE\",\"publisher\":{\"@id\":\"https:\/\/pq19.institutdelteatre.cat\/es\/#organization\"},\"potentialAction\":[{\"@type\":\"SearchAction\",\"target\":\"https:\/\/pq19.institutdelteatre.cat\/es\/?s={search_term_string}\",\"query-input\":\"required name=search_term_string\"}],\"inLanguage\":\"es\"},{\"@type\":\"ImageObject\",\"@id\":\"http:\/\/pq19.institutdelteatre.cat\/seccio-estudiants\/#primaryimage\",\"inLanguage\":\"es\",\"url\":\"https:\/\/pq19.institutdelteatre.cat\/wp-content\/uploads\/estudiants_pq_19.jpg\",\"width\":1350,\"height\":900,\"caption\":\"\\u00a9 2019 \\u2013 Equip Audiovisuals. Institut del Teatre\"},{\"@type\":\"WebPage\",\"@id\":\"http:\/\/pq19.institutdelteatre.cat\/seccio-estudiants\/#webpage\",\"url\":\"http:\/\/pq19.institutdelteatre.cat\/seccio-estudiants\/\",\"name\":\"Secci\\u00f3n ESTUDIANTES - PQ19-Catalunya - INSTITUT DEL TEATRE\",\"isPartOf\":{\"@id\":\"https:\/\/pq19.institutdelteatre.cat\/es\/#website\"},\"primaryImageOfPage\":{\"@id\":\"http:\/\/pq19.institutdelteatre.cat\/seccio-estudiants\/#primaryimage\"},\"datePublished\":\"2018-12-03T10:42:40+00:00\",\"dateModified\":\"2020-05-05T15:10:33+00:00\",\"breadcrumb\":{\"@id\":\"http:\/\/pq19.institutdelteatre.cat\/seccio-estudiants\/#breadcrumb\"},\"inLanguage\":\"es\",\"potentialAction\":[{\"@type\":\"ReadAction\",\"target\":[\"http:\/\/pq19.institutdelteatre.cat\/seccio-estudiants\/\"]}]},{\"@type\":\"BreadcrumbList\",\"@id\":\"http:\/\/pq19.institutdelteatre.cat\/seccio-estudiants\/#breadcrumb\",\"itemListElement\":[{\"@type\":\"ListItem\",\"position\":1,\"item\":{\"@type\":\"WebPage\",\"@id\":\"http:\/\/pq19.institutdelteatre.cat\/\",\"url\":\"http:\/\/pq19.institutdelteatre.cat\/\",\"name\":\"Inicio\"}},{\"@type\":\"ListItem\",\"position\":2,\"item\":{\"@type\":\"WebPage\",\"@id\":\"http:\/\/pq19.institutdelteatre.cat\/seccio-estudiants\/\",\"url\":\"http:\/\/pq19.institutdelteatre.cat\/seccio-estudiants\/\",\"name\":\"Secci\\u00f3 ESTUDIANTS\"}}]}]}<\/script>\n<!-- \/ Yoast SEO plugin. -->","_links":{"self":[{"href":"https:\/\/pq19.institutdelteatre.cat\/es\/wp-json\/wp\/v2\/pages\/337"}],"collection":[{"href":"https:\/\/pq19.institutdelteatre.cat\/es\/wp-json\/wp\/v2\/pages"}],"about":[{"href":"https:\/\/pq19.institutdelteatre.cat\/es\/wp-json\/wp\/v2\/types\/page"}],"author":[{"embeddable":true,"href":"https:\/\/pq19.institutdelteatre.cat\/es\/wp-json\/wp\/v2\/users\/1"}],"replies":[{"embeddable":true,"href":"https:\/\/pq19.institutdelteatre.cat\/es\/wp-json\/wp\/v2\/comments?post=337"}],"version-history":[{"count":10,"href":"https:\/\/pq19.institutdelteatre.cat\/es\/wp-json\/wp\/v2\/pages\/337\/revisions"}],"predecessor-version":[{"id":1811,"href":"https:\/\/pq19.institutdelteatre.cat\/es\/wp-json\/wp\/v2\/pages\/337\/revisions\/1811"}],"wp:featuredmedia":[{"embeddable":true,"href":"https:\/\/pq19.institutdelteatre.cat\/es\/wp-json\/wp\/v2\/media\/1725"}],"wp:attachment":[{"href":"https:\/\/pq19.institutdelteatre.cat\/es\/wp-json\/wp\/v2\/media?parent=337"}],"curies":[{"name":"wp","href":"https:\/\/api.w.org\/{rel}","templated":true}]}}