


















{"id":339,"date":"2018-12-03T12:43:11","date_gmt":"2018-12-03T10:43:11","guid":{"rendered":"http:\/\/pq.institutdelteatre.cat\/pq19\/?page_id=339"},"modified":"2020-05-12T19:17:55","modified_gmt":"2020-05-12T17:17:55","slug":"pq-talks","status":"publish","type":"page","link":"https:\/\/pq19.institutdelteatre.cat\/es\/seccion-pq-talks\/","title":{"rendered":"Secci\u00f3n PQ TALKS"},"content":{"rendered":"<p><em>\u00abDeber\u00edamos mirar m\u00e1s a menudo por encima de la barandilla de nuestro barco como pasajeros curiosos,<br \/>\n<\/em><em>y no actuar como est\u00fapidos marineros obcecados en atar cuerdas.\u00bb<br \/>\n\u00abGu\u00eda la mirada hacia tu interiory encontrar\u00e1s en tu mente<br \/>\nmiles de regiones a\u00fan por descubrir.\u00bb.<\/em><\/p>\n<p><em><strong>Henry David Thoreau<\/strong><\/em><\/p>\n<p>&nbsp;<\/p>\n<p>En octubre de 2017 la direcci\u00f3n art\u00edstica de la Cuadrienal de Escenograf\u00eda de Praga organiz\u00f3 el simposio Fronteras porosas. Con este t\u00edtulo nos invitaban a reflexionar sobre este concepto tan artificial que es la frontera. De hecho, ni el paisaje ni el conocimiento tienen l\u00edneas dibujadas que separen territorios, todo son puntos en vibraci\u00f3n, flujos de saberes, tradiciones y costumbres que est\u00e1n en constante movimiento y evoluci\u00f3n. Las fronteras no son m\u00e1s que meras convenciones organizativas que creemos inalterables y demasiado a menudo nos empobrecen el riqu\u00edsimo panorama que nos rodea. Es preciso relativizar el concepto de frontera sin relativizar, desvalorar ni restar car\u00e1cter a las infinitas idiosincrasias particulares de cada territorio o campo de conocimiento.<\/p>\n<p>Catalu\u00f1a particip\u00f3 en este simposio el 12 de octubre de 2017, doce d\u00edas despu\u00e9s del refer\u00e9ndum de autodeterminaci\u00f3n de Catalu\u00f1a. Presentamos una ponencia que qued\u00f3 inevitablemente impregnada de los hechos del 1 de octubre. El arte, en tanto que opini\u00f3n, es pol\u00edtico. La reflexi\u00f3n sobre el arte, en consecuencia, es reflexi\u00f3n pol\u00edtica. Por este motivo quisimos compartir con el p\u00fablico la situaci\u00f3n vivida en Catalu\u00f1a unos d\u00edas antes como un acto de defensa de la libertad de expresi\u00f3n y de la democracia.<\/p>\n<p>En el contexto del Simposio de octubre del 2017, nace la propuesta de participar en el bloque Escenograf\u00eda y pol\u00edtica del PQtalks del 2019. La voluntat fue ofrecer una visi\u00f3n actualizada de la situaci\u00f3n en Catalu\u00f1a preparando una conferencia a varias voces titulada <em>Catalu\u00f1a. Arte y Democracia<\/em>.<\/p>","protected":false},"excerpt":{"rendered":"<p>\u00abDeber\u00edamos mirar m\u00e1s a menudo por encima de la barandilla de nuestro barco como pasajeros curiosos, y no actuar como est\u00fapidos marineros obcecados en atar cuerdas.\u00bb \u00abGu\u00eda la mirada hacia tu interiory encontrar\u00e1s en tu mente miles de regiones a\u00fan por descubrir.\u00bb. Henry David Thoreau &nbsp; En octubre de 2017 la direcci\u00f3n art\u00edstica de la &#8230; <a title=\"Secci\u00f3n PQ TALKS\" class=\"read-more\" href=\"https:\/\/pq19.institutdelteatre.cat\/es\/seccion-pq-talks\/\" aria-label=\"M\u00e1s en Secci\u00f3n PQ TALKS\">Read more<\/a><\/p>\n","protected":false},"author":1,"featured_media":1729,"parent":0,"menu_order":7,"comment_status":"closed","ping_status":"closed","template":"","meta":[],"yoast_head":"<!-- This site is optimized with the Yoast SEO plugin v14.9 - https:\/\/yoast.com\/wordpress\/plugins\/seo\/ -->\n<title>Secci\u00f3n PQ TALKS - PQ19-Catalunya - INSTITUT DEL TEATRE<\/title>\n<meta name=\"robots\" content=\"index, follow, max-snippet:-1, max-image-preview:large, max-video-preview:-1\" \/>\n<link rel=\"canonical\" href=\"http:\/\/pq19.institutdelteatre.cat\/seccio-pq-talks\/\" \/>\n<meta property=\"og:locale\" content=\"es_ES\" \/>\n<meta property=\"og:type\" content=\"article\" \/>\n<meta property=\"og:title\" content=\"Secci\u00f3n PQ TALKS - PQ19-Catalunya - INSTITUT DEL TEATRE\" \/>\n<meta property=\"og:description\" content=\"\u00abDeber\u00edamos mirar m\u00e1s a menudo por encima de la barandilla de nuestro barco como pasajeros curiosos, y no actuar como est\u00fapidos marineros obcecados en atar cuerdas.\u00bb \u00abGu\u00eda la mirada hacia tu interiory encontrar\u00e1s en tu mente miles de regiones a\u00fan por descubrir.\u00bb. Henry David Thoreau &nbsp; En octubre de 2017 la direcci\u00f3n art\u00edstica de la ... Read more\" \/>\n<meta property=\"og:url\" content=\"http:\/\/pq19.institutdelteatre.cat\/seccio-pq-talks\/\" \/>\n<meta property=\"og:site_name\" content=\"PQ19-Catalunya - INSTITUT DEL TEATRE\" \/>\n<meta property=\"article:modified_time\" content=\"2020-05-12T17:17:55+00:00\" \/>\n<meta property=\"og:image\" content=\"https:\/\/pq19.institutdelteatre.cat\/wp-content\/uploads\/pq_talks-pq_19.jpg\" \/>\n\t<meta property=\"og:image:width\" content=\"1350\" \/>\n\t<meta property=\"og:image:height\" content=\"900\" \/>\n<meta name=\"twitter:card\" content=\"summary_large_image\" \/>\n<script type=\"application\/ld+json\" class=\"yoast-schema-graph\">{\"@context\":\"https:\/\/schema.org\",\"@graph\":[{\"@type\":\"Organization\",\"@id\":\"https:\/\/pq19.institutdelteatre.cat\/es\/#organization\",\"name\":\"Institut del teatre\",\"url\":\"https:\/\/pq19.institutdelteatre.cat\/es\/\",\"sameAs\":[],\"logo\":{\"@type\":\"ImageObject\",\"@id\":\"https:\/\/pq19.institutdelteatre.cat\/es\/#logo\",\"inLanguage\":\"es\",\"url\":\"https:\/\/pq19.institutdelteatre.cat\/wp-content\/uploads\/2018\/10\/logo_institut-teatre.png\",\"width\":280,\"height\":69,\"caption\":\"Institut del teatre\"},\"image\":{\"@id\":\"https:\/\/pq19.institutdelteatre.cat\/es\/#logo\"}},{\"@type\":\"WebSite\",\"@id\":\"https:\/\/pq19.institutdelteatre.cat\/es\/#website\",\"url\":\"https:\/\/pq19.institutdelteatre.cat\/es\/\",\"name\":\"PQ19-Catalunya - INSTITUT DEL TEATRE\",\"description\":\"INSTITUT DEL TEATRE\",\"publisher\":{\"@id\":\"https:\/\/pq19.institutdelteatre.cat\/es\/#organization\"},\"potentialAction\":[{\"@type\":\"SearchAction\",\"target\":\"https:\/\/pq19.institutdelteatre.cat\/es\/?s={search_term_string}\",\"query-input\":\"required name=search_term_string\"}],\"inLanguage\":\"es\"},{\"@type\":\"ImageObject\",\"@id\":\"http:\/\/pq19.institutdelteatre.cat\/seccio-pq-talks\/#primaryimage\",\"inLanguage\":\"es\",\"url\":\"https:\/\/pq19.institutdelteatre.cat\/wp-content\/uploads\/pq_talks-pq_19.jpg\",\"width\":1350,\"height\":900,\"caption\":\"\\u00a9 2019 \\u2013 Equip Audiovisuals. Institut del Teatre\"},{\"@type\":\"WebPage\",\"@id\":\"http:\/\/pq19.institutdelteatre.cat\/seccio-pq-talks\/#webpage\",\"url\":\"http:\/\/pq19.institutdelteatre.cat\/seccio-pq-talks\/\",\"name\":\"Secci\\u00f3n PQ TALKS - PQ19-Catalunya - INSTITUT DEL TEATRE\",\"isPartOf\":{\"@id\":\"https:\/\/pq19.institutdelteatre.cat\/es\/#website\"},\"primaryImageOfPage\":{\"@id\":\"http:\/\/pq19.institutdelteatre.cat\/seccio-pq-talks\/#primaryimage\"},\"datePublished\":\"2018-12-03T10:43:11+00:00\",\"dateModified\":\"2020-05-12T17:17:55+00:00\",\"breadcrumb\":{\"@id\":\"http:\/\/pq19.institutdelteatre.cat\/seccio-pq-talks\/#breadcrumb\"},\"inLanguage\":\"es\",\"potentialAction\":[{\"@type\":\"ReadAction\",\"target\":[\"http:\/\/pq19.institutdelteatre.cat\/seccio-pq-talks\/\"]}]},{\"@type\":\"BreadcrumbList\",\"@id\":\"http:\/\/pq19.institutdelteatre.cat\/seccio-pq-talks\/#breadcrumb\",\"itemListElement\":[{\"@type\":\"ListItem\",\"position\":1,\"item\":{\"@type\":\"WebPage\",\"@id\":\"http:\/\/pq19.institutdelteatre.cat\/\",\"url\":\"http:\/\/pq19.institutdelteatre.cat\/\",\"name\":\"Inicio\"}},{\"@type\":\"ListItem\",\"position\":2,\"item\":{\"@type\":\"WebPage\",\"@id\":\"http:\/\/pq19.institutdelteatre.cat\/seccio-pq-talks\/\",\"url\":\"http:\/\/pq19.institutdelteatre.cat\/seccio-pq-talks\/\",\"name\":\"Secci\\u00f3 PQ TALKS\"}}]}]}<\/script>\n<!-- \/ Yoast SEO plugin. -->","_links":{"self":[{"href":"https:\/\/pq19.institutdelteatre.cat\/es\/wp-json\/wp\/v2\/pages\/339"}],"collection":[{"href":"https:\/\/pq19.institutdelteatre.cat\/es\/wp-json\/wp\/v2\/pages"}],"about":[{"href":"https:\/\/pq19.institutdelteatre.cat\/es\/wp-json\/wp\/v2\/types\/page"}],"author":[{"embeddable":true,"href":"https:\/\/pq19.institutdelteatre.cat\/es\/wp-json\/wp\/v2\/users\/1"}],"replies":[{"embeddable":true,"href":"https:\/\/pq19.institutdelteatre.cat\/es\/wp-json\/wp\/v2\/comments?post=339"}],"version-history":[{"count":17,"href":"https:\/\/pq19.institutdelteatre.cat\/es\/wp-json\/wp\/v2\/pages\/339\/revisions"}],"predecessor-version":[{"id":1825,"href":"https:\/\/pq19.institutdelteatre.cat\/es\/wp-json\/wp\/v2\/pages\/339\/revisions\/1825"}],"wp:featuredmedia":[{"embeddable":true,"href":"https:\/\/pq19.institutdelteatre.cat\/es\/wp-json\/wp\/v2\/media\/1729"}],"wp:attachment":[{"href":"https:\/\/pq19.institutdelteatre.cat\/es\/wp-json\/wp\/v2\/media?parent=339"}],"curies":[{"name":"wp","href":"https:\/\/api.w.org\/{rel}","templated":true}]}}