


















{"id":341,"date":"2018-12-03T12:43:27","date_gmt":"2018-12-03T10:43:27","guid":{"rendered":"http:\/\/pq.institutdelteatre.cat\/pq19\/?page_id=341"},"modified":"2020-05-12T19:24:43","modified_gmt":"2020-05-12T17:24:43","slug":"pq-studio","status":"publish","type":"page","link":"https:\/\/pq19.institutdelteatre.cat\/es\/seccion-pq-studio\/","title":{"rendered":"Secci\u00f3n PQ STUDIO"},"content":{"rendered":"<p>Laura Clos \u00abClosca\u00bb y N\u00faria Vila son dos j\u00f3venes profesionales de las artes esc\u00e9nicas formadas en el Institut del Teatre de Barcelona. Closca es escen\u00f3grafa y dise\u00f1adora de iluminaci\u00f3n y N\u00faria es escen\u00f3grafa y arquitecta. Su pr\u00e1ctica profesional las consolida como performers con voz activa y comprometida con su entorno social.<\/p>\n<p>Juntas han creado un espect\u00e1culo que toma como punto de partida pl\u00e1stico y dramat\u00fargico los grafitis entendidos como rastros de inquietudes sociales de diversas \u00edndoles. All\u00e1 donde act\u00faan hacen un trabajo de campo previo recorriendo la ciudad y fotografi\u00e1ndola, y partir del material recogido presentan <em>Cuando las paredes hablan<\/em>.<\/p>\n<p>Su proyecto est\u00e1 muy vinculado a las l\u00edneas del comisariado y objetivos art\u00edsticos de la PQ19_Catalu\u00f1a, aunque su participaci\u00f3n en el PQ Studio es una iniciativa propia. La direcci\u00f3n art\u00edstica de la PQ19 ha seleccionado su espect\u00e1culo como uno de los trabajos que se muestra en el marco de la Cuadrienal, y desde aqu\u00ed queremos hacer de altavoz y documentar su paso por el certamen.<\/p>\n<p><a href=\"http:\/\/pq19.institutdelteatre.cat\/wp-content\/uploads\/QUAN-LES-PARETS-PARLEN_cat.pdf\" target=\"_blank\" rel=\"noopener noreferrer\">Dossier PDF<\/a><\/p>\n<p>&nbsp;<\/p>\n<p><figure id=\"attachment_1517\" aria-describedby=\"caption-attachment-1517\" style=\"width: 935px\" class=\"wp-caption aligncenter\"><img loading=\"lazy\" class=\"size-full wp-image-1517\" src=\"http:\/\/pq19.institutdelteatre.cat\/wp-content\/uploads\/pqstudio_bkg2.jpg\" alt=\"\" width=\"945\" height=\"630\" srcset=\"https:\/\/pq19.institutdelteatre.cat\/wp-content\/uploads\/pqstudio_bkg2.jpg 945w, https:\/\/pq19.institutdelteatre.cat\/wp-content\/uploads\/pqstudio_bkg2-300x200.jpg 300w, https:\/\/pq19.institutdelteatre.cat\/wp-content\/uploads\/pqstudio_bkg2-768x512.jpg 768w\" sizes=\"(max-width: 945px) 100vw, 945px\" \/><figcaption id=\"caption-attachment-1517\" class=\"wp-caption-text\">\u00a9 2018 Maria Garc\u00eda<\/figcaption><\/figure><\/p>","protected":false},"excerpt":{"rendered":"<p>Laura Clos \u00abClosca\u00bb y N\u00faria Vila son dos j\u00f3venes profesionales de las artes esc\u00e9nicas formadas en el Institut del Teatre de Barcelona. Closca es escen\u00f3grafa y dise\u00f1adora de iluminaci\u00f3n y N\u00faria es escen\u00f3grafa y arquitecta. Su pr\u00e1ctica profesional las consolida como performers con voz activa y comprometida con su entorno social. Juntas han creado un &#8230; <a title=\"Secci\u00f3n PQ STUDIO\" class=\"read-more\" href=\"https:\/\/pq19.institutdelteatre.cat\/es\/seccion-pq-studio\/\" aria-label=\"M\u00e1s en Secci\u00f3n PQ STUDIO\">Read more<\/a><\/p>\n","protected":false},"author":1,"featured_media":1730,"parent":0,"menu_order":8,"comment_status":"closed","ping_status":"closed","template":"","meta":[],"yoast_head":"<!-- This site is optimized with the Yoast SEO plugin v14.9 - https:\/\/yoast.com\/wordpress\/plugins\/seo\/ -->\n<title>Secci\u00f3n PQ STUDIO - PQ19-Catalunya - INSTITUT DEL TEATRE<\/title>\n<meta name=\"robots\" content=\"index, follow, max-snippet:-1, max-image-preview:large, max-video-preview:-1\" \/>\n<link rel=\"canonical\" href=\"http:\/\/pq19.institutdelteatre.cat\/seccio-pq-studio\/\" \/>\n<meta property=\"og:locale\" content=\"es_ES\" \/>\n<meta property=\"og:type\" content=\"article\" \/>\n<meta property=\"og:title\" content=\"Secci\u00f3n PQ STUDIO - PQ19-Catalunya - INSTITUT DEL TEATRE\" \/>\n<meta property=\"og:description\" content=\"Laura Clos \u00abClosca\u00bb y N\u00faria Vila son dos j\u00f3venes profesionales de las artes esc\u00e9nicas formadas en el Institut del Teatre de Barcelona. Closca es escen\u00f3grafa y dise\u00f1adora de iluminaci\u00f3n y N\u00faria es escen\u00f3grafa y arquitecta. Su pr\u00e1ctica profesional las consolida como performers con voz activa y comprometida con su entorno social. Juntas han creado un ... Read more\" \/>\n<meta property=\"og:url\" content=\"http:\/\/pq19.institutdelteatre.cat\/seccio-pq-studio\/\" \/>\n<meta property=\"og:site_name\" content=\"PQ19-Catalunya - INSTITUT DEL TEATRE\" \/>\n<meta property=\"article:modified_time\" content=\"2020-05-12T17:24:43+00:00\" \/>\n<meta property=\"og:image\" content=\"https:\/\/pq19.institutdelteatre.cat\/wp-content\/uploads\/pq_studio-pq_19.jpg\" \/>\n\t<meta property=\"og:image:width\" content=\"1350\" \/>\n\t<meta property=\"og:image:height\" content=\"900\" \/>\n<meta name=\"twitter:card\" content=\"summary_large_image\" \/>\n<script type=\"application\/ld+json\" class=\"yoast-schema-graph\">{\"@context\":\"https:\/\/schema.org\",\"@graph\":[{\"@type\":\"Organization\",\"@id\":\"https:\/\/pq19.institutdelteatre.cat\/es\/#organization\",\"name\":\"Institut del teatre\",\"url\":\"https:\/\/pq19.institutdelteatre.cat\/es\/\",\"sameAs\":[],\"logo\":{\"@type\":\"ImageObject\",\"@id\":\"https:\/\/pq19.institutdelteatre.cat\/es\/#logo\",\"inLanguage\":\"es\",\"url\":\"https:\/\/pq19.institutdelteatre.cat\/wp-content\/uploads\/2018\/10\/logo_institut-teatre.png\",\"width\":280,\"height\":69,\"caption\":\"Institut del teatre\"},\"image\":{\"@id\":\"https:\/\/pq19.institutdelteatre.cat\/es\/#logo\"}},{\"@type\":\"WebSite\",\"@id\":\"https:\/\/pq19.institutdelteatre.cat\/es\/#website\",\"url\":\"https:\/\/pq19.institutdelteatre.cat\/es\/\",\"name\":\"PQ19-Catalunya - INSTITUT DEL TEATRE\",\"description\":\"INSTITUT DEL TEATRE\",\"publisher\":{\"@id\":\"https:\/\/pq19.institutdelteatre.cat\/es\/#organization\"},\"potentialAction\":[{\"@type\":\"SearchAction\",\"target\":\"https:\/\/pq19.institutdelteatre.cat\/es\/?s={search_term_string}\",\"query-input\":\"required name=search_term_string\"}],\"inLanguage\":\"es\"},{\"@type\":\"ImageObject\",\"@id\":\"http:\/\/pq19.institutdelteatre.cat\/seccio-pq-studio\/#primaryimage\",\"inLanguage\":\"es\",\"url\":\"https:\/\/pq19.institutdelteatre.cat\/wp-content\/uploads\/pq_studio-pq_19.jpg\",\"width\":1350,\"height\":900,\"caption\":\"\\u00a9 2019 \\u2013 Equip Audiovisuals. Institut del Teatre\"},{\"@type\":\"WebPage\",\"@id\":\"http:\/\/pq19.institutdelteatre.cat\/seccio-pq-studio\/#webpage\",\"url\":\"http:\/\/pq19.institutdelteatre.cat\/seccio-pq-studio\/\",\"name\":\"Secci\\u00f3n PQ STUDIO - PQ19-Catalunya - INSTITUT DEL TEATRE\",\"isPartOf\":{\"@id\":\"https:\/\/pq19.institutdelteatre.cat\/es\/#website\"},\"primaryImageOfPage\":{\"@id\":\"http:\/\/pq19.institutdelteatre.cat\/seccio-pq-studio\/#primaryimage\"},\"datePublished\":\"2018-12-03T10:43:27+00:00\",\"dateModified\":\"2020-05-12T17:24:43+00:00\",\"breadcrumb\":{\"@id\":\"http:\/\/pq19.institutdelteatre.cat\/seccio-pq-studio\/#breadcrumb\"},\"inLanguage\":\"es\",\"potentialAction\":[{\"@type\":\"ReadAction\",\"target\":[\"http:\/\/pq19.institutdelteatre.cat\/seccio-pq-studio\/\"]}]},{\"@type\":\"BreadcrumbList\",\"@id\":\"http:\/\/pq19.institutdelteatre.cat\/seccio-pq-studio\/#breadcrumb\",\"itemListElement\":[{\"@type\":\"ListItem\",\"position\":1,\"item\":{\"@type\":\"WebPage\",\"@id\":\"http:\/\/pq19.institutdelteatre.cat\/\",\"url\":\"http:\/\/pq19.institutdelteatre.cat\/\",\"name\":\"Inicio\"}},{\"@type\":\"ListItem\",\"position\":2,\"item\":{\"@type\":\"WebPage\",\"@id\":\"http:\/\/pq19.institutdelteatre.cat\/seccio-pq-studio\/\",\"url\":\"http:\/\/pq19.institutdelteatre.cat\/seccio-pq-studio\/\",\"name\":\"Secci\\u00f3 PQ STUDIO\"}}]}]}<\/script>\n<!-- \/ Yoast SEO plugin. -->","_links":{"self":[{"href":"https:\/\/pq19.institutdelteatre.cat\/es\/wp-json\/wp\/v2\/pages\/341"}],"collection":[{"href":"https:\/\/pq19.institutdelteatre.cat\/es\/wp-json\/wp\/v2\/pages"}],"about":[{"href":"https:\/\/pq19.institutdelteatre.cat\/es\/wp-json\/wp\/v2\/types\/page"}],"author":[{"embeddable":true,"href":"https:\/\/pq19.institutdelteatre.cat\/es\/wp-json\/wp\/v2\/users\/1"}],"replies":[{"embeddable":true,"href":"https:\/\/pq19.institutdelteatre.cat\/es\/wp-json\/wp\/v2\/comments?post=341"}],"version-history":[{"count":12,"href":"https:\/\/pq19.institutdelteatre.cat\/es\/wp-json\/wp\/v2\/pages\/341\/revisions"}],"predecessor-version":[{"id":1814,"href":"https:\/\/pq19.institutdelteatre.cat\/es\/wp-json\/wp\/v2\/pages\/341\/revisions\/1814"}],"wp:featuredmedia":[{"embeddable":true,"href":"https:\/\/pq19.institutdelteatre.cat\/es\/wp-json\/wp\/v2\/media\/1730"}],"wp:attachment":[{"href":"https:\/\/pq19.institutdelteatre.cat\/es\/wp-json\/wp\/v2\/media?parent=341"}],"curies":[{"name":"wp","href":"https:\/\/api.w.org\/{rel}","templated":true}]}}