


















{"id":343,"date":"2018-12-03T12:43:40","date_gmt":"2018-12-03T10:43:40","guid":{"rendered":"http:\/\/pq.institutdelteatre.cat\/pq19\/?page_id=343"},"modified":"2020-05-12T19:38:20","modified_gmt":"2020-05-12T17:38:20","slug":"credits","status":"publish","type":"page","link":"https:\/\/pq19.institutdelteatre.cat\/es\/creditos\/","title":{"rendered":"CR\u00c9DITOS"},"content":{"rendered":"<p>Comisariado PQ19 Catalu\u00f1a _ <strong>Bibiana Puigdef\u00e0bregas<\/strong> y <strong>Marta Rafa<\/strong><br \/>\nDirecci\u00f3n t\u00e9cnica PQ19 Catalu\u00f1a _ <strong>Roger Orra<\/strong><\/p>\n<p>Concepto y dise\u00f1o instalaci\u00f3n Secci\u00f3n Pa\u00edses y Regiones _ <strong>Laura Clos \u00abClosca\u00bb<\/strong>, <strong>Pau Masal\u00f3<\/strong>, <strong>Xesca Salv\u00e0<\/strong>, <strong>Marc Villanueva Mir<\/strong><br \/>\nEscen\u00f3grafas invitadas: <strong>Anna Alcubierre<\/strong>, <strong>Paco Azor\u00edn<\/strong>, <strong>Cube.bz<\/strong>, <strong>S\u00edlvia Delagneau<\/strong>, <strong>Max Glaenzel<\/strong>, <strong>Eugenio Szwarcer<\/strong><br \/>\nDise\u00f1o electr\u00f3nico _ <strong>Carlos Franke<\/strong><br \/>\nAyudante Dise\u00f1o electr\u00f3nico _ <strong>Jakob Boeckh<\/strong><br \/>\nDise\u00f1o de sonido_ <strong>Gerard Valverde<\/strong><br \/>\nVideo_ <strong>Alfonso Ferri<\/strong><br \/>\nAyudante de video_ <strong>Laia Tub\u00edo<\/strong><br \/>\nConstrucci\u00f3n_ <strong>Jorba-Mir\u00f3<\/strong>, <strong>Estudi Taller d\u2019Escenografia<\/strong><br \/>\nTraducci\u00f3n al checo_ <strong>Eli\u0161ka Raiterov\u00e1<\/strong><br \/>\nDoblaje al ingl\u00e9s_ <strong>Herbert Graf<\/strong>, <strong>Am\u00e9lie Haller<\/strong>, <strong>Maria Huber<\/strong>, <strong>Martin M\u00fcller<\/strong><br \/>\nDoblaje al checo_ <strong>Nina Jacques<\/strong>, <strong>Bo\u0159ek Joura<\/strong>, <strong>Nata\u0161a Mikulov\u00e1<\/strong>, <strong>Ian Mikyska<\/strong><br \/>\nAgradecimientos: <strong>Eduardo C\u00e1liz<\/strong>, <strong>Toni Cervantes<\/strong>, <strong>Cesca Fora<\/strong><\/p>\n<p>Dise\u00f1o instalaci\u00f3n secci\u00f3n Estudiantes _ <strong>Lola Belles<\/strong>, <strong>Sergi Cerdan<\/strong>, <strong>Sara Espinosa<\/strong>, <strong>Lluch Ubach<\/strong><br \/>\nConstrucci\u00f3n _ <strong>Jorba-Mir\u00f3<\/strong>, <strong>Estudi Taller d\u2019Escenografia<\/strong><br \/>\nAgradecimientos: <strong>Anna Gual<\/strong>, poeta.<\/p>\n<p>Documentaci\u00f3n (fotos y v\u00eddeos) _ <strong>Alfonso Ferri<\/strong><br \/>\nImagen y web _ <strong>Jaume Roure<\/strong>, <strong>Xavier Colomer<\/strong> y <strong>Jordi Espuny<\/strong><br \/>\nTraducciones web_ <strong>Pere Bramon<\/strong> y <strong>Neil Charlton<\/strong><br \/>\nCorrecci\u00f3n del catal\u00e1n _ <strong>H\u00e8ctor Cesena<\/strong><\/p>\n<p>&nbsp;<\/p>\n<p><strong>Equipo del Institut del Teatre implicado con la PQ19_Catalunya:<\/strong><\/p>\n<p>Direcci\u00f3n General _ <strong>Magda Puyo<\/strong><br \/>\nGerencia _ <strong>Jordi Roig<\/strong><br \/>\nResponsable de Servicios Culturales _ <strong>Carles Batlle<\/strong><br \/>\nDirecci\u00f3n de la ESAD _ <strong>Montse Vellveh\u00ed<\/strong><br \/>\nResponsable de la Especialidad de Escenograf\u00eda _ <strong>Montse Amen\u00f3s<\/strong><br \/>\nDirecci\u00f3n del CSD _ <strong>Alexis Eupierre<\/strong><br \/>\nProfesora de la ESTAE _ <strong>Laura Gutierrez<\/strong><br \/>\nProducci\u00f3n _ <strong>Maria Guill\u00e9n<\/strong><br \/>\nComunicaci\u00f3n _ <strong>Ruth Tormo<\/strong> y <strong>Mireia Siles<\/strong><\/p>\n<p>Alumnos del Institut del Teatre que colaboran en la Cuadrienal de Escenograf\u00eda de Praga 2019 _ <strong>J\u00falia Bauer<\/strong>, <strong>Andrea Bel<\/strong>, <strong>Ivan Cascon<\/strong>, <strong>X\u00e8nia Cub\u00ed<\/strong>, <strong>Ivet Duran<\/strong>, <strong>Maria Garcia<\/strong>, <strong>Ona<\/strong><br \/>\n<strong>Guilera<\/strong>, <strong>Lluc Mart\u00ed<\/strong>, <strong>Alba Paituv\u00ed<\/strong>, <strong>Lloren\u00e7 P\u00e9rez<\/strong>, <strong>Josep Pijuan<\/strong>, <strong>Ona Sallas<\/strong> y <strong>Joan Xanc\u00f3<\/strong>.<\/p>\n<p>Colaboraci\u00f3n especial en el PQ Talks: <strong>Joan M. Minguet<\/strong><\/p>","protected":false},"excerpt":{"rendered":"<p>Comisariado PQ19 Catalu\u00f1a _ Bibiana Puigdef\u00e0bregas y Marta Rafa Direcci\u00f3n t\u00e9cnica PQ19 Catalu\u00f1a _ Roger Orra Concepto y dise\u00f1o instalaci\u00f3n Secci\u00f3n Pa\u00edses y Regiones _ Laura Clos \u00abClosca\u00bb, Pau Masal\u00f3, Xesca Salv\u00e0, Marc Villanueva Mir Escen\u00f3grafas invitadas: Anna Alcubierre, Paco Azor\u00edn, Cube.bz, S\u00edlvia Delagneau, Max Glaenzel, Eugenio Szwarcer Dise\u00f1o electr\u00f3nico _ Carlos Franke Ayudante Dise\u00f1o &#8230; <a title=\"CR\u00c9DITOS\" class=\"read-more\" href=\"https:\/\/pq19.institutdelteatre.cat\/es\/creditos\/\" aria-label=\"M\u00e1s en CR\u00c9DITOS\">Read more<\/a><\/p>\n","protected":false},"author":1,"featured_media":1723,"parent":0,"menu_order":9,"comment_status":"closed","ping_status":"closed","template":"","meta":[],"yoast_head":"<!-- This site is optimized with the Yoast SEO plugin v14.9 - https:\/\/yoast.com\/wordpress\/plugins\/seo\/ -->\n<title>CR\u00c9DITOS - PQ19-Catalunya - INSTITUT DEL TEATRE<\/title>\n<meta name=\"robots\" content=\"index, follow, max-snippet:-1, max-image-preview:large, max-video-preview:-1\" \/>\n<link rel=\"canonical\" href=\"http:\/\/pq19.institutdelteatre.cat\/credits\/\" \/>\n<meta property=\"og:locale\" content=\"es_ES\" \/>\n<meta property=\"og:type\" content=\"article\" \/>\n<meta property=\"og:title\" content=\"CR\u00c9DITOS - PQ19-Catalunya - INSTITUT DEL TEATRE\" \/>\n<meta property=\"og:description\" content=\"Comisariado PQ19 Catalu\u00f1a _ Bibiana Puigdef\u00e0bregas y Marta Rafa Direcci\u00f3n t\u00e9cnica PQ19 Catalu\u00f1a _ Roger Orra Concepto y dise\u00f1o instalaci\u00f3n Secci\u00f3n Pa\u00edses y Regiones _ Laura Clos \u00abClosca\u00bb, Pau Masal\u00f3, Xesca Salv\u00e0, Marc Villanueva Mir Escen\u00f3grafas invitadas: Anna Alcubierre, Paco Azor\u00edn, Cube.bz, S\u00edlvia Delagneau, Max Glaenzel, Eugenio Szwarcer Dise\u00f1o electr\u00f3nico _ Carlos Franke Ayudante Dise\u00f1o ... Read more\" \/>\n<meta property=\"og:url\" content=\"http:\/\/pq19.institutdelteatre.cat\/credits\/\" \/>\n<meta property=\"og:site_name\" content=\"PQ19-Catalunya - INSTITUT DEL TEATRE\" \/>\n<meta property=\"article:modified_time\" content=\"2020-05-12T17:38:20+00:00\" \/>\n<meta property=\"og:image\" content=\"https:\/\/pq19.institutdelteatre.cat\/wp-content\/uploads\/credits_pq_19.jpg\" \/>\n\t<meta property=\"og:image:width\" content=\"1350\" \/>\n\t<meta property=\"og:image:height\" content=\"900\" \/>\n<meta name=\"twitter:card\" content=\"summary_large_image\" \/>\n<script type=\"application\/ld+json\" class=\"yoast-schema-graph\">{\"@context\":\"https:\/\/schema.org\",\"@graph\":[{\"@type\":\"Organization\",\"@id\":\"https:\/\/pq19.institutdelteatre.cat\/es\/#organization\",\"name\":\"Institut del teatre\",\"url\":\"https:\/\/pq19.institutdelteatre.cat\/es\/\",\"sameAs\":[],\"logo\":{\"@type\":\"ImageObject\",\"@id\":\"https:\/\/pq19.institutdelteatre.cat\/es\/#logo\",\"inLanguage\":\"es\",\"url\":\"https:\/\/pq19.institutdelteatre.cat\/wp-content\/uploads\/2018\/10\/logo_institut-teatre.png\",\"width\":280,\"height\":69,\"caption\":\"Institut del teatre\"},\"image\":{\"@id\":\"https:\/\/pq19.institutdelteatre.cat\/es\/#logo\"}},{\"@type\":\"WebSite\",\"@id\":\"https:\/\/pq19.institutdelteatre.cat\/es\/#website\",\"url\":\"https:\/\/pq19.institutdelteatre.cat\/es\/\",\"name\":\"PQ19-Catalunya - INSTITUT DEL TEATRE\",\"description\":\"INSTITUT DEL TEATRE\",\"publisher\":{\"@id\":\"https:\/\/pq19.institutdelteatre.cat\/es\/#organization\"},\"potentialAction\":[{\"@type\":\"SearchAction\",\"target\":\"https:\/\/pq19.institutdelteatre.cat\/es\/?s={search_term_string}\",\"query-input\":\"required name=search_term_string\"}],\"inLanguage\":\"es\"},{\"@type\":\"ImageObject\",\"@id\":\"http:\/\/pq19.institutdelteatre.cat\/credits\/#primaryimage\",\"inLanguage\":\"es\",\"url\":\"https:\/\/pq19.institutdelteatre.cat\/wp-content\/uploads\/credits_pq_19.jpg\",\"width\":1350,\"height\":900,\"caption\":\"\\u00a9 2019 \\u2013 Equip Audiovisuals. Institut del Teatre\"},{\"@type\":\"WebPage\",\"@id\":\"http:\/\/pq19.institutdelteatre.cat\/credits\/#webpage\",\"url\":\"http:\/\/pq19.institutdelteatre.cat\/credits\/\",\"name\":\"CR\\u00c9DITOS - PQ19-Catalunya - INSTITUT DEL TEATRE\",\"isPartOf\":{\"@id\":\"https:\/\/pq19.institutdelteatre.cat\/es\/#website\"},\"primaryImageOfPage\":{\"@id\":\"http:\/\/pq19.institutdelteatre.cat\/credits\/#primaryimage\"},\"datePublished\":\"2018-12-03T10:43:40+00:00\",\"dateModified\":\"2020-05-12T17:38:20+00:00\",\"breadcrumb\":{\"@id\":\"http:\/\/pq19.institutdelteatre.cat\/credits\/#breadcrumb\"},\"inLanguage\":\"es\",\"potentialAction\":[{\"@type\":\"ReadAction\",\"target\":[\"http:\/\/pq19.institutdelteatre.cat\/credits\/\"]}]},{\"@type\":\"BreadcrumbList\",\"@id\":\"http:\/\/pq19.institutdelteatre.cat\/credits\/#breadcrumb\",\"itemListElement\":[{\"@type\":\"ListItem\",\"position\":1,\"item\":{\"@type\":\"WebPage\",\"@id\":\"http:\/\/pq19.institutdelteatre.cat\/\",\"url\":\"http:\/\/pq19.institutdelteatre.cat\/\",\"name\":\"Inicio\"}},{\"@type\":\"ListItem\",\"position\":2,\"item\":{\"@type\":\"WebPage\",\"@id\":\"http:\/\/pq19.institutdelteatre.cat\/credits\/\",\"url\":\"http:\/\/pq19.institutdelteatre.cat\/credits\/\",\"name\":\"CR\\u00c8DITS\"}}]}]}<\/script>\n<!-- \/ Yoast SEO plugin. -->","_links":{"self":[{"href":"https:\/\/pq19.institutdelteatre.cat\/es\/wp-json\/wp\/v2\/pages\/343"}],"collection":[{"href":"https:\/\/pq19.institutdelteatre.cat\/es\/wp-json\/wp\/v2\/pages"}],"about":[{"href":"https:\/\/pq19.institutdelteatre.cat\/es\/wp-json\/wp\/v2\/types\/page"}],"author":[{"embeddable":true,"href":"https:\/\/pq19.institutdelteatre.cat\/es\/wp-json\/wp\/v2\/users\/1"}],"replies":[{"embeddable":true,"href":"https:\/\/pq19.institutdelteatre.cat\/es\/wp-json\/wp\/v2\/comments?post=343"}],"version-history":[{"count":24,"href":"https:\/\/pq19.institutdelteatre.cat\/es\/wp-json\/wp\/v2\/pages\/343\/revisions"}],"predecessor-version":[{"id":1829,"href":"https:\/\/pq19.institutdelteatre.cat\/es\/wp-json\/wp\/v2\/pages\/343\/revisions\/1829"}],"wp:featuredmedia":[{"embeddable":true,"href":"https:\/\/pq19.institutdelteatre.cat\/es\/wp-json\/wp\/v2\/media\/1723"}],"wp:attachment":[{"href":"https:\/\/pq19.institutdelteatre.cat\/es\/wp-json\/wp\/v2\/media?parent=343"}],"curies":[{"name":"wp","href":"https:\/\/api.w.org\/{rel}","templated":true}]}}