


















{"id":345,"date":"2018-12-03T12:43:54","date_gmt":"2018-12-03T10:43:54","guid":{"rendered":"http:\/\/pq.institutdelteatre.cat\/pq19\/?page_id=345"},"modified":"2020-05-05T17:18:12","modified_gmt":"2020-05-05T15:18:12","slug":"complicitats","status":"publish","type":"page","link":"https:\/\/pq19.institutdelteatre.cat\/es\/complicidades\/","title":{"rendered":"COMPLICIDADES"},"content":{"rendered":"<p>El Institut del Teatre desde la Especialidad de Escenograf\u00eda participa por novena vez en la Cuadrienal de Escenograf\u00eda y Espacios Teatrales de Praga comisariando la presencia catalana.<\/p>\n<p>Desde 1987 han sido comisarios <strong>Josep Montany\u00e8s<\/strong>, <strong>Isidre Bravo<\/strong>, <strong>Guillem-Jordi Graells<\/strong> y <strong>Ramon B. Ivars<\/strong>. A todos ellos y a sus equipos va dirigido nuestro primer agradecimiento, por su iniciativa, su perseverancia y los \u00e9xitos que obtuvieron en aquellas ediciones. Sin esta herencia hubiera sido imposible emprender esta aventura.<\/p>\n<p>Catalu\u00f1a participa por segunda vez en la Cuadrienal de Praga de forma aut\u00f3noma. En 2015 iniciamos este nuevo camino en solitario. Ha sido posible, tanto entonces como ahora, gracias a la confianza y el apoyo de las instituciones catalanas.<\/p>\n<p>Tambi\u00e9n desde 2015 el <strong>Institut Ramon Llull<\/strong> nos ha dado su apoyo en este proyecto. Gracias a su colaboraci\u00f3n econ\u00f3mica, al di\u00e1logo y a su inter\u00e9s, esta web se ha hecho realidad. Para nosotros se trata de una valiosa herramienta para recoger todo lo que Catalu\u00f1a ha llevado y expuesto en la PQ19, hacerlo visible y compartirlo m\u00e1s all\u00e1 de la Cuadrienal.<\/p>","protected":false},"excerpt":{"rendered":"<p>El Institut del Teatre desde la Especialidad de Escenograf\u00eda participa por novena vez en la Cuadrienal de Escenograf\u00eda y Espacios Teatrales de Praga comisariando la presencia catalana. Desde 1987 han sido comisarios Josep Montany\u00e8s, Isidre Bravo, Guillem-Jordi Graells y Ramon B. Ivars. A todos ellos y a sus equipos va dirigido nuestro primer agradecimiento, por &#8230; <a title=\"COMPLICIDADES\" class=\"read-more\" href=\"https:\/\/pq19.institutdelteatre.cat\/es\/complicidades\/\" aria-label=\"M\u00e1s en COMPLICIDADES\">Read more<\/a><\/p>\n","protected":false},"author":1,"featured_media":1724,"parent":0,"menu_order":10,"comment_status":"closed","ping_status":"closed","template":"","meta":[],"yoast_head":"<!-- This site is optimized with the Yoast SEO plugin v14.9 - https:\/\/yoast.com\/wordpress\/plugins\/seo\/ -->\n<title>COMPLICIDADES - PQ19-Catalunya - INSTITUT DEL TEATRE<\/title>\n<meta name=\"robots\" content=\"index, follow, max-snippet:-1, max-image-preview:large, max-video-preview:-1\" \/>\n<link rel=\"canonical\" href=\"http:\/\/pq19.institutdelteatre.cat\/complicitats\/\" \/>\n<meta property=\"og:locale\" content=\"es_ES\" \/>\n<meta property=\"og:type\" content=\"article\" \/>\n<meta property=\"og:title\" content=\"COMPLICIDADES - PQ19-Catalunya - INSTITUT DEL TEATRE\" \/>\n<meta property=\"og:description\" content=\"El Institut del Teatre desde la Especialidad de Escenograf\u00eda participa por novena vez en la Cuadrienal de Escenograf\u00eda y Espacios Teatrales de Praga comisariando la presencia catalana. Desde 1987 han sido comisarios Josep Montany\u00e8s, Isidre Bravo, Guillem-Jordi Graells y Ramon B. Ivars. A todos ellos y a sus equipos va dirigido nuestro primer agradecimiento, por ... Read more\" \/>\n<meta property=\"og:url\" content=\"http:\/\/pq19.institutdelteatre.cat\/complicitats\/\" \/>\n<meta property=\"og:site_name\" content=\"PQ19-Catalunya - INSTITUT DEL TEATRE\" \/>\n<meta property=\"article:modified_time\" content=\"2020-05-05T15:18:12+00:00\" \/>\n<meta property=\"og:image\" content=\"https:\/\/pq19.institutdelteatre.cat\/wp-content\/uploads\/complicitats_pq_19.jpg\" \/>\n\t<meta property=\"og:image:width\" content=\"1350\" \/>\n\t<meta property=\"og:image:height\" content=\"900\" \/>\n<meta name=\"twitter:card\" content=\"summary_large_image\" \/>\n<script type=\"application\/ld+json\" class=\"yoast-schema-graph\">{\"@context\":\"https:\/\/schema.org\",\"@graph\":[{\"@type\":\"Organization\",\"@id\":\"https:\/\/pq19.institutdelteatre.cat\/es\/#organization\",\"name\":\"Institut del teatre\",\"url\":\"https:\/\/pq19.institutdelteatre.cat\/es\/\",\"sameAs\":[],\"logo\":{\"@type\":\"ImageObject\",\"@id\":\"https:\/\/pq19.institutdelteatre.cat\/es\/#logo\",\"inLanguage\":\"es\",\"url\":\"https:\/\/pq19.institutdelteatre.cat\/wp-content\/uploads\/2018\/10\/logo_institut-teatre.png\",\"width\":280,\"height\":69,\"caption\":\"Institut del teatre\"},\"image\":{\"@id\":\"https:\/\/pq19.institutdelteatre.cat\/es\/#logo\"}},{\"@type\":\"WebSite\",\"@id\":\"https:\/\/pq19.institutdelteatre.cat\/es\/#website\",\"url\":\"https:\/\/pq19.institutdelteatre.cat\/es\/\",\"name\":\"PQ19-Catalunya - INSTITUT DEL TEATRE\",\"description\":\"INSTITUT DEL TEATRE\",\"publisher\":{\"@id\":\"https:\/\/pq19.institutdelteatre.cat\/es\/#organization\"},\"potentialAction\":[{\"@type\":\"SearchAction\",\"target\":\"https:\/\/pq19.institutdelteatre.cat\/es\/?s={search_term_string}\",\"query-input\":\"required name=search_term_string\"}],\"inLanguage\":\"es\"},{\"@type\":\"ImageObject\",\"@id\":\"http:\/\/pq19.institutdelteatre.cat\/complicitats\/#primaryimage\",\"inLanguage\":\"es\",\"url\":\"https:\/\/pq19.institutdelteatre.cat\/wp-content\/uploads\/complicitats_pq_19.jpg\",\"width\":1350,\"height\":900,\"caption\":\"\\u00a9 2019 \\u2013 Equip Audiovisuals. Institut del Teatre\"},{\"@type\":\"WebPage\",\"@id\":\"http:\/\/pq19.institutdelteatre.cat\/complicitats\/#webpage\",\"url\":\"http:\/\/pq19.institutdelteatre.cat\/complicitats\/\",\"name\":\"COMPLICIDADES - PQ19-Catalunya - INSTITUT DEL TEATRE\",\"isPartOf\":{\"@id\":\"https:\/\/pq19.institutdelteatre.cat\/es\/#website\"},\"primaryImageOfPage\":{\"@id\":\"http:\/\/pq19.institutdelteatre.cat\/complicitats\/#primaryimage\"},\"datePublished\":\"2018-12-03T10:43:54+00:00\",\"dateModified\":\"2020-05-05T15:18:12+00:00\",\"breadcrumb\":{\"@id\":\"http:\/\/pq19.institutdelteatre.cat\/complicitats\/#breadcrumb\"},\"inLanguage\":\"es\",\"potentialAction\":[{\"@type\":\"ReadAction\",\"target\":[\"http:\/\/pq19.institutdelteatre.cat\/complicitats\/\"]}]},{\"@type\":\"BreadcrumbList\",\"@id\":\"http:\/\/pq19.institutdelteatre.cat\/complicitats\/#breadcrumb\",\"itemListElement\":[{\"@type\":\"ListItem\",\"position\":1,\"item\":{\"@type\":\"WebPage\",\"@id\":\"http:\/\/pq19.institutdelteatre.cat\/\",\"url\":\"http:\/\/pq19.institutdelteatre.cat\/\",\"name\":\"Inicio\"}},{\"@type\":\"ListItem\",\"position\":2,\"item\":{\"@type\":\"WebPage\",\"@id\":\"http:\/\/pq19.institutdelteatre.cat\/complicitats\/\",\"url\":\"http:\/\/pq19.institutdelteatre.cat\/complicitats\/\",\"name\":\"COMPLICITATS\"}}]}]}<\/script>\n<!-- \/ Yoast SEO plugin. -->","_links":{"self":[{"href":"https:\/\/pq19.institutdelteatre.cat\/es\/wp-json\/wp\/v2\/pages\/345"}],"collection":[{"href":"https:\/\/pq19.institutdelteatre.cat\/es\/wp-json\/wp\/v2\/pages"}],"about":[{"href":"https:\/\/pq19.institutdelteatre.cat\/es\/wp-json\/wp\/v2\/types\/page"}],"author":[{"embeddable":true,"href":"https:\/\/pq19.institutdelteatre.cat\/es\/wp-json\/wp\/v2\/users\/1"}],"replies":[{"embeddable":true,"href":"https:\/\/pq19.institutdelteatre.cat\/es\/wp-json\/wp\/v2\/comments?post=345"}],"version-history":[{"count":8,"href":"https:\/\/pq19.institutdelteatre.cat\/es\/wp-json\/wp\/v2\/pages\/345\/revisions"}],"predecessor-version":[{"id":1820,"href":"https:\/\/pq19.institutdelteatre.cat\/es\/wp-json\/wp\/v2\/pages\/345\/revisions\/1820"}],"wp:featuredmedia":[{"embeddable":true,"href":"https:\/\/pq19.institutdelteatre.cat\/es\/wp-json\/wp\/v2\/media\/1724"}],"wp:attachment":[{"href":"https:\/\/pq19.institutdelteatre.cat\/es\/wp-json\/wp\/v2\/media?parent=345"}],"curies":[{"name":"wp","href":"https:\/\/api.w.org\/{rel}","templated":true}]}}