


















{"id":348,"date":"2018-12-03T12:46:37","date_gmt":"2018-12-03T10:46:37","guid":{"rendered":"http:\/\/pq.institutdelteatre.cat\/pq19\/?page_id=348"},"modified":"2020-02-28T19:24:39","modified_gmt":"2020-02-28T17:24:39","slug":"la-installacio","status":"publish","type":"page","link":"https:\/\/pq19.institutdelteatre.cat\/es\/seccion-paises-y-regiones\/prospective-actions-catalunya-2004-2018\/","title":{"rendered":"PROSPECTIVE ACTIONS (Catalunya 2004-2018)"},"content":{"rendered":"<p>De igual modo que los estados utilizan constantemente estrategias performativas para sostener sus estructuras de poder, cada vez m\u00e1s acciones de resistencia, impulsadas por movimientos de base del todo heterog\u00e9neos, desaf\u00edan el poder con representaciones alternativas de espacios y cuerpos y se vuelven capaces tanto de inspirar como de cuestionar el dise\u00f1o de espacios esc\u00e9nicos.<\/p>\n<p><em>Prospective Actions (Catalunya 2004-2018)<\/em> es una instalaci\u00f3n multimedia participativa que explora este tema ante seis casos de conflicto social que han ocurrido en Catalu\u00f1a en los \u00faltimos 15 a\u00f1os y que demuestran una fuerte tensi\u00f3n entre el control policial y la creaci\u00f3n de nuevas formas de utilizaci\u00f3n y producci\u00f3n del espacio p\u00fablico. Hemos invitado a seis escen\u00f3grafas catalanas que empezaron a trabajar en los a\u00f1os noventa para que nos ayudaran a pensar sobre estos casos as\u00ed como sobre la posici\u00f3n del arte ante los conflictos pol\u00edticos y las conexiones entre taller y calle. Una gran mesa redonda se convierte en un tablero de juego, el escenario para una serie de acciones potenciales, y un punto de encuentro entre dos generaciones, separadas por el estallido de la crisis financiera y su impacto en nuestras vidas, condiciones de trabajo y visiones sobre el mundo.<\/p>\n<p><a href=\"http:\/\/pq19.institutdelteatre.cat\/wp-content\/uploads\/Prospective_Actions_es.pdf\" target=\"_blank\" rel=\"noopener noreferrer\">&#8211; Dosier Prospective Actions<\/a><\/p>\n<p>&nbsp;<\/p>\n<p><strong>Laura Clos \u00abClosca\u00bb, Pau Masal\u00f3, Xesca Salv\u00e0 i Marc Villanueva<\/strong><br \/>\nAutoras y dise\u00f1adoras de la instalaci\u00f3n<\/p>","protected":false},"excerpt":{"rendered":"<p>De igual modo que los estados utilizan constantemente estrategias performativas para sostener sus estructuras de poder, cada vez m\u00e1s acciones de resistencia, impulsadas por movimientos de base del todo heterog\u00e9neos, desaf\u00edan el poder con representaciones alternativas de espacios y cuerpos y se vuelven capaces tanto de inspirar como de cuestionar el dise\u00f1o de espacios esc\u00e9nicos. &#8230; <a title=\"PROSPECTIVE ACTIONS (Catalunya 2004-2018)\" class=\"read-more\" href=\"https:\/\/pq19.institutdelteatre.cat\/es\/seccion-paises-y-regiones\/prospective-actions-catalunya-2004-2018\/\" aria-label=\"M\u00e1s en PROSPECTIVE ACTIONS (Catalunya 2004-2018)\">Read more<\/a><\/p>\n","protected":false},"author":1,"featured_media":1594,"parent":184,"menu_order":1,"comment_status":"closed","ping_status":"closed","template":"","meta":[],"yoast_head":"<!-- This site is optimized with the Yoast SEO plugin v14.9 - https:\/\/yoast.com\/wordpress\/plugins\/seo\/ -->\n<title>PROSPECTIVE ACTIONS (Catalunya 2004-2018) - PQ19-Catalunya - INSTITUT DEL TEATRE<\/title>\n<meta name=\"robots\" content=\"index, follow, max-snippet:-1, max-image-preview:large, max-video-preview:-1\" \/>\n<link rel=\"canonical\" href=\"http:\/\/pq19.institutdelteatre.cat\/es\/seccion-paises-y-regiones\/prospective-actions-catalunya-2004-2018\/\" \/>\n<meta property=\"og:locale\" content=\"es_ES\" \/>\n<meta property=\"og:type\" content=\"article\" \/>\n<meta property=\"og:title\" content=\"PROSPECTIVE ACTIONS (Catalunya 2004-2018) - PQ19-Catalunya - INSTITUT DEL TEATRE\" \/>\n<meta property=\"og:description\" content=\"De igual modo que los estados utilizan constantemente estrategias performativas para sostener sus estructuras de poder, cada vez m\u00e1s acciones de resistencia, impulsadas por movimientos de base del todo heterog\u00e9neos, desaf\u00edan el poder con representaciones alternativas de espacios y cuerpos y se vuelven capaces tanto de inspirar como de cuestionar el dise\u00f1o de espacios esc\u00e9nicos. ... Read more\" \/>\n<meta property=\"og:url\" content=\"http:\/\/pq19.institutdelteatre.cat\/es\/seccion-paises-y-regiones\/prospective-actions-catalunya-2004-2018\/\" \/>\n<meta property=\"og:site_name\" content=\"PQ19-Catalunya - INSTITUT DEL TEATRE\" \/>\n<meta property=\"article:modified_time\" content=\"2020-02-28T17:24:39+00:00\" \/>\n<meta property=\"og:image\" content=\"https:\/\/pq19.institutdelteatre.cat\/wp-content\/uploads\/instalacio-bkg2.jpg\" \/>\n\t<meta property=\"og:image:width\" content=\"1350\" \/>\n\t<meta property=\"og:image:height\" content=\"900\" \/>\n<meta name=\"twitter:card\" content=\"summary_large_image\" \/>\n<script type=\"application\/ld+json\" class=\"yoast-schema-graph\">{\"@context\":\"https:\/\/schema.org\",\"@graph\":[{\"@type\":\"Organization\",\"@id\":\"https:\/\/pq19.institutdelteatre.cat\/es\/#organization\",\"name\":\"Institut del teatre\",\"url\":\"https:\/\/pq19.institutdelteatre.cat\/es\/\",\"sameAs\":[],\"logo\":{\"@type\":\"ImageObject\",\"@id\":\"https:\/\/pq19.institutdelteatre.cat\/es\/#logo\",\"inLanguage\":\"es\",\"url\":\"https:\/\/pq19.institutdelteatre.cat\/wp-content\/uploads\/2018\/10\/logo_institut-teatre.png\",\"width\":280,\"height\":69,\"caption\":\"Institut del teatre\"},\"image\":{\"@id\":\"https:\/\/pq19.institutdelteatre.cat\/es\/#logo\"}},{\"@type\":\"WebSite\",\"@id\":\"https:\/\/pq19.institutdelteatre.cat\/es\/#website\",\"url\":\"https:\/\/pq19.institutdelteatre.cat\/es\/\",\"name\":\"PQ19-Catalunya - INSTITUT DEL TEATRE\",\"description\":\"INSTITUT DEL TEATRE\",\"publisher\":{\"@id\":\"https:\/\/pq19.institutdelteatre.cat\/es\/#organization\"},\"potentialAction\":[{\"@type\":\"SearchAction\",\"target\":\"https:\/\/pq19.institutdelteatre.cat\/es\/?s={search_term_string}\",\"query-input\":\"required name=search_term_string\"}],\"inLanguage\":\"es\"},{\"@type\":\"ImageObject\",\"@id\":\"http:\/\/pq19.institutdelteatre.cat\/es\/seccion-paises-y-regiones\/prospective-actions-catalunya-2004-2018\/#primaryimage\",\"inLanguage\":\"es\",\"url\":\"https:\/\/pq19.institutdelteatre.cat\/wp-content\/uploads\/instalacio-bkg2.jpg\",\"width\":1350,\"height\":900,\"caption\":\"\\u00a9 2019 - Equip Audiovisuals. Institut del Teatre\"},{\"@type\":\"WebPage\",\"@id\":\"http:\/\/pq19.institutdelteatre.cat\/es\/seccion-paises-y-regiones\/prospective-actions-catalunya-2004-2018\/#webpage\",\"url\":\"http:\/\/pq19.institutdelteatre.cat\/es\/seccion-paises-y-regiones\/prospective-actions-catalunya-2004-2018\/\",\"name\":\"PROSPECTIVE ACTIONS (Catalunya 2004-2018) - PQ19-Catalunya - INSTITUT DEL TEATRE\",\"isPartOf\":{\"@id\":\"https:\/\/pq19.institutdelteatre.cat\/es\/#website\"},\"primaryImageOfPage\":{\"@id\":\"http:\/\/pq19.institutdelteatre.cat\/es\/seccion-paises-y-regiones\/prospective-actions-catalunya-2004-2018\/#primaryimage\"},\"datePublished\":\"2018-12-03T10:46:37+00:00\",\"dateModified\":\"2020-02-28T17:24:39+00:00\",\"breadcrumb\":{\"@id\":\"http:\/\/pq19.institutdelteatre.cat\/es\/seccion-paises-y-regiones\/prospective-actions-catalunya-2004-2018\/#breadcrumb\"},\"inLanguage\":\"es\",\"potentialAction\":[{\"@type\":\"ReadAction\",\"target\":[\"http:\/\/pq19.institutdelteatre.cat\/es\/seccion-paises-y-regiones\/prospective-actions-catalunya-2004-2018\/\"]}]},{\"@type\":\"BreadcrumbList\",\"@id\":\"http:\/\/pq19.institutdelteatre.cat\/es\/seccion-paises-y-regiones\/prospective-actions-catalunya-2004-2018\/#breadcrumb\",\"itemListElement\":[{\"@type\":\"ListItem\",\"position\":1,\"item\":{\"@type\":\"WebPage\",\"@id\":\"http:\/\/pq19.institutdelteatre.cat\/\",\"url\":\"http:\/\/pq19.institutdelteatre.cat\/\",\"name\":\"Inicio\"}},{\"@type\":\"ListItem\",\"position\":2,\"item\":{\"@type\":\"WebPage\",\"@id\":\"http:\/\/pq19.institutdelteatre.cat\/seccio-paisos-i-regions\/\",\"url\":\"http:\/\/pq19.institutdelteatre.cat\/seccio-paisos-i-regions\/\",\"name\":\"Secci\\u00f3 PA\\u00cfSOS I REGIONS\"}},{\"@type\":\"ListItem\",\"position\":3,\"item\":{\"@type\":\"WebPage\",\"@id\":\"http:\/\/pq19.institutdelteatre.cat\/es\/seccion-paises-y-regiones\/prospective-actions-catalunya-2004-2018\/\",\"url\":\"http:\/\/pq19.institutdelteatre.cat\/es\/seccion-paises-y-regiones\/prospective-actions-catalunya-2004-2018\/\",\"name\":\"PROSPECTIVE ACTIONS (Catalunya 2004-2018)\"}}]}]}<\/script>\n<!-- \/ Yoast SEO plugin. -->","_links":{"self":[{"href":"https:\/\/pq19.institutdelteatre.cat\/es\/wp-json\/wp\/v2\/pages\/348"}],"collection":[{"href":"https:\/\/pq19.institutdelteatre.cat\/es\/wp-json\/wp\/v2\/pages"}],"about":[{"href":"https:\/\/pq19.institutdelteatre.cat\/es\/wp-json\/wp\/v2\/types\/page"}],"author":[{"embeddable":true,"href":"https:\/\/pq19.institutdelteatre.cat\/es\/wp-json\/wp\/v2\/users\/1"}],"replies":[{"embeddable":true,"href":"https:\/\/pq19.institutdelteatre.cat\/es\/wp-json\/wp\/v2\/comments?post=348"}],"version-history":[{"count":14,"href":"https:\/\/pq19.institutdelteatre.cat\/es\/wp-json\/wp\/v2\/pages\/348\/revisions"}],"predecessor-version":[{"id":1679,"href":"https:\/\/pq19.institutdelteatre.cat\/es\/wp-json\/wp\/v2\/pages\/348\/revisions\/1679"}],"up":[{"embeddable":true,"href":"https:\/\/pq19.institutdelteatre.cat\/es\/wp-json\/wp\/v2\/pages\/184"}],"wp:featuredmedia":[{"embeddable":true,"href":"https:\/\/pq19.institutdelteatre.cat\/es\/wp-json\/wp\/v2\/media\/1594"}],"wp:attachment":[{"href":"https:\/\/pq19.institutdelteatre.cat\/es\/wp-json\/wp\/v2\/media?parent=348"}],"curies":[{"name":"wp","href":"https:\/\/api.w.org\/{rel}","templated":true}]}}