


















{"id":403,"date":"2018-12-04T14:17:38","date_gmt":"2018-12-04T12:17:38","guid":{"rendered":"http:\/\/pq19.institutdelteatre.cat\/?page_id=403"},"modified":"2020-03-03T14:09:48","modified_gmt":"2020-03-03T12:09:48","slug":"silvia-delagneau","status":"publish","type":"page","link":"https:\/\/pq19.institutdelteatre.cat\/es\/seccion-paises-y-regiones\/escenografas-participantes\/silvia-delagneau\/","title":{"rendered":"S\u00cdLVIA DELAGNEAU"},"content":{"rendered":"<p>Salamanca, 1981.<\/p>\n<p>Soy licenciada en Escenograf\u00eda por el Institut del Teatre de Barcelona. Tambi\u00e9n me he formado como escen\u00f3grafa en la E\u0301cole Sup\u00e9rieure des Arts De\u0301coratifs de Par\u00eds y he hecho diversos cursos de fotograf\u00eda y confecci\u00f3n en la escuela Felicidad Duce.<\/p>\n<p>Actualmente trabajo como escen\u00f3grafa, dise\u00f1adora de vestuario y creadora, en disciplinas como el teatro, las artes visuales y audiovisuales.<\/p>\n<p>En 2014 recib\u00ed el Premio Adria\u0300 Gual del Institut del Teatre, que me permiti\u00f3 presentar mi espect\u00e1culo <em>Nom\u00e9s ens vol protegir del cel<\/em> en el Festival Grec 2015.<\/p>\n<p>En los dos \u00faltimos a\u00f1os he participado como dise\u00f1adora de vestuario y escen\u00f3grafa en 12 montajes en teatros y festivales como Go\u0308teborgs Operans Danskompani (Suecia), The Royal Danish Theatre and Ballet (Dinamarca), Tanz Luzerner Theater (Suiza), Teatre Nacional de Catalunya, Teatre Lliure, Festival Grec, Teatros del Canal y Festival Temporada Alta.<\/p>\n<p>Entre los creadores con los que colaboro actualmente destacar\u00eda el trabajo como dise\u00f1adora de vestuario para el core\u00f3grafo Marcos Morau (La Veronal) en <em>Rothko Chapel<\/em> (2017, Go\u0308teborgs Operans Danskompani), <em>Pasionaria<\/em> (2018, Teatros del Canal y Festival Grec), <em>Carmen<\/em> (2018, The Royal Danish Theatre and Ballet) y <em>Orfeo ed Euridice<\/em> (2019, Tanz Luzerner Theater). Otros trabajos a destacar son la escenograf\u00eda y el vestuario para la Agrupaci\u00f3n Se\u00f1or Serrano (<em>Kingdom<\/em>, 2018, Festival Grec), Oriol Pla (<em>Travy<\/em>, 2018, Teatre Lliure), \u00c0lex Rigola (<em>Iv\u00e0nov<\/em>, 2017, Teatre Lliure) y Albert Arribas (<em>Actes obscens en espai p\u00fablic<\/em>, 2017, Teatre Nacional de Catalunya).<\/p>\n<p>Soy fundadora de la compa\u00f1\u00eda Indi Gest. Aunque en 2015 dejo de ser miembro de ella, sigo participando como parte del equipo creativo en las creaciones tanto de Jordi Oriol (<em>L\u2019Empestat<\/em>) como de Ali\u0301cia Gorina (<em>Watching Peeping Tom<\/em>), con quien colaboro habitualmente tambi\u00e9n fuera de la compa\u00f1\u00eda como en <em>Blasted<\/em> (<em>Rebentats<\/em>) (Temporada Alta 2017 y TNC 2108) y <em>D\u00e9u \u00e9s Bellesa<\/em> (2017, Teatre Malda\u0300).<\/p>","protected":false},"excerpt":{"rendered":"<p>Salamanca, 1981. Soy licenciada en Escenograf\u00eda por el Institut del Teatre de Barcelona. Tambi\u00e9n me he formado como escen\u00f3grafa en la E\u0301cole Sup\u00e9rieure des Arts De\u0301coratifs de Par\u00eds y he hecho diversos cursos de fotograf\u00eda y confecci\u00f3n en la escuela Felicidad Duce. Actualmente trabajo como escen\u00f3grafa, dise\u00f1adora de vestuario y creadora, en disciplinas como el &#8230; <a title=\"S\u00cdLVIA DELAGNEAU\" class=\"read-more\" href=\"https:\/\/pq19.institutdelteatre.cat\/es\/seccion-paises-y-regiones\/escenografas-participantes\/silvia-delagneau\/\" aria-label=\"M\u00e1s en S\u00cdLVIA DELAGNEAU\">Read more<\/a><\/p>\n","protected":false},"author":1,"featured_media":1156,"parent":331,"menu_order":3,"comment_status":"closed","ping_status":"closed","template":"","meta":[],"yoast_head":"<!-- This site is optimized with the Yoast SEO plugin v14.9 - https:\/\/yoast.com\/wordpress\/plugins\/seo\/ -->\n<title>S\u00cdLVIA DELAGNEAU - PQ19-Catalunya - INSTITUT DEL TEATRE<\/title>\n<meta name=\"robots\" content=\"index, follow, max-snippet:-1, max-image-preview:large, max-video-preview:-1\" \/>\n<link rel=\"canonical\" href=\"http:\/\/pq19.institutdelteatre.cat\/seccio-paisos-i-regions\/escenografes-participants\/silvia-delagneau\/\" \/>\n<meta property=\"og:locale\" content=\"es_ES\" \/>\n<meta property=\"og:type\" content=\"article\" \/>\n<meta property=\"og:title\" content=\"S\u00cdLVIA DELAGNEAU - PQ19-Catalunya - INSTITUT DEL TEATRE\" \/>\n<meta property=\"og:description\" content=\"Salamanca, 1981. Soy licenciada en Escenograf\u00eda por el Institut del Teatre de Barcelona. Tambi\u00e9n me he formado como escen\u00f3grafa en la E\u0301cole Sup\u00e9rieure des Arts De\u0301coratifs de Par\u00eds y he hecho diversos cursos de fotograf\u00eda y confecci\u00f3n en la escuela Felicidad Duce. Actualmente trabajo como escen\u00f3grafa, dise\u00f1adora de vestuario y creadora, en disciplinas como el ... Read more\" \/>\n<meta property=\"og:url\" content=\"http:\/\/pq19.institutdelteatre.cat\/seccio-paisos-i-regions\/escenografes-participants\/silvia-delagneau\/\" \/>\n<meta property=\"og:site_name\" content=\"PQ19-Catalunya - INSTITUT DEL TEATRE\" \/>\n<meta property=\"article:modified_time\" content=\"2020-03-03T12:09:48+00:00\" \/>\n<meta property=\"og:image\" content=\"https:\/\/pq19.institutdelteatre.cat\/wp-content\/uploads\/2.4.3.4_Foto_Portada_Delagneau.jpg\" \/>\n\t<meta property=\"og:image:width\" content=\"1280\" \/>\n\t<meta property=\"og:image:height\" content=\"853\" \/>\n<meta name=\"twitter:card\" content=\"summary_large_image\" \/>\n<script type=\"application\/ld+json\" class=\"yoast-schema-graph\">{\"@context\":\"https:\/\/schema.org\",\"@graph\":[{\"@type\":\"Organization\",\"@id\":\"https:\/\/pq19.institutdelteatre.cat\/es\/#organization\",\"name\":\"Institut del teatre\",\"url\":\"https:\/\/pq19.institutdelteatre.cat\/es\/\",\"sameAs\":[],\"logo\":{\"@type\":\"ImageObject\",\"@id\":\"https:\/\/pq19.institutdelteatre.cat\/es\/#logo\",\"inLanguage\":\"es\",\"url\":\"https:\/\/pq19.institutdelteatre.cat\/wp-content\/uploads\/2018\/10\/logo_institut-teatre.png\",\"width\":280,\"height\":69,\"caption\":\"Institut del teatre\"},\"image\":{\"@id\":\"https:\/\/pq19.institutdelteatre.cat\/es\/#logo\"}},{\"@type\":\"WebSite\",\"@id\":\"https:\/\/pq19.institutdelteatre.cat\/es\/#website\",\"url\":\"https:\/\/pq19.institutdelteatre.cat\/es\/\",\"name\":\"PQ19-Catalunya - INSTITUT DEL TEATRE\",\"description\":\"INSTITUT DEL TEATRE\",\"publisher\":{\"@id\":\"https:\/\/pq19.institutdelteatre.cat\/es\/#organization\"},\"potentialAction\":[{\"@type\":\"SearchAction\",\"target\":\"https:\/\/pq19.institutdelteatre.cat\/es\/?s={search_term_string}\",\"query-input\":\"required name=search_term_string\"}],\"inLanguage\":\"es\"},{\"@type\":\"ImageObject\",\"@id\":\"http:\/\/pq19.institutdelteatre.cat\/seccio-paisos-i-regions\/escenografes-participants\/silvia-delagneau\/#primaryimage\",\"inLanguage\":\"es\",\"url\":\"https:\/\/pq19.institutdelteatre.cat\/wp-content\/uploads\/2.4.3.4_Foto_Portada_Delagneau.jpg\",\"width\":1280,\"height\":853,\"caption\":\"\\u00a9 2019 - Equip Audiovisuals. Institut del Teatre\"},{\"@type\":\"WebPage\",\"@id\":\"http:\/\/pq19.institutdelteatre.cat\/seccio-paisos-i-regions\/escenografes-participants\/silvia-delagneau\/#webpage\",\"url\":\"http:\/\/pq19.institutdelteatre.cat\/seccio-paisos-i-regions\/escenografes-participants\/silvia-delagneau\/\",\"name\":\"S\\u00cdLVIA DELAGNEAU - PQ19-Catalunya - INSTITUT DEL TEATRE\",\"isPartOf\":{\"@id\":\"https:\/\/pq19.institutdelteatre.cat\/es\/#website\"},\"primaryImageOfPage\":{\"@id\":\"http:\/\/pq19.institutdelteatre.cat\/seccio-paisos-i-regions\/escenografes-participants\/silvia-delagneau\/#primaryimage\"},\"datePublished\":\"2018-12-04T12:17:38+00:00\",\"dateModified\":\"2020-03-03T12:09:48+00:00\",\"breadcrumb\":{\"@id\":\"http:\/\/pq19.institutdelteatre.cat\/seccio-paisos-i-regions\/escenografes-participants\/silvia-delagneau\/#breadcrumb\"},\"inLanguage\":\"es\",\"potentialAction\":[{\"@type\":\"ReadAction\",\"target\":[\"http:\/\/pq19.institutdelteatre.cat\/seccio-paisos-i-regions\/escenografes-participants\/silvia-delagneau\/\"]}]},{\"@type\":\"BreadcrumbList\",\"@id\":\"http:\/\/pq19.institutdelteatre.cat\/seccio-paisos-i-regions\/escenografes-participants\/silvia-delagneau\/#breadcrumb\",\"itemListElement\":[{\"@type\":\"ListItem\",\"position\":1,\"item\":{\"@type\":\"WebPage\",\"@id\":\"http:\/\/pq19.institutdelteatre.cat\/\",\"url\":\"http:\/\/pq19.institutdelteatre.cat\/\",\"name\":\"Inicio\"}},{\"@type\":\"ListItem\",\"position\":2,\"item\":{\"@type\":\"WebPage\",\"@id\":\"http:\/\/pq19.institutdelteatre.cat\/seccio-paisos-i-regions\/\",\"url\":\"http:\/\/pq19.institutdelteatre.cat\/seccio-paisos-i-regions\/\",\"name\":\"Secci\\u00f3 PA\\u00cfSOS I REGIONS\"}},{\"@type\":\"ListItem\",\"position\":3,\"item\":{\"@type\":\"WebPage\",\"@id\":\"http:\/\/pq19.institutdelteatre.cat\/seccio-paisos-i-regions\/escenografes-participants\/\",\"url\":\"http:\/\/pq19.institutdelteatre.cat\/seccio-paisos-i-regions\/escenografes-participants\/\",\"name\":\"ESCEN\\u00d2GRAFES PARTICIPANTS\"}},{\"@type\":\"ListItem\",\"position\":4,\"item\":{\"@type\":\"WebPage\",\"@id\":\"http:\/\/pq19.institutdelteatre.cat\/seccio-paisos-i-regions\/escenografes-participants\/silvia-delagneau\/\",\"url\":\"http:\/\/pq19.institutdelteatre.cat\/seccio-paisos-i-regions\/escenografes-participants\/silvia-delagneau\/\",\"name\":\"S\\u00cdLVIA DELAGNEAU\"}}]}]}<\/script>\n<!-- \/ Yoast SEO plugin. -->","_links":{"self":[{"href":"https:\/\/pq19.institutdelteatre.cat\/es\/wp-json\/wp\/v2\/pages\/403"}],"collection":[{"href":"https:\/\/pq19.institutdelteatre.cat\/es\/wp-json\/wp\/v2\/pages"}],"about":[{"href":"https:\/\/pq19.institutdelteatre.cat\/es\/wp-json\/wp\/v2\/types\/page"}],"author":[{"embeddable":true,"href":"https:\/\/pq19.institutdelteatre.cat\/es\/wp-json\/wp\/v2\/users\/1"}],"replies":[{"embeddable":true,"href":"https:\/\/pq19.institutdelteatre.cat\/es\/wp-json\/wp\/v2\/comments?post=403"}],"version-history":[{"count":10,"href":"https:\/\/pq19.institutdelteatre.cat\/es\/wp-json\/wp\/v2\/pages\/403\/revisions"}],"predecessor-version":[{"id":1772,"href":"https:\/\/pq19.institutdelteatre.cat\/es\/wp-json\/wp\/v2\/pages\/403\/revisions\/1772"}],"up":[{"embeddable":true,"href":"https:\/\/pq19.institutdelteatre.cat\/es\/wp-json\/wp\/v2\/pages\/331"}],"wp:featuredmedia":[{"embeddable":true,"href":"https:\/\/pq19.institutdelteatre.cat\/es\/wp-json\/wp\/v2\/media\/1156"}],"wp:attachment":[{"href":"https:\/\/pq19.institutdelteatre.cat\/es\/wp-json\/wp\/v2\/media?parent=403"}],"curies":[{"name":"wp","href":"https:\/\/api.w.org\/{rel}","templated":true}]}}