


















{"id":407,"date":"2018-12-04T14:19:44","date_gmt":"2018-12-04T12:19:44","guid":{"rendered":"http:\/\/pq19.institutdelteatre.cat\/?page_id=407"},"modified":"2020-05-05T17:08:26","modified_gmt":"2020-05-05T15:08:26","slug":"paco-azorin","status":"publish","type":"page","link":"https:\/\/pq19.institutdelteatre.cat\/es\/seccion-paises-y-regiones\/escenografas-participantes\/paco-azorin\/","title":{"rendered":"PACO AZOR\u00cdN"},"content":{"rendered":"<p>Desde 1996 ha creado m\u00e1s de 200 escenograf\u00edas y 100 dise\u00f1os de iluminaci\u00f3n con creadores como Llu\u00eds Pasqual (<em>Hamlet, La tempestad, M\u00f2bil, El caballero de Olmedo, Els fer\u00e9stecs, Quitt<\/em>), Carme Portaceli (<em>Lear, Sopa de pollastre amb ordi, Un enemic del poble, L\u2019auca del senyor Esteve<\/em>), Sergi Belbel (<em>El m\u00e8tode Gr\u00f6nholm<\/em>), V\u00edctor Ullate (<em>Samsara, Carmen, El amor brujo<\/em>), Joan Castells (<em>Ran del cam\u00ed, Ram de mar, Preversions<\/em>), Coco Com\u00edn (<em>Grease, Chicago<\/em>), Ernesto Caballero (<em>Rinoceronte, El jard\u00edn de los cerezos, Galileo Galilei, Inconsolable<\/em>), Miguel del Arco (<em>Refugio, Fuenteovejuna, Federico Hacia Lorca<\/em>); Mario Gas (<em>Cal\u00edgula, El veneno del teatro, S\u00f3crates<\/em>) en teatros como el Teatre Lliure, el Teatre Nacional de Catalunya, el Centro Dram\u00e1tico Nacional (Madrid), el Teatro Espa\u00f1ol (Madrid), los Teatres de la Generalitat Valenciana, Op\u00e9ra National de Paris (<em>Il prigioniero<\/em>), Gran Teatre del Liceu (<em>Le nozze di Figaro<\/em>), el Festival Grec, el Festival de Oto\u00f1o (Madrid) o el Teatro Arriaga (Bilbao).<\/p>\n<p>Como director de escena, ha trabajado en el Festival Shakespeare (<em>Hamlet, el dia dels assassinats<\/em>), Centro Dram\u00e1tico Nacional (<em>Escuadra hacia la muerte<\/em>), Festival de M\u00e9rida (<em>Salom\u00e9, Julio C\u00e9sar, Samson et Dalila<\/em>), Gran Teatre del Liceu (<em>Tosca, La voix humaine, Una voce in off, The monster at the maze<\/em>), Teatro de la Maestranza (<em>Con los pies en la luna, Tosa<\/em>), Festival de Peralada (<em>Otello, La Traviata<\/em>) y Macerata Opera Festival (<em>Otello<\/em>). En 2003 crea el Festival Shakespeare, \u00fanico festival en todo el Estado dedicado \u00edntegramente a la obra del autor ingl\u00e9s. Es director art\u00edstico del festival durante sus primeras cuatro ediciones.<\/p>\n<p>En el territorio de la docencia, da clases magistrales y conferencias en la Universidad Internacional de Andaluc\u00eda, Universidad de Barcelona, Universidad de Valencia, Escola Elisava, Universidad Pontificia de Medell\u00edn, Rcr Arquitectes Workshop Internacional de Escenograf\u00eda.<\/p>\n<p>Por lo que respecta al dise\u00f1o ocasional de eventos, es colaborador habitual del Ayuntamiento de Madrid (Premios Amigo, Campa\u00f1as de Navidad, director art\u00edstico de la candidatura Ol\u00edmpica de Madrid 2012), as\u00ed como de empresas como SEAT (Premios Golden Dealer).<\/p>","protected":false},"excerpt":{"rendered":"<p>Desde 1996 ha creado m\u00e1s de 200 escenograf\u00edas y 100 dise\u00f1os de iluminaci\u00f3n con creadores como Llu\u00eds Pasqual (Hamlet, La tempestad, M\u00f2bil, El caballero de Olmedo, Els fer\u00e9stecs, Quitt), Carme Portaceli (Lear, Sopa de pollastre amb ordi, Un enemic del poble, L\u2019auca del senyor Esteve), Sergi Belbel (El m\u00e8tode Gr\u00f6nholm), V\u00edctor Ullate (Samsara, Carmen, El &#8230; <a title=\"PACO AZOR\u00cdN\" class=\"read-more\" href=\"https:\/\/pq19.institutdelteatre.cat\/es\/seccion-paises-y-regiones\/escenografas-participantes\/paco-azorin\/\" aria-label=\"M\u00e1s en PACO AZOR\u00cdN\">Read more<\/a><\/p>\n","protected":false},"author":1,"featured_media":1154,"parent":331,"menu_order":1,"comment_status":"closed","ping_status":"closed","template":"","meta":[],"yoast_head":"<!-- This site is optimized with the Yoast SEO plugin v14.9 - https:\/\/yoast.com\/wordpress\/plugins\/seo\/ -->\n<title>PACO AZOR\u00cdN - PQ19-Catalunya - INSTITUT DEL TEATRE<\/title>\n<meta name=\"robots\" content=\"index, follow, max-snippet:-1, max-image-preview:large, max-video-preview:-1\" \/>\n<link rel=\"canonical\" href=\"http:\/\/pq19.institutdelteatre.cat\/seccio-paisos-i-regions\/escenografes-participants\/paco-azorin\/\" \/>\n<meta property=\"og:locale\" content=\"es_ES\" \/>\n<meta property=\"og:type\" content=\"article\" \/>\n<meta property=\"og:title\" content=\"PACO AZOR\u00cdN - PQ19-Catalunya - INSTITUT DEL TEATRE\" \/>\n<meta property=\"og:description\" content=\"Desde 1996 ha creado m\u00e1s de 200 escenograf\u00edas y 100 dise\u00f1os de iluminaci\u00f3n con creadores como Llu\u00eds Pasqual (Hamlet, La tempestad, M\u00f2bil, El caballero de Olmedo, Els fer\u00e9stecs, Quitt), Carme Portaceli (Lear, Sopa de pollastre amb ordi, Un enemic del poble, L\u2019auca del senyor Esteve), Sergi Belbel (El m\u00e8tode Gr\u00f6nholm), V\u00edctor Ullate (Samsara, Carmen, El ... Read more\" \/>\n<meta property=\"og:url\" content=\"http:\/\/pq19.institutdelteatre.cat\/seccio-paisos-i-regions\/escenografes-participants\/paco-azorin\/\" \/>\n<meta property=\"og:site_name\" content=\"PQ19-Catalunya - INSTITUT DEL TEATRE\" \/>\n<meta property=\"article:modified_time\" content=\"2020-05-05T15:08:26+00:00\" \/>\n<meta property=\"og:image\" content=\"https:\/\/pq19.institutdelteatre.cat\/wp-content\/uploads\/2.4.3.2_Foto_Portada_Azorin.jpg\" \/>\n\t<meta property=\"og:image:width\" content=\"1280\" \/>\n\t<meta property=\"og:image:height\" content=\"853\" \/>\n<meta name=\"twitter:card\" content=\"summary_large_image\" \/>\n<script type=\"application\/ld+json\" class=\"yoast-schema-graph\">{\"@context\":\"https:\/\/schema.org\",\"@graph\":[{\"@type\":\"Organization\",\"@id\":\"https:\/\/pq19.institutdelteatre.cat\/es\/#organization\",\"name\":\"Institut del teatre\",\"url\":\"https:\/\/pq19.institutdelteatre.cat\/es\/\",\"sameAs\":[],\"logo\":{\"@type\":\"ImageObject\",\"@id\":\"https:\/\/pq19.institutdelteatre.cat\/es\/#logo\",\"inLanguage\":\"es\",\"url\":\"https:\/\/pq19.institutdelteatre.cat\/wp-content\/uploads\/2018\/10\/logo_institut-teatre.png\",\"width\":280,\"height\":69,\"caption\":\"Institut del teatre\"},\"image\":{\"@id\":\"https:\/\/pq19.institutdelteatre.cat\/es\/#logo\"}},{\"@type\":\"WebSite\",\"@id\":\"https:\/\/pq19.institutdelteatre.cat\/es\/#website\",\"url\":\"https:\/\/pq19.institutdelteatre.cat\/es\/\",\"name\":\"PQ19-Catalunya - INSTITUT DEL TEATRE\",\"description\":\"INSTITUT DEL TEATRE\",\"publisher\":{\"@id\":\"https:\/\/pq19.institutdelteatre.cat\/es\/#organization\"},\"potentialAction\":[{\"@type\":\"SearchAction\",\"target\":\"https:\/\/pq19.institutdelteatre.cat\/es\/?s={search_term_string}\",\"query-input\":\"required name=search_term_string\"}],\"inLanguage\":\"es\"},{\"@type\":\"ImageObject\",\"@id\":\"http:\/\/pq19.institutdelteatre.cat\/seccio-paisos-i-regions\/escenografes-participants\/paco-azorin\/#primaryimage\",\"inLanguage\":\"es\",\"url\":\"https:\/\/pq19.institutdelteatre.cat\/wp-content\/uploads\/2.4.3.2_Foto_Portada_Azorin.jpg\",\"width\":1280,\"height\":853,\"caption\":\"\\u00a92019\"},{\"@type\":\"WebPage\",\"@id\":\"http:\/\/pq19.institutdelteatre.cat\/seccio-paisos-i-regions\/escenografes-participants\/paco-azorin\/#webpage\",\"url\":\"http:\/\/pq19.institutdelteatre.cat\/seccio-paisos-i-regions\/escenografes-participants\/paco-azorin\/\",\"name\":\"PACO AZOR\\u00cdN - PQ19-Catalunya - INSTITUT DEL TEATRE\",\"isPartOf\":{\"@id\":\"https:\/\/pq19.institutdelteatre.cat\/es\/#website\"},\"primaryImageOfPage\":{\"@id\":\"http:\/\/pq19.institutdelteatre.cat\/seccio-paisos-i-regions\/escenografes-participants\/paco-azorin\/#primaryimage\"},\"datePublished\":\"2018-12-04T12:19:44+00:00\",\"dateModified\":\"2020-05-05T15:08:26+00:00\",\"breadcrumb\":{\"@id\":\"http:\/\/pq19.institutdelteatre.cat\/seccio-paisos-i-regions\/escenografes-participants\/paco-azorin\/#breadcrumb\"},\"inLanguage\":\"es\",\"potentialAction\":[{\"@type\":\"ReadAction\",\"target\":[\"http:\/\/pq19.institutdelteatre.cat\/seccio-paisos-i-regions\/escenografes-participants\/paco-azorin\/\"]}]},{\"@type\":\"BreadcrumbList\",\"@id\":\"http:\/\/pq19.institutdelteatre.cat\/seccio-paisos-i-regions\/escenografes-participants\/paco-azorin\/#breadcrumb\",\"itemListElement\":[{\"@type\":\"ListItem\",\"position\":1,\"item\":{\"@type\":\"WebPage\",\"@id\":\"http:\/\/pq19.institutdelteatre.cat\/\",\"url\":\"http:\/\/pq19.institutdelteatre.cat\/\",\"name\":\"Inicio\"}},{\"@type\":\"ListItem\",\"position\":2,\"item\":{\"@type\":\"WebPage\",\"@id\":\"http:\/\/pq19.institutdelteatre.cat\/seccio-paisos-i-regions\/\",\"url\":\"http:\/\/pq19.institutdelteatre.cat\/seccio-paisos-i-regions\/\",\"name\":\"Secci\\u00f3 PA\\u00cfSOS I REGIONS\"}},{\"@type\":\"ListItem\",\"position\":3,\"item\":{\"@type\":\"WebPage\",\"@id\":\"http:\/\/pq19.institutdelteatre.cat\/seccio-paisos-i-regions\/escenografes-participants\/\",\"url\":\"http:\/\/pq19.institutdelteatre.cat\/seccio-paisos-i-regions\/escenografes-participants\/\",\"name\":\"ESCEN\\u00d2GRAFES PARTICIPANTS\"}},{\"@type\":\"ListItem\",\"position\":4,\"item\":{\"@type\":\"WebPage\",\"@id\":\"http:\/\/pq19.institutdelteatre.cat\/seccio-paisos-i-regions\/escenografes-participants\/paco-azorin\/\",\"url\":\"http:\/\/pq19.institutdelteatre.cat\/seccio-paisos-i-regions\/escenografes-participants\/paco-azorin\/\",\"name\":\"PACO AZOR\\u00cdN\"}}]}]}<\/script>\n<!-- \/ Yoast SEO plugin. -->","_links":{"self":[{"href":"https:\/\/pq19.institutdelteatre.cat\/es\/wp-json\/wp\/v2\/pages\/407"}],"collection":[{"href":"https:\/\/pq19.institutdelteatre.cat\/es\/wp-json\/wp\/v2\/pages"}],"about":[{"href":"https:\/\/pq19.institutdelteatre.cat\/es\/wp-json\/wp\/v2\/types\/page"}],"author":[{"embeddable":true,"href":"https:\/\/pq19.institutdelteatre.cat\/es\/wp-json\/wp\/v2\/users\/1"}],"replies":[{"embeddable":true,"href":"https:\/\/pq19.institutdelteatre.cat\/es\/wp-json\/wp\/v2\/comments?post=407"}],"version-history":[{"count":14,"href":"https:\/\/pq19.institutdelteatre.cat\/es\/wp-json\/wp\/v2\/pages\/407\/revisions"}],"predecessor-version":[{"id":1809,"href":"https:\/\/pq19.institutdelteatre.cat\/es\/wp-json\/wp\/v2\/pages\/407\/revisions\/1809"}],"up":[{"embeddable":true,"href":"https:\/\/pq19.institutdelteatre.cat\/es\/wp-json\/wp\/v2\/pages\/331"}],"wp:featuredmedia":[{"embeddable":true,"href":"https:\/\/pq19.institutdelteatre.cat\/es\/wp-json\/wp\/v2\/media\/1154"}],"wp:attachment":[{"href":"https:\/\/pq19.institutdelteatre.cat\/es\/wp-json\/wp\/v2\/media?parent=407"}],"curies":[{"name":"wp","href":"https:\/\/api.w.org\/{rel}","templated":true}]}}