


















{"id":409,"date":"2018-12-04T14:20:53","date_gmt":"2018-12-04T12:20:53","guid":{"rendered":"http:\/\/pq19.institutdelteatre.cat\/?page_id=409"},"modified":"2020-05-05T16:22:16","modified_gmt":"2020-05-05T14:22:16","slug":"max-glaenzel","status":"publish","type":"page","link":"https:\/\/pq19.institutdelteatre.cat\/es\/seccion-paises-y-regiones\/escenografas-participantes\/max-glaenzel\/","title":{"rendered":"MAX GLAENZEL"},"content":{"rendered":"<p>Formado en la Escola Massana como dise\u00f1ador industrial, trabaja como escen\u00f3grafo desde 1994.Colaborador habitual de \u00c0lex Rigola, Carlota Subir\u00f3s, Marcos Morau, Sergi Belbel, Xavier Albert\u00ed yDavid Selvas, entre otros, ha estrenado sus obras en centros de producci\u00f3n como el TeatreNacional de Catalunya, Teatre Lliure, Sala Beckett, Centro Dram\u00e1tico Nacional, Schaub\u00fchne ySchauspielhaus D\u00fcsseldorf. Durante los \u00faltimos tres a\u00f1os ha trabajado con la G\u00f6teborgs OperansDanskompani, The Royal Danish Theater, Teatro Stabile del V\u00e9neto, Teatros del Canal y Mercatde les Flors.<\/p>","protected":false},"excerpt":{"rendered":"<p>Formado en la Escola Massana como dise\u00f1ador industrial, trabaja como escen\u00f3grafo desde 1994.Colaborador habitual de \u00c0lex Rigola, Carlota Subir\u00f3s, Marcos Morau, Sergi Belbel, Xavier Albert\u00ed yDavid Selvas, entre otros, ha estrenado sus obras en centros de producci\u00f3n como el TeatreNacional de Catalunya, Teatre Lliure, Sala Beckett, Centro Dram\u00e1tico Nacional, Schaub\u00fchne ySchauspielhaus D\u00fcsseldorf. Durante los \u00faltimos &#8230; <a title=\"MAX GLAENZEL\" class=\"read-more\" href=\"https:\/\/pq19.institutdelteatre.cat\/es\/seccion-paises-y-regiones\/escenografas-participantes\/max-glaenzel\/\" aria-label=\"M\u00e1s en MAX GLAENZEL\">Read more<\/a><\/p>\n","protected":false},"author":1,"featured_media":1157,"parent":331,"menu_order":4,"comment_status":"closed","ping_status":"closed","template":"","meta":[],"yoast_head":"<!-- This site is optimized with the Yoast SEO plugin v14.9 - https:\/\/yoast.com\/wordpress\/plugins\/seo\/ -->\n<title>MAX GLAENZEL - PQ19-Catalunya - INSTITUT DEL TEATRE<\/title>\n<meta name=\"robots\" content=\"index, follow, max-snippet:-1, max-image-preview:large, max-video-preview:-1\" \/>\n<link rel=\"canonical\" href=\"http:\/\/pq19.institutdelteatre.cat\/seccio-paisos-i-regions\/escenografes-participants\/max-glaenzel\/\" \/>\n<meta property=\"og:locale\" content=\"es_ES\" \/>\n<meta property=\"og:type\" content=\"article\" \/>\n<meta property=\"og:title\" content=\"MAX GLAENZEL - PQ19-Catalunya - INSTITUT DEL TEATRE\" \/>\n<meta property=\"og:description\" content=\"Formado en la Escola Massana como dise\u00f1ador industrial, trabaja como escen\u00f3grafo desde 1994.Colaborador habitual de \u00c0lex Rigola, Carlota Subir\u00f3s, Marcos Morau, Sergi Belbel, Xavier Albert\u00ed yDavid Selvas, entre otros, ha estrenado sus obras en centros de producci\u00f3n como el TeatreNacional de Catalunya, Teatre Lliure, Sala Beckett, Centro Dram\u00e1tico Nacional, Schaub\u00fchne ySchauspielhaus D\u00fcsseldorf. Durante los \u00faltimos ... Read more\" \/>\n<meta property=\"og:url\" content=\"http:\/\/pq19.institutdelteatre.cat\/seccio-paisos-i-regions\/escenografes-participants\/max-glaenzel\/\" \/>\n<meta property=\"og:site_name\" content=\"PQ19-Catalunya - INSTITUT DEL TEATRE\" \/>\n<meta property=\"article:modified_time\" content=\"2020-05-05T14:22:16+00:00\" \/>\n<meta property=\"og:image\" content=\"https:\/\/pq19.institutdelteatre.cat\/wp-content\/uploads\/2.4.3.5_Foto_Portada_Glaenzel.jpg\" \/>\n\t<meta property=\"og:image:width\" content=\"1280\" \/>\n\t<meta property=\"og:image:height\" content=\"853\" \/>\n<meta name=\"twitter:card\" content=\"summary_large_image\" \/>\n<script type=\"application\/ld+json\" class=\"yoast-schema-graph\">{\"@context\":\"https:\/\/schema.org\",\"@graph\":[{\"@type\":\"Organization\",\"@id\":\"https:\/\/pq19.institutdelteatre.cat\/es\/#organization\",\"name\":\"Institut del teatre\",\"url\":\"https:\/\/pq19.institutdelteatre.cat\/es\/\",\"sameAs\":[],\"logo\":{\"@type\":\"ImageObject\",\"@id\":\"https:\/\/pq19.institutdelteatre.cat\/es\/#logo\",\"inLanguage\":\"es\",\"url\":\"https:\/\/pq19.institutdelteatre.cat\/wp-content\/uploads\/2018\/10\/logo_institut-teatre.png\",\"width\":280,\"height\":69,\"caption\":\"Institut del teatre\"},\"image\":{\"@id\":\"https:\/\/pq19.institutdelteatre.cat\/es\/#logo\"}},{\"@type\":\"WebSite\",\"@id\":\"https:\/\/pq19.institutdelteatre.cat\/es\/#website\",\"url\":\"https:\/\/pq19.institutdelteatre.cat\/es\/\",\"name\":\"PQ19-Catalunya - INSTITUT DEL TEATRE\",\"description\":\"INSTITUT DEL TEATRE\",\"publisher\":{\"@id\":\"https:\/\/pq19.institutdelteatre.cat\/es\/#organization\"},\"potentialAction\":[{\"@type\":\"SearchAction\",\"target\":\"https:\/\/pq19.institutdelteatre.cat\/es\/?s={search_term_string}\",\"query-input\":\"required name=search_term_string\"}],\"inLanguage\":\"es\"},{\"@type\":\"ImageObject\",\"@id\":\"http:\/\/pq19.institutdelteatre.cat\/seccio-paisos-i-regions\/escenografes-participants\/max-glaenzel\/#primaryimage\",\"inLanguage\":\"es\",\"url\":\"https:\/\/pq19.institutdelteatre.cat\/wp-content\/uploads\/2.4.3.5_Foto_Portada_Glaenzel.jpg\",\"width\":1280,\"height\":853,\"caption\":\"\\u00a9 2019 - Equip Audiovisuals. Institut del Teatre\"},{\"@type\":\"WebPage\",\"@id\":\"http:\/\/pq19.institutdelteatre.cat\/seccio-paisos-i-regions\/escenografes-participants\/max-glaenzel\/#webpage\",\"url\":\"http:\/\/pq19.institutdelteatre.cat\/seccio-paisos-i-regions\/escenografes-participants\/max-glaenzel\/\",\"name\":\"MAX GLAENZEL - PQ19-Catalunya - INSTITUT DEL TEATRE\",\"isPartOf\":{\"@id\":\"https:\/\/pq19.institutdelteatre.cat\/es\/#website\"},\"primaryImageOfPage\":{\"@id\":\"http:\/\/pq19.institutdelteatre.cat\/seccio-paisos-i-regions\/escenografes-participants\/max-glaenzel\/#primaryimage\"},\"datePublished\":\"2018-12-04T12:20:53+00:00\",\"dateModified\":\"2020-05-05T14:22:16+00:00\",\"breadcrumb\":{\"@id\":\"http:\/\/pq19.institutdelteatre.cat\/seccio-paisos-i-regions\/escenografes-participants\/max-glaenzel\/#breadcrumb\"},\"inLanguage\":\"es\",\"potentialAction\":[{\"@type\":\"ReadAction\",\"target\":[\"http:\/\/pq19.institutdelteatre.cat\/seccio-paisos-i-regions\/escenografes-participants\/max-glaenzel\/\"]}]},{\"@type\":\"BreadcrumbList\",\"@id\":\"http:\/\/pq19.institutdelteatre.cat\/seccio-paisos-i-regions\/escenografes-participants\/max-glaenzel\/#breadcrumb\",\"itemListElement\":[{\"@type\":\"ListItem\",\"position\":1,\"item\":{\"@type\":\"WebPage\",\"@id\":\"http:\/\/pq19.institutdelteatre.cat\/\",\"url\":\"http:\/\/pq19.institutdelteatre.cat\/\",\"name\":\"Inicio\"}},{\"@type\":\"ListItem\",\"position\":2,\"item\":{\"@type\":\"WebPage\",\"@id\":\"http:\/\/pq19.institutdelteatre.cat\/seccio-paisos-i-regions\/\",\"url\":\"http:\/\/pq19.institutdelteatre.cat\/seccio-paisos-i-regions\/\",\"name\":\"Secci\\u00f3 PA\\u00cfSOS I REGIONS\"}},{\"@type\":\"ListItem\",\"position\":3,\"item\":{\"@type\":\"WebPage\",\"@id\":\"http:\/\/pq19.institutdelteatre.cat\/seccio-paisos-i-regions\/escenografes-participants\/\",\"url\":\"http:\/\/pq19.institutdelteatre.cat\/seccio-paisos-i-regions\/escenografes-participants\/\",\"name\":\"ESCEN\\u00d2GRAFES PARTICIPANTS\"}},{\"@type\":\"ListItem\",\"position\":4,\"item\":{\"@type\":\"WebPage\",\"@id\":\"http:\/\/pq19.institutdelteatre.cat\/seccio-paisos-i-regions\/escenografes-participants\/max-glaenzel\/\",\"url\":\"http:\/\/pq19.institutdelteatre.cat\/seccio-paisos-i-regions\/escenografes-participants\/max-glaenzel\/\",\"name\":\"MAX GLAENZEL\"}}]}]}<\/script>\n<!-- \/ Yoast SEO plugin. -->","_links":{"self":[{"href":"https:\/\/pq19.institutdelteatre.cat\/es\/wp-json\/wp\/v2\/pages\/409"}],"collection":[{"href":"https:\/\/pq19.institutdelteatre.cat\/es\/wp-json\/wp\/v2\/pages"}],"about":[{"href":"https:\/\/pq19.institutdelteatre.cat\/es\/wp-json\/wp\/v2\/types\/page"}],"author":[{"embeddable":true,"href":"https:\/\/pq19.institutdelteatre.cat\/es\/wp-json\/wp\/v2\/users\/1"}],"replies":[{"embeddable":true,"href":"https:\/\/pq19.institutdelteatre.cat\/es\/wp-json\/wp\/v2\/comments?post=409"}],"version-history":[{"count":9,"href":"https:\/\/pq19.institutdelteatre.cat\/es\/wp-json\/wp\/v2\/pages\/409\/revisions"}],"predecessor-version":[{"id":1805,"href":"https:\/\/pq19.institutdelteatre.cat\/es\/wp-json\/wp\/v2\/pages\/409\/revisions\/1805"}],"up":[{"embeddable":true,"href":"https:\/\/pq19.institutdelteatre.cat\/es\/wp-json\/wp\/v2\/pages\/331"}],"wp:featuredmedia":[{"embeddable":true,"href":"https:\/\/pq19.institutdelteatre.cat\/es\/wp-json\/wp\/v2\/media\/1157"}],"wp:attachment":[{"href":"https:\/\/pq19.institutdelteatre.cat\/es\/wp-json\/wp\/v2\/media?parent=409"}],"curies":[{"name":"wp","href":"https:\/\/api.w.org\/{rel}","templated":true}]}}