


















{"id":808,"date":"2019-02-04T12:21:51","date_gmt":"2019-02-04T10:21:51","guid":{"rendered":"http:\/\/pq19.institutdelteatre.cat\/pq-talks\/els-autors\/"},"modified":"2020-05-12T19:20:28","modified_gmt":"2020-05-12T17:20:28","slug":"els-autors","status":"publish","type":"page","link":"https:\/\/pq19.institutdelteatre.cat\/es\/seccion-pq-talks\/los-autores\/","title":{"rendered":"LOS AUTORES"},"content":{"rendered":"<p><em>Catalu\u00f1a. Arte y Democracia<\/em> es una conferencia surgida de la voluntad de compartir lo que est\u00e1 pasando en Catalu\u00f1a desde finales de 2017 y c\u00f3mo est\u00e1 afectando al mundo del arte. Obligados por la situaci\u00f3n en la que vivimos, queremos cuestionar la democracia y observar el papel del arte en este contexto.<\/p>\n<p>El Institut del Teatre vivi\u00f3 de manera directa y conmovedora los hechos del 1 de octubre. El edificio fue sede electoral de los comicios y tanto nuestra comunidad como los vecinos se implicaron profundamente reivindicando y haciendo posible que se ejercieran los derechos fundamentales de los ciudadanos a expresarse y votar libremente.<\/p>\n<p>De este contexto cercano, colectivo, diverso y complejo nace la voluntad de hacer una conferencia a cuatro voces. La idea ha sido desarrollada por cuatro nombres relacionados con el mundo de la cultura, y en particular con las artes esc\u00e9nicas. Adem\u00e1s se ha pedido la colaboraci\u00f3n de diversos profesionales que, con sus opiniones y reflexiones, han aportado una visi\u00f3n plural y rica de los complejos hechos acaecidos en nuestro pa\u00eds el \u00faltimo a\u00f1o y medio.<\/p>\n<p>Desde aquel 1 de octubre y desde nuestra experiencia empieza el viaje. <strong>Magda Puyo<\/strong>, directora de escena y actual Directora General del Institut del Teatre, nos anima a crear desde la libertad absoluta por encima de censuras, amenazas o represiones.<\/p>\n<p><strong>Bibiana Puigdef\u00e0bregas<\/strong>, escen\u00f3grafa, y <strong>Marta Rafa<\/strong>, figurinista, comisarias de Catalu\u00f1a en la PQ19, introducen las reflexiones sobre el papel del arte en relaci\u00f3n a los hechos que se desencadenaron a partir del refer\u00e9ndum.<\/p>\n<p>Y <strong>Joan M. Minguet<\/strong>, cr\u00edtico e historiador de arte contempor\u00e1neo y cine, observando la actual actividad art\u00edstica en Catalu\u00f1a y la respuesta del Estado espa\u00f1ol que utiliza el poder legislativo como caballo de batalla y marco de contenci\u00f3n, apela a la necesidad de un arte cr\u00edtico, combativo y comprometido. Porque si el arte, las artes esc\u00e9nicas y la escenograf\u00eda no se entienden como un conflicto se vuelven privilegio.<\/p>","protected":false},"excerpt":{"rendered":"<p>Catalu\u00f1a. Arte y Democracia es una conferencia surgida de la voluntad de compartir lo que est\u00e1 pasando en Catalu\u00f1a desde finales de 2017 y c\u00f3mo est\u00e1 afectando al mundo del arte. Obligados por la situaci\u00f3n en la que vivimos, queremos cuestionar la democracia y observar el papel del arte en este contexto. El Institut del &#8230; <a title=\"LOS AUTORES\" class=\"read-more\" href=\"https:\/\/pq19.institutdelteatre.cat\/es\/seccion-pq-talks\/los-autores\/\" aria-label=\"M\u00e1s en LOS AUTORES\">Read more<\/a><\/p>\n","protected":false},"author":1,"featured_media":1195,"parent":339,"menu_order":1,"comment_status":"closed","ping_status":"closed","template":"","meta":[],"yoast_head":"<!-- This site is optimized with the Yoast SEO plugin v14.9 - https:\/\/yoast.com\/wordpress\/plugins\/seo\/ -->\n<title>LOS AUTORES - PQ19-Catalunya - INSTITUT DEL TEATRE<\/title>\n<meta name=\"robots\" content=\"index, follow, max-snippet:-1, max-image-preview:large, max-video-preview:-1\" \/>\n<link rel=\"canonical\" href=\"http:\/\/pq19.institutdelteatre.cat\/seccio-pq-talks\/els-autors\/\" \/>\n<meta property=\"og:locale\" content=\"es_ES\" \/>\n<meta property=\"og:type\" content=\"article\" \/>\n<meta property=\"og:title\" content=\"LOS AUTORES - PQ19-Catalunya - INSTITUT DEL TEATRE\" \/>\n<meta property=\"og:description\" content=\"Catalu\u00f1a. Arte y Democracia es una conferencia surgida de la voluntad de compartir lo que est\u00e1 pasando en Catalu\u00f1a desde finales de 2017 y c\u00f3mo est\u00e1 afectando al mundo del arte. Obligados por la situaci\u00f3n en la que vivimos, queremos cuestionar la democracia y observar el papel del arte en este contexto. El Institut del ... Read more\" \/>\n<meta property=\"og:url\" content=\"http:\/\/pq19.institutdelteatre.cat\/seccio-pq-talks\/els-autors\/\" \/>\n<meta property=\"og:site_name\" content=\"PQ19-Catalunya - INSTITUT DEL TEATRE\" \/>\n<meta property=\"article:modified_time\" content=\"2020-05-12T17:20:28+00:00\" \/>\n<meta property=\"og:image\" content=\"https:\/\/pq19.institutdelteatre.cat\/wp-content\/uploads\/2.6.2_Foto_Portada_els_autors.jpg\" \/>\n\t<meta property=\"og:image:width\" content=\"1200\" \/>\n\t<meta property=\"og:image:height\" content=\"800\" \/>\n<meta name=\"twitter:card\" content=\"summary_large_image\" \/>\n<script type=\"application\/ld+json\" class=\"yoast-schema-graph\">{\"@context\":\"https:\/\/schema.org\",\"@graph\":[{\"@type\":\"Organization\",\"@id\":\"https:\/\/pq19.institutdelteatre.cat\/es\/#organization\",\"name\":\"Institut del teatre\",\"url\":\"https:\/\/pq19.institutdelteatre.cat\/es\/\",\"sameAs\":[],\"logo\":{\"@type\":\"ImageObject\",\"@id\":\"https:\/\/pq19.institutdelteatre.cat\/es\/#logo\",\"inLanguage\":\"es\",\"url\":\"https:\/\/pq19.institutdelteatre.cat\/wp-content\/uploads\/2018\/10\/logo_institut-teatre.png\",\"width\":280,\"height\":69,\"caption\":\"Institut del teatre\"},\"image\":{\"@id\":\"https:\/\/pq19.institutdelteatre.cat\/es\/#logo\"}},{\"@type\":\"WebSite\",\"@id\":\"https:\/\/pq19.institutdelteatre.cat\/es\/#website\",\"url\":\"https:\/\/pq19.institutdelteatre.cat\/es\/\",\"name\":\"PQ19-Catalunya - INSTITUT DEL TEATRE\",\"description\":\"INSTITUT DEL TEATRE\",\"publisher\":{\"@id\":\"https:\/\/pq19.institutdelteatre.cat\/es\/#organization\"},\"potentialAction\":[{\"@type\":\"SearchAction\",\"target\":\"https:\/\/pq19.institutdelteatre.cat\/es\/?s={search_term_string}\",\"query-input\":\"required name=search_term_string\"}],\"inLanguage\":\"es\"},{\"@type\":\"ImageObject\",\"@id\":\"http:\/\/pq19.institutdelteatre.cat\/seccio-pq-talks\/els-autors\/#primaryimage\",\"inLanguage\":\"es\",\"url\":\"https:\/\/pq19.institutdelteatre.cat\/wp-content\/uploads\/2.6.2_Foto_Portada_els_autors.jpg\",\"width\":1200,\"height\":800,\"caption\":\"\\u00a9 2019 - Equip Audiovisuals. Institut del Teatre\"},{\"@type\":\"WebPage\",\"@id\":\"http:\/\/pq19.institutdelteatre.cat\/seccio-pq-talks\/els-autors\/#webpage\",\"url\":\"http:\/\/pq19.institutdelteatre.cat\/seccio-pq-talks\/els-autors\/\",\"name\":\"LOS AUTORES - PQ19-Catalunya - INSTITUT DEL TEATRE\",\"isPartOf\":{\"@id\":\"https:\/\/pq19.institutdelteatre.cat\/es\/#website\"},\"primaryImageOfPage\":{\"@id\":\"http:\/\/pq19.institutdelteatre.cat\/seccio-pq-talks\/els-autors\/#primaryimage\"},\"datePublished\":\"2019-02-04T10:21:51+00:00\",\"dateModified\":\"2020-05-12T17:20:28+00:00\",\"breadcrumb\":{\"@id\":\"http:\/\/pq19.institutdelteatre.cat\/seccio-pq-talks\/els-autors\/#breadcrumb\"},\"inLanguage\":\"es\",\"potentialAction\":[{\"@type\":\"ReadAction\",\"target\":[\"http:\/\/pq19.institutdelteatre.cat\/seccio-pq-talks\/els-autors\/\"]}]},{\"@type\":\"BreadcrumbList\",\"@id\":\"http:\/\/pq19.institutdelteatre.cat\/seccio-pq-talks\/els-autors\/#breadcrumb\",\"itemListElement\":[{\"@type\":\"ListItem\",\"position\":1,\"item\":{\"@type\":\"WebPage\",\"@id\":\"http:\/\/pq19.institutdelteatre.cat\/\",\"url\":\"http:\/\/pq19.institutdelteatre.cat\/\",\"name\":\"Inicio\"}},{\"@type\":\"ListItem\",\"position\":2,\"item\":{\"@type\":\"WebPage\",\"@id\":\"http:\/\/pq19.institutdelteatre.cat\/seccio-pq-talks\/\",\"url\":\"http:\/\/pq19.institutdelteatre.cat\/seccio-pq-talks\/\",\"name\":\"Secci\\u00f3 PQ TALKS\"}},{\"@type\":\"ListItem\",\"position\":3,\"item\":{\"@type\":\"WebPage\",\"@id\":\"http:\/\/pq19.institutdelteatre.cat\/seccio-pq-talks\/els-autors\/\",\"url\":\"http:\/\/pq19.institutdelteatre.cat\/seccio-pq-talks\/els-autors\/\",\"name\":\"ELS AUTORS\"}}]}]}<\/script>\n<!-- \/ Yoast SEO plugin. -->","_links":{"self":[{"href":"https:\/\/pq19.institutdelteatre.cat\/es\/wp-json\/wp\/v2\/pages\/808"}],"collection":[{"href":"https:\/\/pq19.institutdelteatre.cat\/es\/wp-json\/wp\/v2\/pages"}],"about":[{"href":"https:\/\/pq19.institutdelteatre.cat\/es\/wp-json\/wp\/v2\/types\/page"}],"author":[{"embeddable":true,"href":"https:\/\/pq19.institutdelteatre.cat\/es\/wp-json\/wp\/v2\/users\/1"}],"replies":[{"embeddable":true,"href":"https:\/\/pq19.institutdelteatre.cat\/es\/wp-json\/wp\/v2\/comments?post=808"}],"version-history":[{"count":13,"href":"https:\/\/pq19.institutdelteatre.cat\/es\/wp-json\/wp\/v2\/pages\/808\/revisions"}],"predecessor-version":[{"id":1817,"href":"https:\/\/pq19.institutdelteatre.cat\/es\/wp-json\/wp\/v2\/pages\/808\/revisions\/1817"}],"up":[{"embeddable":true,"href":"https:\/\/pq19.institutdelteatre.cat\/es\/wp-json\/wp\/v2\/pages\/339"}],"wp:featuredmedia":[{"embeddable":true,"href":"https:\/\/pq19.institutdelteatre.cat\/es\/wp-json\/wp\/v2\/media\/1195"}],"wp:attachment":[{"href":"https:\/\/pq19.institutdelteatre.cat\/es\/wp-json\/wp\/v2\/media?parent=808"}],"curies":[{"name":"wp","href":"https:\/\/api.w.org\/{rel}","templated":true}]}}