


















{"id":810,"date":"2019-02-04T12:23:30","date_gmt":"2019-02-04T10:23:30","guid":{"rendered":"http:\/\/pq19.institutdelteatre.cat\/pq-talks\/catalonia\/"},"modified":"2020-05-05T17:15:34","modified_gmt":"2020-05-05T15:15:34","slug":"la-conferencia-catalonia-art-and-democracy","status":"publish","type":"page","link":"https:\/\/pq19.institutdelteatre.cat\/es\/seccion-pq-talks\/cataluna-arte-y-democracia\/","title":{"rendered":"CATALU\u00d1A. Arte y Democracia"},"content":{"rendered":"<p>El 1 de octubre de 2017 marc\u00f3 un punto de inflexi\u00f3n en Catalu\u00f1a. M\u00e1s de dos millones y medio de catalanes optaron por votar en el refer\u00e9ndum de autodeterminaci\u00f3n en un acto de desobediencia civil al gobierno espa\u00f1ol. Aquel d\u00eda se convirti\u00f3 en una gran fiesta por la defensa de la libertad de expresi\u00f3n y de los derechos democr\u00e1ticos. Una fiesta emocionante e impactante que desgraciadamente se recordar\u00e1 por la dureza con la que fue reprimida por las fuerzas del Estado.<\/p>\n<p>La fil\u00f3sofa Marina Garc\u00e9s, en su ensayo <em>Nova Il\u00b7lustraci\u00f3 radical<\/em>, habla de la perfecta utop\u00eda en la que vivimos; un mundo smart lleno de habitantes idiotas en el que todo est\u00e1 perfectamente establecido y nada puede ser cuestionado. Pero, \u00bfqu\u00e9 pasa cuando el sistema se cuestiona? En Catalu\u00f1a algunos de los activistas sociales, pol\u00edticos y artistas que han defendido y actuado en consecuencia con esta actitud est\u00e1n actualmente imputados, en prisi\u00f3n o en el exilio.<\/p>\n<p>En esta situaci\u00f3n de excepcionalidad, hemos invitado a diversas personalidades del mundo art\u00edstico e intelectual de nuestro pa\u00eds para que reflexionaran al respecto hablando de conceptos como democracia, libertad de expresi\u00f3n, censura, violencia, revoluci\u00f3n o memoria.<\/p>","protected":false},"excerpt":{"rendered":"<p>El 1 de octubre de 2017 marc\u00f3 un punto de inflexi\u00f3n en Catalu\u00f1a. M\u00e1s de dos millones y medio de catalanes optaron por votar en el refer\u00e9ndum de autodeterminaci\u00f3n en un acto de desobediencia civil al gobierno espa\u00f1ol. Aquel d\u00eda se convirti\u00f3 en una gran fiesta por la defensa de la libertad de expresi\u00f3n y &#8230; <a title=\"CATALU\u00d1A. Arte y Democracia\" class=\"read-more\" href=\"https:\/\/pq19.institutdelteatre.cat\/es\/seccion-pq-talks\/cataluna-arte-y-democracia\/\" aria-label=\"M\u00e1s en CATALU\u00d1A. Arte y Democracia\">Read more<\/a><\/p>\n","protected":false},"author":1,"featured_media":1219,"parent":339,"menu_order":0,"comment_status":"closed","ping_status":"closed","template":"","meta":[],"yoast_head":"<!-- This site is optimized with the Yoast SEO plugin v14.9 - https:\/\/yoast.com\/wordpress\/plugins\/seo\/ -->\n<title>CATALU\u00d1A. Arte y Democracia - PQ19-Catalunya - INSTITUT DEL TEATRE<\/title>\n<meta name=\"robots\" content=\"index, follow, max-snippet:-1, max-image-preview:large, max-video-preview:-1\" \/>\n<link rel=\"canonical\" href=\"http:\/\/pq19.institutdelteatre.cat\/seccio-pq-talks\/catalunya-art-i-democracia\/\" \/>\n<meta property=\"og:locale\" content=\"es_ES\" \/>\n<meta property=\"og:type\" content=\"article\" \/>\n<meta property=\"og:title\" content=\"CATALU\u00d1A. Arte y Democracia - PQ19-Catalunya - INSTITUT DEL TEATRE\" \/>\n<meta property=\"og:description\" content=\"El 1 de octubre de 2017 marc\u00f3 un punto de inflexi\u00f3n en Catalu\u00f1a. M\u00e1s de dos millones y medio de catalanes optaron por votar en el refer\u00e9ndum de autodeterminaci\u00f3n en un acto de desobediencia civil al gobierno espa\u00f1ol. Aquel d\u00eda se convirti\u00f3 en una gran fiesta por la defensa de la libertad de expresi\u00f3n y ... Read more\" \/>\n<meta property=\"og:url\" content=\"http:\/\/pq19.institutdelteatre.cat\/seccio-pq-talks\/catalunya-art-i-democracia\/\" \/>\n<meta property=\"og:site_name\" content=\"PQ19-Catalunya - INSTITUT DEL TEATRE\" \/>\n<meta property=\"article:modified_time\" content=\"2020-05-05T15:15:34+00:00\" \/>\n<meta property=\"og:image\" content=\"https:\/\/pq19.institutdelteatre.cat\/wp-content\/uploads\/2.6.1_Foto_Portada_la_conferencia.jpg\" \/>\n\t<meta property=\"og:image:width\" content=\"1200\" \/>\n\t<meta property=\"og:image:height\" content=\"800\" \/>\n<meta name=\"twitter:card\" content=\"summary_large_image\" \/>\n<script type=\"application\/ld+json\" class=\"yoast-schema-graph\">{\"@context\":\"https:\/\/schema.org\",\"@graph\":[{\"@type\":\"Organization\",\"@id\":\"https:\/\/pq19.institutdelteatre.cat\/es\/#organization\",\"name\":\"Institut del teatre\",\"url\":\"https:\/\/pq19.institutdelteatre.cat\/es\/\",\"sameAs\":[],\"logo\":{\"@type\":\"ImageObject\",\"@id\":\"https:\/\/pq19.institutdelteatre.cat\/es\/#logo\",\"inLanguage\":\"es\",\"url\":\"https:\/\/pq19.institutdelteatre.cat\/wp-content\/uploads\/2018\/10\/logo_institut-teatre.png\",\"width\":280,\"height\":69,\"caption\":\"Institut del teatre\"},\"image\":{\"@id\":\"https:\/\/pq19.institutdelteatre.cat\/es\/#logo\"}},{\"@type\":\"WebSite\",\"@id\":\"https:\/\/pq19.institutdelteatre.cat\/es\/#website\",\"url\":\"https:\/\/pq19.institutdelteatre.cat\/es\/\",\"name\":\"PQ19-Catalunya - INSTITUT DEL TEATRE\",\"description\":\"INSTITUT DEL TEATRE\",\"publisher\":{\"@id\":\"https:\/\/pq19.institutdelteatre.cat\/es\/#organization\"},\"potentialAction\":[{\"@type\":\"SearchAction\",\"target\":\"https:\/\/pq19.institutdelteatre.cat\/es\/?s={search_term_string}\",\"query-input\":\"required name=search_term_string\"}],\"inLanguage\":\"es\"},{\"@type\":\"ImageObject\",\"@id\":\"http:\/\/pq19.institutdelteatre.cat\/seccio-pq-talks\/catalunya-art-i-democracia\/#primaryimage\",\"inLanguage\":\"es\",\"url\":\"https:\/\/pq19.institutdelteatre.cat\/wp-content\/uploads\/2.6.1_Foto_Portada_la_conferencia.jpg\",\"width\":1200,\"height\":800},{\"@type\":\"WebPage\",\"@id\":\"http:\/\/pq19.institutdelteatre.cat\/seccio-pq-talks\/catalunya-art-i-democracia\/#webpage\",\"url\":\"http:\/\/pq19.institutdelteatre.cat\/seccio-pq-talks\/catalunya-art-i-democracia\/\",\"name\":\"CATALU\\u00d1A. Arte y Democracia - PQ19-Catalunya - INSTITUT DEL TEATRE\",\"isPartOf\":{\"@id\":\"https:\/\/pq19.institutdelteatre.cat\/es\/#website\"},\"primaryImageOfPage\":{\"@id\":\"http:\/\/pq19.institutdelteatre.cat\/seccio-pq-talks\/catalunya-art-i-democracia\/#primaryimage\"},\"datePublished\":\"2019-02-04T10:23:30+00:00\",\"dateModified\":\"2020-05-05T15:15:34+00:00\",\"breadcrumb\":{\"@id\":\"http:\/\/pq19.institutdelteatre.cat\/seccio-pq-talks\/catalunya-art-i-democracia\/#breadcrumb\"},\"inLanguage\":\"es\",\"potentialAction\":[{\"@type\":\"ReadAction\",\"target\":[\"http:\/\/pq19.institutdelteatre.cat\/seccio-pq-talks\/catalunya-art-i-democracia\/\"]}]},{\"@type\":\"BreadcrumbList\",\"@id\":\"http:\/\/pq19.institutdelteatre.cat\/seccio-pq-talks\/catalunya-art-i-democracia\/#breadcrumb\",\"itemListElement\":[{\"@type\":\"ListItem\",\"position\":1,\"item\":{\"@type\":\"WebPage\",\"@id\":\"http:\/\/pq19.institutdelteatre.cat\/\",\"url\":\"http:\/\/pq19.institutdelteatre.cat\/\",\"name\":\"Inicio\"}},{\"@type\":\"ListItem\",\"position\":2,\"item\":{\"@type\":\"WebPage\",\"@id\":\"http:\/\/pq19.institutdelteatre.cat\/seccio-pq-talks\/\",\"url\":\"http:\/\/pq19.institutdelteatre.cat\/seccio-pq-talks\/\",\"name\":\"Secci\\u00f3 PQ TALKS\"}},{\"@type\":\"ListItem\",\"position\":3,\"item\":{\"@type\":\"WebPage\",\"@id\":\"http:\/\/pq19.institutdelteatre.cat\/seccio-pq-talks\/catalunya-art-i-democracia\/\",\"url\":\"http:\/\/pq19.institutdelteatre.cat\/seccio-pq-talks\/catalunya-art-i-democracia\/\",\"name\":\"CATALUNYA. Art i Democr\\u00e0cia\"}}]}]}<\/script>\n<!-- \/ Yoast SEO plugin. -->","_links":{"self":[{"href":"https:\/\/pq19.institutdelteatre.cat\/es\/wp-json\/wp\/v2\/pages\/810"}],"collection":[{"href":"https:\/\/pq19.institutdelteatre.cat\/es\/wp-json\/wp\/v2\/pages"}],"about":[{"href":"https:\/\/pq19.institutdelteatre.cat\/es\/wp-json\/wp\/v2\/types\/page"}],"author":[{"embeddable":true,"href":"https:\/\/pq19.institutdelteatre.cat\/es\/wp-json\/wp\/v2\/users\/1"}],"replies":[{"embeddable":true,"href":"https:\/\/pq19.institutdelteatre.cat\/es\/wp-json\/wp\/v2\/comments?post=810"}],"version-history":[{"count":12,"href":"https:\/\/pq19.institutdelteatre.cat\/es\/wp-json\/wp\/v2\/pages\/810\/revisions"}],"predecessor-version":[{"id":1816,"href":"https:\/\/pq19.institutdelteatre.cat\/es\/wp-json\/wp\/v2\/pages\/810\/revisions\/1816"}],"up":[{"embeddable":true,"href":"https:\/\/pq19.institutdelteatre.cat\/es\/wp-json\/wp\/v2\/pages\/339"}],"wp:featuredmedia":[{"embeddable":true,"href":"https:\/\/pq19.institutdelteatre.cat\/es\/wp-json\/wp\/v2\/media\/1219"}],"wp:attachment":[{"href":"https:\/\/pq19.institutdelteatre.cat\/es\/wp-json\/wp\/v2\/media?parent=810"}],"curies":[{"name":"wp","href":"https:\/\/api.w.org\/{rel}","templated":true}]}}