


















{"id":812,"date":"2019-02-04T12:25:25","date_gmt":"2019-02-04T10:25:25","guid":{"rendered":"http:\/\/pq19.institutdelteatre.cat\/pq-talks\/els-collaboradors\/"},"modified":"2020-05-05T17:16:36","modified_gmt":"2020-05-05T15:16:36","slug":"els-collaboradors","status":"publish","type":"page","link":"https:\/\/pq19.institutdelteatre.cat\/es\/seccion-pq-talks\/los-colaboradores\/","title":{"rendered":"LOS COLABORADORES"},"content":{"rendered":"<p>Hacer una cronolog\u00eda de todo lo que ha sucedido desde el 1-O a nivel art\u00edstico hubiera sido del todo inalcanzable. Por este motivo, lo que hemos querido es observar una serie de acciones desde el mundo del arte que han ido surgiendo a ra\u00edz de aquella fecha y las reacciones que ha tenido el Estado espa\u00f1ol al respecto. Sabemos que es incompleto, pero creemos que explica con creces el contexto art\u00edstico catal\u00e1n actual marcado por la falta de libertades y derechos.<\/p>\n<p>Para enriquecer este ejercicio de observaci\u00f3n y reflexi\u00f3n hemos invitado a diferentes voces del campo del arte, la cultura, el activismo social y el pensamiento. Dolors Miquel es poetisa y particip\u00f3 en las Proclamas de Libertad promovidas por el peri\u00f3dico digital Vilaweb.<\/p>\n<p><strong>Jordi Borr\u00e0s<\/strong> es fotoperiodista especializado en movimientos nacionales y de ultraderecha.<\/p>\n<p><strong>David Fern\u00e0ndez<\/strong> es periodista, activista social y miembro del colectivo art\u00edstico Ovidi4.<\/p>\n<p><strong>Pep Duran<\/strong> es escen\u00f3grafo y particip\u00f3 en la exposici\u00f3n 55 Urnas por la Libertad.<\/p>\n<p><strong>Laia Alsina Ferrer<\/strong> es dramaturga y directora de escena; con su compa\u00f1\u00eda El Martell defiende un teatro pol\u00edtico, implicado y libre.<\/p>\n<p>Y <strong>Xavier Antich<\/strong> es fil\u00f3sofo y profesor en la Universidad de Girona. Lo hemos invitado a hablar sobre conceptos como democracia, censura o autocensura y libertad de expresi\u00f3n.<\/p>\n<p>A todos ellos queremos agradecer su generosidad e implicaci\u00f3n.<\/p>","protected":false},"excerpt":{"rendered":"<p>Hacer una cronolog\u00eda de todo lo que ha sucedido desde el 1-O a nivel art\u00edstico hubiera sido del todo inalcanzable. Por este motivo, lo que hemos querido es observar una serie de acciones desde el mundo del arte que han ido surgiendo a ra\u00edz de aquella fecha y las reacciones que ha tenido el Estado &#8230; <a title=\"LOS COLABORADORES\" class=\"read-more\" href=\"https:\/\/pq19.institutdelteatre.cat\/es\/seccion-pq-talks\/los-colaboradores\/\" aria-label=\"M\u00e1s en LOS COLABORADORES\">Read more<\/a><\/p>\n","protected":false},"author":1,"featured_media":1487,"parent":339,"menu_order":2,"comment_status":"closed","ping_status":"closed","template":"","meta":[],"yoast_head":"<!-- This site is optimized with the Yoast SEO plugin v14.9 - https:\/\/yoast.com\/wordpress\/plugins\/seo\/ -->\n<title>LOS COLABORADORES - PQ19-Catalunya - INSTITUT DEL TEATRE<\/title>\n<meta name=\"robots\" content=\"index, follow, max-snippet:-1, max-image-preview:large, max-video-preview:-1\" \/>\n<link rel=\"canonical\" href=\"http:\/\/pq19.institutdelteatre.cat\/seccio-pq-talks\/els-collaboradors\/\" \/>\n<meta property=\"og:locale\" content=\"es_ES\" \/>\n<meta property=\"og:type\" content=\"article\" \/>\n<meta property=\"og:title\" content=\"LOS COLABORADORES - PQ19-Catalunya - INSTITUT DEL TEATRE\" \/>\n<meta property=\"og:description\" content=\"Hacer una cronolog\u00eda de todo lo que ha sucedido desde el 1-O a nivel art\u00edstico hubiera sido del todo inalcanzable. Por este motivo, lo que hemos querido es observar una serie de acciones desde el mundo del arte que han ido surgiendo a ra\u00edz de aquella fecha y las reacciones que ha tenido el Estado ... Read more\" \/>\n<meta property=\"og:url\" content=\"http:\/\/pq19.institutdelteatre.cat\/seccio-pq-talks\/els-collaboradors\/\" \/>\n<meta property=\"og:site_name\" content=\"PQ19-Catalunya - INSTITUT DEL TEATRE\" \/>\n<meta property=\"article:modified_time\" content=\"2020-05-05T15:16:36+00:00\" \/>\n<meta property=\"og:image\" content=\"https:\/\/pq19.institutdelteatre.cat\/wp-content\/uploads\/colaboradors-bkg1.jpg\" \/>\n\t<meta property=\"og:image:width\" content=\"1350\" \/>\n\t<meta property=\"og:image:height\" content=\"900\" \/>\n<meta name=\"twitter:card\" content=\"summary_large_image\" \/>\n<script type=\"application\/ld+json\" class=\"yoast-schema-graph\">{\"@context\":\"https:\/\/schema.org\",\"@graph\":[{\"@type\":\"Organization\",\"@id\":\"https:\/\/pq19.institutdelteatre.cat\/es\/#organization\",\"name\":\"Institut del teatre\",\"url\":\"https:\/\/pq19.institutdelteatre.cat\/es\/\",\"sameAs\":[],\"logo\":{\"@type\":\"ImageObject\",\"@id\":\"https:\/\/pq19.institutdelteatre.cat\/es\/#logo\",\"inLanguage\":\"es\",\"url\":\"https:\/\/pq19.institutdelteatre.cat\/wp-content\/uploads\/2018\/10\/logo_institut-teatre.png\",\"width\":280,\"height\":69,\"caption\":\"Institut del teatre\"},\"image\":{\"@id\":\"https:\/\/pq19.institutdelteatre.cat\/es\/#logo\"}},{\"@type\":\"WebSite\",\"@id\":\"https:\/\/pq19.institutdelteatre.cat\/es\/#website\",\"url\":\"https:\/\/pq19.institutdelteatre.cat\/es\/\",\"name\":\"PQ19-Catalunya - INSTITUT DEL TEATRE\",\"description\":\"INSTITUT DEL TEATRE\",\"publisher\":{\"@id\":\"https:\/\/pq19.institutdelteatre.cat\/es\/#organization\"},\"potentialAction\":[{\"@type\":\"SearchAction\",\"target\":\"https:\/\/pq19.institutdelteatre.cat\/es\/?s={search_term_string}\",\"query-input\":\"required name=search_term_string\"}],\"inLanguage\":\"es\"},{\"@type\":\"ImageObject\",\"@id\":\"http:\/\/pq19.institutdelteatre.cat\/seccio-pq-talks\/els-collaboradors\/#primaryimage\",\"inLanguage\":\"es\",\"url\":\"https:\/\/pq19.institutdelteatre.cat\/wp-content\/uploads\/colaboradors-bkg1.jpg\",\"width\":1350,\"height\":900,\"caption\":\"\\u00a9 2019 - Equip Audiovisuals. Institut del Teatre\"},{\"@type\":\"WebPage\",\"@id\":\"http:\/\/pq19.institutdelteatre.cat\/seccio-pq-talks\/els-collaboradors\/#webpage\",\"url\":\"http:\/\/pq19.institutdelteatre.cat\/seccio-pq-talks\/els-collaboradors\/\",\"name\":\"LOS COLABORADORES - PQ19-Catalunya - INSTITUT DEL TEATRE\",\"isPartOf\":{\"@id\":\"https:\/\/pq19.institutdelteatre.cat\/es\/#website\"},\"primaryImageOfPage\":{\"@id\":\"http:\/\/pq19.institutdelteatre.cat\/seccio-pq-talks\/els-collaboradors\/#primaryimage\"},\"datePublished\":\"2019-02-04T10:25:25+00:00\",\"dateModified\":\"2020-05-05T15:16:36+00:00\",\"breadcrumb\":{\"@id\":\"http:\/\/pq19.institutdelteatre.cat\/seccio-pq-talks\/els-collaboradors\/#breadcrumb\"},\"inLanguage\":\"es\",\"potentialAction\":[{\"@type\":\"ReadAction\",\"target\":[\"http:\/\/pq19.institutdelteatre.cat\/seccio-pq-talks\/els-collaboradors\/\"]}]},{\"@type\":\"BreadcrumbList\",\"@id\":\"http:\/\/pq19.institutdelteatre.cat\/seccio-pq-talks\/els-collaboradors\/#breadcrumb\",\"itemListElement\":[{\"@type\":\"ListItem\",\"position\":1,\"item\":{\"@type\":\"WebPage\",\"@id\":\"http:\/\/pq19.institutdelteatre.cat\/\",\"url\":\"http:\/\/pq19.institutdelteatre.cat\/\",\"name\":\"Inicio\"}},{\"@type\":\"ListItem\",\"position\":2,\"item\":{\"@type\":\"WebPage\",\"@id\":\"http:\/\/pq19.institutdelteatre.cat\/seccio-pq-talks\/\",\"url\":\"http:\/\/pq19.institutdelteatre.cat\/seccio-pq-talks\/\",\"name\":\"Secci\\u00f3 PQ TALKS\"}},{\"@type\":\"ListItem\",\"position\":3,\"item\":{\"@type\":\"WebPage\",\"@id\":\"http:\/\/pq19.institutdelteatre.cat\/seccio-pq-talks\/els-collaboradors\/\",\"url\":\"http:\/\/pq19.institutdelteatre.cat\/seccio-pq-talks\/els-collaboradors\/\",\"name\":\"ELS COL\\u00b7LABORADORS\"}}]}]}<\/script>\n<!-- \/ Yoast SEO plugin. -->","_links":{"self":[{"href":"https:\/\/pq19.institutdelteatre.cat\/es\/wp-json\/wp\/v2\/pages\/812"}],"collection":[{"href":"https:\/\/pq19.institutdelteatre.cat\/es\/wp-json\/wp\/v2\/pages"}],"about":[{"href":"https:\/\/pq19.institutdelteatre.cat\/es\/wp-json\/wp\/v2\/types\/page"}],"author":[{"embeddable":true,"href":"https:\/\/pq19.institutdelteatre.cat\/es\/wp-json\/wp\/v2\/users\/1"}],"replies":[{"embeddable":true,"href":"https:\/\/pq19.institutdelteatre.cat\/es\/wp-json\/wp\/v2\/comments?post=812"}],"version-history":[{"count":12,"href":"https:\/\/pq19.institutdelteatre.cat\/es\/wp-json\/wp\/v2\/pages\/812\/revisions"}],"predecessor-version":[{"id":1818,"href":"https:\/\/pq19.institutdelteatre.cat\/es\/wp-json\/wp\/v2\/pages\/812\/revisions\/1818"}],"up":[{"embeddable":true,"href":"https:\/\/pq19.institutdelteatre.cat\/es\/wp-json\/wp\/v2\/pages\/339"}],"wp:featuredmedia":[{"embeddable":true,"href":"https:\/\/pq19.institutdelteatre.cat\/es\/wp-json\/wp\/v2\/media\/1487"}],"wp:attachment":[{"href":"https:\/\/pq19.institutdelteatre.cat\/es\/wp-json\/wp\/v2\/media?parent=812"}],"curies":[{"name":"wp","href":"https:\/\/api.w.org\/{rel}","templated":true}]}}