


















{"id":817,"date":"2019-02-04T12:34:21","date_gmt":"2019-02-04T10:34:21","guid":{"rendered":"http:\/\/pq19.institutdelteatre.cat\/seccio-estudiants\/els-autors-de-theaomai\/"},"modified":"2020-05-13T09:30:11","modified_gmt":"2020-05-13T07:30:11","slug":"els-autors-de-theaomai","status":"publish","type":"page","link":"https:\/\/pq19.institutdelteatre.cat\/es\/seccion-estudiantes\/los-estudiantes-autores-de-la-instalacion\/","title":{"rendered":"LOS ESTUDIANTES AUTORES DE LA INSTALACI\u00d3N"},"content":{"rendered":"<p>Los autores de la instalaci\u00f3n <em>The\u00e1omai<\/em> son un grupo de estudiantes de cuarto curso del Institut del Teatre. <strong>Lola Belles<\/strong>, <strong>Sergi Cerdan<\/strong> y <strong>Sara Espinosa<\/strong> son estudiantes de Escenograf\u00eda y <strong>Lluc Ubach<\/strong> es estudiante de Direcci\u00f3n y Dramaturgia. Se conocieron en la escuela compartiendo asignaturas y pr\u00e1cticas esc\u00e9nicas.<\/p>\n<p>Los cuatro tienen otras formaciones de tipo muy diverso. Sara y Sergi son m\u00fasicos, Lola es dise\u00f1adora y Lluc ilustrador. Desde esta variedad de perfiles comparten un mismo modo de entender el teatro; un terreno en el que los procesos de creaci\u00f3n no est\u00e1n compartimentados, en el que el l\u00edmite del lenguaje que exploran es solo el l\u00edmite de su universo teatral en constante proceso de descubrimiento.<\/p>\n<p>M\u00e1s all\u00e1 de los proyectos curriculares comparten inquietudes art\u00edsticas y reflexiones que han podido experimentar en proyectos propios extraacad\u00e9micos que les van dando una voz distintiva como grupo de creaci\u00f3n. Con anterioridad a esta participaci\u00f3n en la Cuadrienal de Praga, el colectivo cre\u00f3 <em>Dramat\u00fargies de l\u2019ull compost<\/em>, una instalaci\u00f3n basada en la novela Das <em>Schloss<\/em> de Kafka.<\/p>","protected":false},"excerpt":{"rendered":"<p>Los autores de la instalaci\u00f3n The\u00e1omai son un grupo de estudiantes de cuarto curso del Institut del Teatre. Lola Belles, Sergi Cerdan y Sara Espinosa son estudiantes de Escenograf\u00eda y Lluc Ubach es estudiante de Direcci\u00f3n y Dramaturgia. Se conocieron en la escuela compartiendo asignaturas y pr\u00e1cticas esc\u00e9nicas. Los cuatro tienen otras formaciones de tipo &#8230; <a title=\"LOS ESTUDIANTES AUTORES DE LA INSTALACI\u00d3N\" class=\"read-more\" href=\"https:\/\/pq19.institutdelteatre.cat\/es\/seccion-estudiantes\/los-estudiantes-autores-de-la-instalacion\/\" aria-label=\"M\u00e1s en LOS ESTUDIANTES AUTORES DE LA INSTALACI\u00d3N\">Read more<\/a><\/p>\n","protected":false},"author":1,"featured_media":1746,"parent":337,"menu_order":1,"comment_status":"closed","ping_status":"closed","template":"","meta":[],"yoast_head":"<!-- This site is optimized with the Yoast SEO plugin v14.9 - https:\/\/yoast.com\/wordpress\/plugins\/seo\/ -->\n<title>LOS ESTUDIANTES AUTORES DE LA INSTALACI\u00d3N - PQ19-Catalunya - INSTITUT DEL TEATRE<\/title>\n<meta name=\"robots\" content=\"index, follow, max-snippet:-1, max-image-preview:large, max-video-preview:-1\" \/>\n<link rel=\"canonical\" href=\"http:\/\/pq19.institutdelteatre.cat\/seccio-estudiants\/els-estudiants-autors-de-la-installacio\/\" \/>\n<meta property=\"og:locale\" content=\"es_ES\" \/>\n<meta property=\"og:type\" content=\"article\" \/>\n<meta property=\"og:title\" content=\"LOS ESTUDIANTES AUTORES DE LA INSTALACI\u00d3N - PQ19-Catalunya - INSTITUT DEL TEATRE\" \/>\n<meta property=\"og:description\" content=\"Los autores de la instalaci\u00f3n The\u00e1omai son un grupo de estudiantes de cuarto curso del Institut del Teatre. Lola Belles, Sergi Cerdan y Sara Espinosa son estudiantes de Escenograf\u00eda y Lluc Ubach es estudiante de Direcci\u00f3n y Dramaturgia. Se conocieron en la escuela compartiendo asignaturas y pr\u00e1cticas esc\u00e9nicas. Los cuatro tienen otras formaciones de tipo ... Read more\" \/>\n<meta property=\"og:url\" content=\"http:\/\/pq19.institutdelteatre.cat\/seccio-estudiants\/els-estudiants-autors-de-la-installacio\/\" \/>\n<meta property=\"og:site_name\" content=\"PQ19-Catalunya - INSTITUT DEL TEATRE\" \/>\n<meta property=\"article:modified_time\" content=\"2020-05-13T07:30:11+00:00\" \/>\n<meta property=\"og:image\" content=\"https:\/\/pq19.institutdelteatre.cat\/wp-content\/uploads\/theoamai_bkg.jpg\" \/>\n\t<meta property=\"og:image:width\" content=\"1350\" \/>\n\t<meta property=\"og:image:height\" content=\"900\" \/>\n<meta name=\"twitter:card\" content=\"summary_large_image\" \/>\n<script type=\"application\/ld+json\" class=\"yoast-schema-graph\">{\"@context\":\"https:\/\/schema.org\",\"@graph\":[{\"@type\":\"Organization\",\"@id\":\"https:\/\/pq19.institutdelteatre.cat\/es\/#organization\",\"name\":\"Institut del teatre\",\"url\":\"https:\/\/pq19.institutdelteatre.cat\/es\/\",\"sameAs\":[],\"logo\":{\"@type\":\"ImageObject\",\"@id\":\"https:\/\/pq19.institutdelteatre.cat\/es\/#logo\",\"inLanguage\":\"es\",\"url\":\"https:\/\/pq19.institutdelteatre.cat\/wp-content\/uploads\/2018\/10\/logo_institut-teatre.png\",\"width\":280,\"height\":69,\"caption\":\"Institut del teatre\"},\"image\":{\"@id\":\"https:\/\/pq19.institutdelteatre.cat\/es\/#logo\"}},{\"@type\":\"WebSite\",\"@id\":\"https:\/\/pq19.institutdelteatre.cat\/es\/#website\",\"url\":\"https:\/\/pq19.institutdelteatre.cat\/es\/\",\"name\":\"PQ19-Catalunya - INSTITUT DEL TEATRE\",\"description\":\"INSTITUT DEL TEATRE\",\"publisher\":{\"@id\":\"https:\/\/pq19.institutdelteatre.cat\/es\/#organization\"},\"potentialAction\":[{\"@type\":\"SearchAction\",\"target\":\"https:\/\/pq19.institutdelteatre.cat\/es\/?s={search_term_string}\",\"query-input\":\"required name=search_term_string\"}],\"inLanguage\":\"es\"},{\"@type\":\"ImageObject\",\"@id\":\"http:\/\/pq19.institutdelteatre.cat\/seccio-estudiants\/els-estudiants-autors-de-la-installacio\/#primaryimage\",\"inLanguage\":\"es\",\"url\":\"https:\/\/pq19.institutdelteatre.cat\/wp-content\/uploads\/theoamai_bkg.jpg\",\"width\":1350,\"height\":900},{\"@type\":\"WebPage\",\"@id\":\"http:\/\/pq19.institutdelteatre.cat\/seccio-estudiants\/els-estudiants-autors-de-la-installacio\/#webpage\",\"url\":\"http:\/\/pq19.institutdelteatre.cat\/seccio-estudiants\/els-estudiants-autors-de-la-installacio\/\",\"name\":\"LOS ESTUDIANTES AUTORES DE LA INSTALACI\\u00d3N - PQ19-Catalunya - INSTITUT DEL TEATRE\",\"isPartOf\":{\"@id\":\"https:\/\/pq19.institutdelteatre.cat\/es\/#website\"},\"primaryImageOfPage\":{\"@id\":\"http:\/\/pq19.institutdelteatre.cat\/seccio-estudiants\/els-estudiants-autors-de-la-installacio\/#primaryimage\"},\"datePublished\":\"2019-02-04T10:34:21+00:00\",\"dateModified\":\"2020-05-13T07:30:11+00:00\",\"breadcrumb\":{\"@id\":\"http:\/\/pq19.institutdelteatre.cat\/seccio-estudiants\/els-estudiants-autors-de-la-installacio\/#breadcrumb\"},\"inLanguage\":\"es\",\"potentialAction\":[{\"@type\":\"ReadAction\",\"target\":[\"http:\/\/pq19.institutdelteatre.cat\/seccio-estudiants\/els-estudiants-autors-de-la-installacio\/\"]}]},{\"@type\":\"BreadcrumbList\",\"@id\":\"http:\/\/pq19.institutdelteatre.cat\/seccio-estudiants\/els-estudiants-autors-de-la-installacio\/#breadcrumb\",\"itemListElement\":[{\"@type\":\"ListItem\",\"position\":1,\"item\":{\"@type\":\"WebPage\",\"@id\":\"http:\/\/pq19.institutdelteatre.cat\/\",\"url\":\"http:\/\/pq19.institutdelteatre.cat\/\",\"name\":\"Inicio\"}},{\"@type\":\"ListItem\",\"position\":2,\"item\":{\"@type\":\"WebPage\",\"@id\":\"http:\/\/pq19.institutdelteatre.cat\/seccio-estudiants\/\",\"url\":\"http:\/\/pq19.institutdelteatre.cat\/seccio-estudiants\/\",\"name\":\"Secci\\u00f3 ESTUDIANTS\"}},{\"@type\":\"ListItem\",\"position\":3,\"item\":{\"@type\":\"WebPage\",\"@id\":\"http:\/\/pq19.institutdelteatre.cat\/seccio-estudiants\/els-estudiants-autors-de-la-installacio\/\",\"url\":\"http:\/\/pq19.institutdelteatre.cat\/seccio-estudiants\/els-estudiants-autors-de-la-installacio\/\",\"name\":\"ELS ESTUDIANTS AUTORS DE LA INSTAL\\u00b7LACI\\u00d3\"}}]}]}<\/script>\n<!-- \/ Yoast SEO plugin. -->","_links":{"self":[{"href":"https:\/\/pq19.institutdelteatre.cat\/es\/wp-json\/wp\/v2\/pages\/817"}],"collection":[{"href":"https:\/\/pq19.institutdelteatre.cat\/es\/wp-json\/wp\/v2\/pages"}],"about":[{"href":"https:\/\/pq19.institutdelteatre.cat\/es\/wp-json\/wp\/v2\/types\/page"}],"author":[{"embeddable":true,"href":"https:\/\/pq19.institutdelteatre.cat\/es\/wp-json\/wp\/v2\/users\/1"}],"replies":[{"embeddable":true,"href":"https:\/\/pq19.institutdelteatre.cat\/es\/wp-json\/wp\/v2\/comments?post=817"}],"version-history":[{"count":14,"href":"https:\/\/pq19.institutdelteatre.cat\/es\/wp-json\/wp\/v2\/pages\/817\/revisions"}],"predecessor-version":[{"id":1836,"href":"https:\/\/pq19.institutdelteatre.cat\/es\/wp-json\/wp\/v2\/pages\/817\/revisions\/1836"}],"up":[{"embeddable":true,"href":"https:\/\/pq19.institutdelteatre.cat\/es\/wp-json\/wp\/v2\/pages\/337"}],"wp:featuredmedia":[{"embeddable":true,"href":"https:\/\/pq19.institutdelteatre.cat\/es\/wp-json\/wp\/v2\/media\/1746"}],"wp:attachment":[{"href":"https:\/\/pq19.institutdelteatre.cat\/es\/wp-json\/wp\/v2\/media?parent=817"}],"curies":[{"name":"wp","href":"https:\/\/api.w.org\/{rel}","templated":true}]}}