


















{"id":865,"date":"2019-02-12T19:17:24","date_gmt":"2019-02-12T17:17:24","guid":{"rendered":"http:\/\/pq19.institutdelteatre.cat\/?page_id=865"},"modified":"2020-05-05T17:05:57","modified_gmt":"2020-05-05T15:05:57","slug":"proleg","status":"publish","type":"page","link":"https:\/\/pq19.institutdelteatre.cat\/es\/prologo\/","title":{"rendered":"Pr\u00f3logo"},"content":{"rendered":"<p>Fundado en 1913, el Institut del Teatre de Barcelona (IT) ha sido determinante en la modernizaci\u00f3n de la escena catalana. Se ha adaptado permanentemente a las demandas de la sociedad, ha asumido o impulsado nuevas tendencias esc\u00e9nicas y ha incidido en la renovaci\u00f3n de las metodolog\u00edas pedag\u00f3gicas relacionadas con el arte del teatro y de la danza.<\/p>\n<p>Para llevar a cabo esta misi\u00f3n, el IT se ha ocupado \u2013y a\u00fan se ocupa\u2013 de un amplio abanico de disciplinas conectadas entre s\u00ed: desde la escenograf\u00eda a la coreograf\u00eda, pasando por la pedagog\u00eda de la danza o los estudios t\u00e9cnicos del espect\u00e1culo; desde la direcci\u00f3n esc\u00e9nica a la dramaturgia, pasando por la escritura dram\u00e1tica o la interpretaci\u00f3n actoral.<\/p>\n<p>La vocaci\u00f3n del IT se extiende tambi\u00e9n a nivel internacional. Estamos convencidos de que es necesario provocar siempre la transferencia de conocimiento, la riqueza de retos art\u00edsticos y nuevas perspectivas en la docencia (siempre desde una posici\u00f3n \u00e9tica y est\u00e9tica contempor\u00e1nea). Por este motivo, participar de nuevo en la PQ nos honra y nos estimula; nos brinda la oportunidad de mostrar el trabajo de profesionales de nuestra instituci\u00f3n pero tambi\u00e9n el de los de nuestro pa\u00eds, Catalu\u00f1a. As\u00ed mismo, nos sit\u00faa en un escenario ideal para compartir experiencias, conocer propuestas y realizaciones alejadas de nuestro contexto cotidiano de trabajo y establecer complicidades de cara a proyectos futuros.<\/p>\n<p>Nuestra presencia en Praga nace del entusiasmo, la implicaci\u00f3n y el trabajo de muchas personas, dentro y fuera de nuestra instituci\u00f3n. A todas ellas, un sincero agradecimiento. Y tambi\u00e9n, de manera especial, al Institut Ramon Llull (IRL) de la Generalitat de Catalunya, cuya contribuci\u00f3n nos ha ayudado a hacer posible este sue\u00f1o.<\/p>\n<p><strong>Magda Puyo<\/strong><br \/>\n<strong>Directora General del Institut del Teatre<\/strong><\/p>","protected":false},"excerpt":{"rendered":"<p>Fundado en 1913, el Institut del Teatre de Barcelona (IT) ha sido determinante en la modernizaci\u00f3n de la escena catalana. Se ha adaptado permanentemente a las demandas de la sociedad, ha asumido o impulsado nuevas tendencias esc\u00e9nicas y ha incidido en la renovaci\u00f3n de las metodolog\u00edas pedag\u00f3gicas relacionadas con el arte del teatro y de &#8230; <a title=\"Pr\u00f3logo\" class=\"read-more\" href=\"https:\/\/pq19.institutdelteatre.cat\/es\/prologo\/\" aria-label=\"M\u00e1s en Pr\u00f3logo\">Read more<\/a><\/p>\n","protected":false},"author":1,"featured_media":1722,"parent":0,"menu_order":3,"comment_status":"closed","ping_status":"closed","template":"","meta":[],"yoast_head":"<!-- This site is optimized with the Yoast SEO plugin v14.9 - https:\/\/yoast.com\/wordpress\/plugins\/seo\/ -->\n<title>Pr\u00f3logo - PQ19-Catalunya - INSTITUT DEL TEATRE<\/title>\n<meta name=\"robots\" content=\"index, follow, max-snippet:-1, max-image-preview:large, max-video-preview:-1\" \/>\n<link rel=\"canonical\" href=\"http:\/\/pq19.institutdelteatre.cat\/proleg\/\" \/>\n<meta property=\"og:locale\" content=\"es_ES\" \/>\n<meta property=\"og:type\" content=\"article\" \/>\n<meta property=\"og:title\" content=\"Pr\u00f3logo - PQ19-Catalunya - INSTITUT DEL TEATRE\" \/>\n<meta property=\"og:description\" content=\"Fundado en 1913, el Institut del Teatre de Barcelona (IT) ha sido determinante en la modernizaci\u00f3n de la escena catalana. Se ha adaptado permanentemente a las demandas de la sociedad, ha asumido o impulsado nuevas tendencias esc\u00e9nicas y ha incidido en la renovaci\u00f3n de las metodolog\u00edas pedag\u00f3gicas relacionadas con el arte del teatro y de ... Read more\" \/>\n<meta property=\"og:url\" content=\"http:\/\/pq19.institutdelteatre.cat\/proleg\/\" \/>\n<meta property=\"og:site_name\" content=\"PQ19-Catalunya - INSTITUT DEL TEATRE\" \/>\n<meta property=\"article:modified_time\" content=\"2020-05-05T15:05:57+00:00\" \/>\n<meta property=\"og:image\" content=\"https:\/\/pq19.institutdelteatre.cat\/wp-content\/uploads\/proleg_pq_19.jpg\" \/>\n\t<meta property=\"og:image:width\" content=\"1350\" \/>\n\t<meta property=\"og:image:height\" content=\"900\" \/>\n<meta name=\"twitter:card\" content=\"summary_large_image\" \/>\n<script type=\"application\/ld+json\" class=\"yoast-schema-graph\">{\"@context\":\"https:\/\/schema.org\",\"@graph\":[{\"@type\":\"Organization\",\"@id\":\"https:\/\/pq19.institutdelteatre.cat\/es\/#organization\",\"name\":\"Institut del teatre\",\"url\":\"https:\/\/pq19.institutdelteatre.cat\/es\/\",\"sameAs\":[],\"logo\":{\"@type\":\"ImageObject\",\"@id\":\"https:\/\/pq19.institutdelteatre.cat\/es\/#logo\",\"inLanguage\":\"es\",\"url\":\"https:\/\/pq19.institutdelteatre.cat\/wp-content\/uploads\/2018\/10\/logo_institut-teatre.png\",\"width\":280,\"height\":69,\"caption\":\"Institut del teatre\"},\"image\":{\"@id\":\"https:\/\/pq19.institutdelteatre.cat\/es\/#logo\"}},{\"@type\":\"WebSite\",\"@id\":\"https:\/\/pq19.institutdelteatre.cat\/es\/#website\",\"url\":\"https:\/\/pq19.institutdelteatre.cat\/es\/\",\"name\":\"PQ19-Catalunya - INSTITUT DEL TEATRE\",\"description\":\"INSTITUT DEL TEATRE\",\"publisher\":{\"@id\":\"https:\/\/pq19.institutdelteatre.cat\/es\/#organization\"},\"potentialAction\":[{\"@type\":\"SearchAction\",\"target\":\"https:\/\/pq19.institutdelteatre.cat\/es\/?s={search_term_string}\",\"query-input\":\"required name=search_term_string\"}],\"inLanguage\":\"es\"},{\"@type\":\"ImageObject\",\"@id\":\"http:\/\/pq19.institutdelteatre.cat\/proleg\/#primaryimage\",\"inLanguage\":\"es\",\"url\":\"https:\/\/pq19.institutdelteatre.cat\/wp-content\/uploads\/proleg_pq_19.jpg\",\"width\":1350,\"height\":900,\"caption\":\"\\u00a9 2019 \\u2013 Equip Audiovisuals. Institut del Teatre\"},{\"@type\":\"WebPage\",\"@id\":\"http:\/\/pq19.institutdelteatre.cat\/proleg\/#webpage\",\"url\":\"http:\/\/pq19.institutdelteatre.cat\/proleg\/\",\"name\":\"Pr\\u00f3logo - PQ19-Catalunya - INSTITUT DEL TEATRE\",\"isPartOf\":{\"@id\":\"https:\/\/pq19.institutdelteatre.cat\/es\/#website\"},\"primaryImageOfPage\":{\"@id\":\"http:\/\/pq19.institutdelteatre.cat\/proleg\/#primaryimage\"},\"datePublished\":\"2019-02-12T17:17:24+00:00\",\"dateModified\":\"2020-05-05T15:05:57+00:00\",\"breadcrumb\":{\"@id\":\"http:\/\/pq19.institutdelteatre.cat\/proleg\/#breadcrumb\"},\"inLanguage\":\"es\",\"potentialAction\":[{\"@type\":\"ReadAction\",\"target\":[\"http:\/\/pq19.institutdelteatre.cat\/proleg\/\"]}]},{\"@type\":\"BreadcrumbList\",\"@id\":\"http:\/\/pq19.institutdelteatre.cat\/proleg\/#breadcrumb\",\"itemListElement\":[{\"@type\":\"ListItem\",\"position\":1,\"item\":{\"@type\":\"WebPage\",\"@id\":\"http:\/\/pq19.institutdelteatre.cat\/\",\"url\":\"http:\/\/pq19.institutdelteatre.cat\/\",\"name\":\"Inicio\"}},{\"@type\":\"ListItem\",\"position\":2,\"item\":{\"@type\":\"WebPage\",\"@id\":\"http:\/\/pq19.institutdelteatre.cat\/proleg\/\",\"url\":\"http:\/\/pq19.institutdelteatre.cat\/proleg\/\",\"name\":\"Pr\\u00f2leg\"}}]}]}<\/script>\n<!-- \/ Yoast SEO plugin. -->","_links":{"self":[{"href":"https:\/\/pq19.institutdelteatre.cat\/es\/wp-json\/wp\/v2\/pages\/865"}],"collection":[{"href":"https:\/\/pq19.institutdelteatre.cat\/es\/wp-json\/wp\/v2\/pages"}],"about":[{"href":"https:\/\/pq19.institutdelteatre.cat\/es\/wp-json\/wp\/v2\/types\/page"}],"author":[{"embeddable":true,"href":"https:\/\/pq19.institutdelteatre.cat\/es\/wp-json\/wp\/v2\/users\/1"}],"replies":[{"embeddable":true,"href":"https:\/\/pq19.institutdelteatre.cat\/es\/wp-json\/wp\/v2\/comments?post=865"}],"version-history":[{"count":6,"href":"https:\/\/pq19.institutdelteatre.cat\/es\/wp-json\/wp\/v2\/pages\/865\/revisions"}],"predecessor-version":[{"id":1806,"href":"https:\/\/pq19.institutdelteatre.cat\/es\/wp-json\/wp\/v2\/pages\/865\/revisions\/1806"}],"wp:featuredmedia":[{"embeddable":true,"href":"https:\/\/pq19.institutdelteatre.cat\/es\/wp-json\/wp\/v2\/media\/1722"}],"wp:attachment":[{"href":"https:\/\/pq19.institutdelteatre.cat\/es\/wp-json\/wp\/v2\/media?parent=865"}],"curies":[{"name":"wp","href":"https:\/\/api.w.org\/{rel}","templated":true}]}}