


















{"id":869,"date":"2019-02-12T19:22:01","date_gmt":"2019-02-12T17:22:01","guid":{"rendered":"http:\/\/pq19.institutdelteatre.cat\/?page_id=869"},"modified":"2020-05-05T17:06:33","modified_gmt":"2020-05-05T15:06:33","slug":"presentacio-pq19","status":"publish","type":"page","link":"https:\/\/pq19.institutdelteatre.cat\/es\/presentacion\/","title":{"rendered":"Presentaci\u00f3n"},"content":{"rendered":"<p>Estamos plenamente convencidas de que lo que da sentido al arte es su capacidad de interpretar e influenciar el mundo. Desde esta premisa nos hemos propuesto la participaci\u00f3n de Catalu\u00f1a en la Cuadrienal de Escenograf\u00eda de Praga 2019 como una nueva ocasi\u00f3n para mirar, cuestionarnos, expresarnos y compartir experiencias a trav\u00e9s de las artes esc\u00e9nicas y, concretamente, la escenograf\u00eda.<\/p>\n<p>Tres puntos clave nos han servido de gu\u00eda para este viaje. El primero, trabajar con equipos de creaci\u00f3n compuestos, adem\u00e1s de escen\u00f3grafos\/as, por otros profesionales de las artes performativas. Porque para nosotras la escenograf\u00eda no es un arte aislado, es un arte esc\u00e9nico solo posible en el encuentro de diversas miradas, lenguajes y voces. Un campo de creaci\u00f3n con l\u00edmites en cuestionamiento constante y con una permeabilidad infinita respecto a lenguajes, procesos, herramientas y conceptos. Estas caracter\u00edsticas nos han llevado a crear equipos transversales y tambi\u00e9n a pensar en p\u00fablicos heterog\u00e9neos y no especializados.<\/p>\n<p>El segundo punto tiene que ver con los formatos. Las dos secciones seguramente m\u00e1s conocidas y atractivas de la Cuadrienal son las exposiciones de Pa\u00edses y Regiones y la de Estudiantes. Pero al mismo tiempo, en tanto que exposiciones dentro del \u00e1mbito de las artes esc\u00e9nicas, y por tanto en vivo, representan un gran reto para los participantes. Porque, \u00bfqu\u00e9 sentido tiene mostrar una obra escenogr\u00e1fica sin mostrar la acci\u00f3n en vivo para la que fue pensada? Nosotras queremos evitar la exposici\u00f3n de escenograf\u00eda como una muestra de piezas de autor en la que el visitante contempla de forma distanciada la obra que se exhibe. Apostamos por generar instalaciones inmersivas en las que el p\u00fablico, a partir de la acci\u00f3n y la participaci\u00f3n, conoce el contenido expuesto de manera viva, sensorial y reflexiva.<\/p>\n<p>El \u00faltimo punto clave que marca la presencia de Catalu\u00f1a en la d\u00e9cima edici\u00f3n de la PQ es la situaci\u00f3n social y pol\u00edtica que vive nuestro pa\u00eds. El contexto de excepcionalidad al que nos llevaron los acontecimientos del 1 de octubre 2017 marca desde entonces todos los contextos de la vida en Catalu\u00f1a. Hace casi 45 a\u00f1os que Espa\u00f1a vive en democracia pero la actual persecuci\u00f3n y el encarcelamiento de pol\u00edticos, activistas y artistas por sus ideas pol\u00edticas nos obliga a hacer una revisi\u00f3n profunda para saber realmente d\u00f3nde estamos y cu\u00e1l es el futuro que deseamos. Desde el mundo del arte no podemos dejar de contribuir, como dec\u00edamos al principio, al mundo en el que vivimos, a interpretar los hechos que nos rodean y a influenciar desde la emoci\u00f3n o la reflexi\u00f3n, con el grito, con el alarido, con la risa o con el llanto.<\/p>\n<p>La PQ19 ofrece la posibilidad de participar en ella de muchas maneras gracias a las diferentes secciones que la conforman. En la edici\u00f3n de este a\u00f1o Catalu\u00f1a presenta dos exposiciones, Prospective Actions en la secci\u00f3n de Pa\u00edses y Regiones y The\u00e1omai en la secci\u00f3n de Estudiantes, y la conferencia Catalu\u00f1a. Arte y Democracia en la secci\u00f3n de PQtalks. Tambi\u00e9n acompa\u00f1amos el espect\u00e1culo Cuando las paredes hablan de N\u00faria Vila y Laura Clos \u00abClosca\u00bb.<\/p>\n<p><strong>Marta Rafa y Bibiana Puigdef\u00e0bregas<\/strong><br \/>\n<strong>Comisarias PQ19_Catalu\u00f1a<\/strong><\/p>","protected":false},"excerpt":{"rendered":"<p>Estamos plenamente convencidas de que lo que da sentido al arte es su capacidad de interpretar e influenciar el mundo. Desde esta premisa nos hemos propuesto la participaci\u00f3n de Catalu\u00f1a en la Cuadrienal de Escenograf\u00eda de Praga 2019 como una nueva ocasi\u00f3n para mirar, cuestionarnos, expresarnos y compartir experiencias a trav\u00e9s de las artes esc\u00e9nicas &#8230; <a title=\"Presentaci\u00f3n\" class=\"read-more\" href=\"https:\/\/pq19.institutdelteatre.cat\/es\/presentacion\/\" aria-label=\"M\u00e1s en Presentaci\u00f3n\">Read more<\/a><\/p>\n","protected":false},"author":1,"featured_media":1727,"parent":0,"menu_order":4,"comment_status":"closed","ping_status":"closed","template":"","meta":[],"yoast_head":"<!-- This site is optimized with the Yoast SEO plugin v14.9 - https:\/\/yoast.com\/wordpress\/plugins\/seo\/ -->\n<title>Presentaci\u00f3n - PQ19-Catalunya - INSTITUT DEL TEATRE<\/title>\n<meta name=\"robots\" content=\"index, follow, max-snippet:-1, max-image-preview:large, max-video-preview:-1\" \/>\n<link rel=\"canonical\" href=\"http:\/\/pq19.institutdelteatre.cat\/presentacio\/\" \/>\n<meta property=\"og:locale\" content=\"es_ES\" \/>\n<meta property=\"og:type\" content=\"article\" \/>\n<meta property=\"og:title\" content=\"Presentaci\u00f3n - PQ19-Catalunya - INSTITUT DEL TEATRE\" \/>\n<meta property=\"og:description\" content=\"Estamos plenamente convencidas de que lo que da sentido al arte es su capacidad de interpretar e influenciar el mundo. Desde esta premisa nos hemos propuesto la participaci\u00f3n de Catalu\u00f1a en la Cuadrienal de Escenograf\u00eda de Praga 2019 como una nueva ocasi\u00f3n para mirar, cuestionarnos, expresarnos y compartir experiencias a trav\u00e9s de las artes esc\u00e9nicas ... Read more\" \/>\n<meta property=\"og:url\" content=\"http:\/\/pq19.institutdelteatre.cat\/presentacio\/\" \/>\n<meta property=\"og:site_name\" content=\"PQ19-Catalunya - INSTITUT DEL TEATRE\" \/>\n<meta property=\"article:modified_time\" content=\"2020-05-05T15:06:33+00:00\" \/>\n<meta property=\"og:image\" content=\"https:\/\/pq19.institutdelteatre.cat\/wp-content\/uploads\/presentacio_pq_19.jpg\" \/>\n\t<meta property=\"og:image:width\" content=\"1350\" \/>\n\t<meta property=\"og:image:height\" content=\"900\" \/>\n<meta name=\"twitter:card\" content=\"summary_large_image\" \/>\n<script type=\"application\/ld+json\" class=\"yoast-schema-graph\">{\"@context\":\"https:\/\/schema.org\",\"@graph\":[{\"@type\":\"Organization\",\"@id\":\"https:\/\/pq19.institutdelteatre.cat\/es\/#organization\",\"name\":\"Institut del teatre\",\"url\":\"https:\/\/pq19.institutdelteatre.cat\/es\/\",\"sameAs\":[],\"logo\":{\"@type\":\"ImageObject\",\"@id\":\"https:\/\/pq19.institutdelteatre.cat\/es\/#logo\",\"inLanguage\":\"es\",\"url\":\"https:\/\/pq19.institutdelteatre.cat\/wp-content\/uploads\/2018\/10\/logo_institut-teatre.png\",\"width\":280,\"height\":69,\"caption\":\"Institut del teatre\"},\"image\":{\"@id\":\"https:\/\/pq19.institutdelteatre.cat\/es\/#logo\"}},{\"@type\":\"WebSite\",\"@id\":\"https:\/\/pq19.institutdelteatre.cat\/es\/#website\",\"url\":\"https:\/\/pq19.institutdelteatre.cat\/es\/\",\"name\":\"PQ19-Catalunya - INSTITUT DEL TEATRE\",\"description\":\"INSTITUT DEL TEATRE\",\"publisher\":{\"@id\":\"https:\/\/pq19.institutdelteatre.cat\/es\/#organization\"},\"potentialAction\":[{\"@type\":\"SearchAction\",\"target\":\"https:\/\/pq19.institutdelteatre.cat\/es\/?s={search_term_string}\",\"query-input\":\"required name=search_term_string\"}],\"inLanguage\":\"es\"},{\"@type\":\"ImageObject\",\"@id\":\"http:\/\/pq19.institutdelteatre.cat\/presentacio\/#primaryimage\",\"inLanguage\":\"es\",\"url\":\"https:\/\/pq19.institutdelteatre.cat\/wp-content\/uploads\/presentacio_pq_19.jpg\",\"width\":1350,\"height\":900,\"caption\":\"\\u00a9 2019 \\u2013 Equip Audiovisuals. Institut del Teatre\"},{\"@type\":\"WebPage\",\"@id\":\"http:\/\/pq19.institutdelteatre.cat\/presentacio\/#webpage\",\"url\":\"http:\/\/pq19.institutdelteatre.cat\/presentacio\/\",\"name\":\"Presentaci\\u00f3n - PQ19-Catalunya - INSTITUT DEL TEATRE\",\"isPartOf\":{\"@id\":\"https:\/\/pq19.institutdelteatre.cat\/es\/#website\"},\"primaryImageOfPage\":{\"@id\":\"http:\/\/pq19.institutdelteatre.cat\/presentacio\/#primaryimage\"},\"datePublished\":\"2019-02-12T17:22:01+00:00\",\"dateModified\":\"2020-05-05T15:06:33+00:00\",\"breadcrumb\":{\"@id\":\"http:\/\/pq19.institutdelteatre.cat\/presentacio\/#breadcrumb\"},\"inLanguage\":\"es\",\"potentialAction\":[{\"@type\":\"ReadAction\",\"target\":[\"http:\/\/pq19.institutdelteatre.cat\/presentacio\/\"]}]},{\"@type\":\"BreadcrumbList\",\"@id\":\"http:\/\/pq19.institutdelteatre.cat\/presentacio\/#breadcrumb\",\"itemListElement\":[{\"@type\":\"ListItem\",\"position\":1,\"item\":{\"@type\":\"WebPage\",\"@id\":\"http:\/\/pq19.institutdelteatre.cat\/\",\"url\":\"http:\/\/pq19.institutdelteatre.cat\/\",\"name\":\"Inicio\"}},{\"@type\":\"ListItem\",\"position\":2,\"item\":{\"@type\":\"WebPage\",\"@id\":\"http:\/\/pq19.institutdelteatre.cat\/presentacio\/\",\"url\":\"http:\/\/pq19.institutdelteatre.cat\/presentacio\/\",\"name\":\"Presentaci\\u00f3\"}}]}]}<\/script>\n<!-- \/ Yoast SEO plugin. -->","_links":{"self":[{"href":"https:\/\/pq19.institutdelteatre.cat\/es\/wp-json\/wp\/v2\/pages\/869"}],"collection":[{"href":"https:\/\/pq19.institutdelteatre.cat\/es\/wp-json\/wp\/v2\/pages"}],"about":[{"href":"https:\/\/pq19.institutdelteatre.cat\/es\/wp-json\/wp\/v2\/types\/page"}],"author":[{"embeddable":true,"href":"https:\/\/pq19.institutdelteatre.cat\/es\/wp-json\/wp\/v2\/users\/1"}],"replies":[{"embeddable":true,"href":"https:\/\/pq19.institutdelteatre.cat\/es\/wp-json\/wp\/v2\/comments?post=869"}],"version-history":[{"count":14,"href":"https:\/\/pq19.institutdelteatre.cat\/es\/wp-json\/wp\/v2\/pages\/869\/revisions"}],"predecessor-version":[{"id":1807,"href":"https:\/\/pq19.institutdelteatre.cat\/es\/wp-json\/wp\/v2\/pages\/869\/revisions\/1807"}],"wp:featuredmedia":[{"embeddable":true,"href":"https:\/\/pq19.institutdelteatre.cat\/es\/wp-json\/wp\/v2\/media\/1727"}],"wp:attachment":[{"href":"https:\/\/pq19.institutdelteatre.cat\/es\/wp-json\/wp\/v2\/media?parent=869"}],"curies":[{"name":"wp","href":"https:\/\/api.w.org\/{rel}","templated":true}]}}